{"id":62,"date":"2011-09-26T11:13:30","date_gmt":"2011-09-26T11:13:30","guid":{"rendered":"https:\/\/kylat.meitadev.fi\/kuukanniemi\/?page_id=62"},"modified":"2018-04-29T10:05:14","modified_gmt":"2018-04-29T08:35:14","slug":"hallitus","status":"publish","type":"page","link":"https:\/\/kylat.meitadev.fi\/kuukanniemi\/vanhempainyhdistys\/hallitus\/","title":{"rendered":"Hallitus"},"content":{"rendered":"<p>Kauden 2017-2018 hallitus<\/p>\n<p><a href=\"mailto:smuurikka@gmail.com\">Salme Muurikka<\/a>, puheenjohtaja<br \/>\nSari Leskinen , varapuheenjohtaja<br \/>\nHeli Kylli\u00e4inen, sihteeri<br \/>\nKatja Joronen<br \/>\nKati Matikainen<br \/>\nSalla Mielonen-Pakkanen<br \/>\nJenni Peura<br \/>\nElina Kelppe-R\u00e4s\u00e4nen<br \/>\nAnna-Liisa K\u00e4rn\u00e4<\/p>\n<p>&nbsp;<\/p>\n<p>&nbsp;<\/p>\n<p>&nbsp;<\/p>\n<p>&nbsp;<\/p>\n","protected":false},"excerpt":{"rendered":"<p>Kauden 2017-2018 hallitus Salme Muurikka, puheenjohtaja Sari Leskinen , varapuheenjohtaja Heli Kylli\u00e4inen, sihteeri Katja Joronen Kati Matikainen Salla Mielonen-Pakkanen Jenni Peura Elina Kelppe-R\u00e4s\u00e4nen Anna-Liisa K\u00e4rn\u00e4 &nbsp; &nbsp; &nbsp; &nbsp;<\/p>\n","protected":false},"author":44,"featured_media":0,"parent":22,"menu_order":0,"comment_status":"closed","ping_status":"open","template":"","meta":{"footnotes":""},"_links":{"self":[{"href":"https:\/\/kylat.meitadev.fi\/kuukanniemi\/wp-json\/wp\/v2\/pages\/62"}],"collection":[{"href":"https:\/\/kylat.meitadev.fi\/kuukanniemi\/wp-json\/wp\/v2\/pages"}],"about":[{"href":"https:\/\/kylat.meitadev.fi\/kuukanniemi\/wp-json\/wp\/v2\/types\/page"}],"author":[{"embeddable":true,"href":"https:\/\/kylat.meitadev.fi\/kuukanniemi\/wp-json\/wp\/v2\/users\/44"}],"replies":[{"embeddable":true,"href":"https:\/\/kylat.meitadev.fi\/kuukanniemi\/wp-json\/wp\/v2\/comments?post=62"}],"version-history":[{"count":18,"href":"https:\/\/kylat.meitadev.fi\/kuukanniemi\/wp-json\/wp\/v2\/pages\/62\/revisions"}],"predecessor-version":[{"id":441,"href":"https:\/\/kylat.meitadev.fi\/kuukanniemi\/wp-json\/wp\/v2\/pages\/62\/revisions\/441"}],"up":[{"embeddable":true,"href":"https:\/\/kylat.meitadev.fi\/kuukanniemi\/wp-json\/wp\/v2\/pages\/22"}],"wp:attachment":[{"href":"https:\/\/kylat.meitadev.fi\/kuukanniemi\/wp-json\/wp\/v2\/media?parent=62"}],"curies":[{"name":"wp","href":"https:\/\/api.w.org\/{rel}","templated":true}]}}