{"id":3475,"date":"2015-05-11T16:26:37","date_gmt":"2015-05-11T15:56:37","guid":{"rendered":"https:\/\/kylat.meitadev.fi\/levanen\/?page_id=3475"},"modified":"2021-07-04T11:03:00","modified_gmt":"2021-07-04T10:33:00","slug":"tulossa","status":"publish","type":"page","link":"https:\/\/kylat.meitadev.fi\/levanen\/tulossa\/","title":{"rendered":"Peltoin OK:n onkikilpailut 17.7.21"},"content":{"rendered":"<p>Julk. 4.7.21 (MM) <strong data-rich-text-format-boundary=\"true\">Peltoin yhteisten vesialueiden osakaskunnan Suur-Saimaan vesialueeen onkikilpailu<\/strong> pidet\u00e4\u00e4n lauantaina 17.7.2021 . Kilpailuaika klo 10-16. Punnitus ja palkintojen jako S\u00e4k`rannassa.<\/p>\n<p>Psta,<\/p>\n<p>Hoitokunta<\/p>\n<p>****************<\/p>\n<p>Julk. 10.12.20 (MM) Lev\u00e4sen kyl\u00e4yhdistyksen hallitus on puhelinkokouksessaan 8.12.20 p\u00e4\u00e4tt\u00e4nyt, ett\u00e4 perinteist\u00e4 uudenvuodenvastaanottoa ei valitettavasti t\u00e4n\u00e4 vuonna j\u00e4rjestet\u00e4. Syyn\u00e4 on 31.12. asti voimassa oleva suositus olla j\u00e4rjest\u00e4m\u00e4tt\u00e4 yli 20 hengen yleis\u00f6tilaisuuksia ja koronatapausten lis\u00e4\u00e4ntyminen Etel\u00e4-Karjalassakin. Yhdistys toivottaa kaikille tunnelmallista joulua sek\u00e4 hyv\u00e4\u00e4 uutta vuotta 2021!<\/p>\n<p>****************<\/p>\n<p>Kyl\u00e4yhdistyksen vuosikokous 13.8.20 klo 18<\/p>\n<p>Julk. 4.8.20 (MM) <strong>Lev\u00e4sen kyl\u00e4yhdistys ry:n vuosikokous<\/strong> j\u00e4rjestet\u00e4\u00e4n torstaina 13.8.20 klo 18 alkaen Lev\u00e4sen mets\u00e4st\u00e4jien majalla. Maja sijaitsee Suolahdentien varrella n. 200 m entisen Lev\u00e4sen koulun (nyk. Lakeside Hotel Saimaa) risteyksest\u00e4 Peltoihin p\u00e4in.<\/p>\n<p>Vuosikokouksessa k\u00e4sitell\u00e4\u00e4n normaalit vuosikokousasiat, kuten edellisen vuoden toimintakertomus ja tulevan toimintakauden suunnitelma, p\u00e4\u00e4tet\u00e4\u00e4n tili- ja vastuuvapauden my\u00f6nt\u00e4misest\u00e4 hallitukselle, valitaan uudet hallituksen j\u00e4senet erovuoroisten tilalle sek\u00e4 yhdistyksen puheenjohtaja. Tule ideoimaan ja vaikuttamaan!<\/p>\n<p>Kaikki j\u00e4senet ja asiasta kiinnostuneet ovat l\u00e4mpim\u00e4sti tervetulleita kokoukseen!<\/p>\n<p>LSKY ry:n hallitus<\/p>\n<p><strong>Peltoin osakaskunnan perinteiset onkikilpailut<\/strong> j\u00e4rjestettiin kauniissa s\u00e4\u00e4ss\u00e4 1.8.20 klo 11-15 v\u00e4lisen\u00e4 aikana Suur-Saimaalla. Kisoihin osallistui yli 30 henke\u00e4 kolmessa sarjassa: lapset alle 12v, naiset ja miehet. Lastensarjan voitti Eevi Kannelniemi, naistensarjan Sari Haapakorva ja miestensarjan Eero Toivola.<\/p>\n<h2><strong>Peltoin osakaskunnan kokoukset 14.6.20 (pidetty 14.6.20)<\/strong><\/h2>\n<p><strong>Peltoin yhteisen vesialueen osakaskunnan lopettamiskokous<\/strong> 14.06.2020 klo 16 Markku Talkalla Suolahdentie 312 54930 Lev\u00e4nen<\/p>\n<p><span style=\"font-size: large\"><b>Peltoin yhteisten vesialueiden osakaskunnan vuosikokous 2020<\/b><\/span><\/p>\n<p><span style=\"font-size: large\">14.6.2020 klo 17.00 <\/span><span style=\"font-size: large\">Markku Talkalla Suolahdentie 312 54930 Lev\u00e4nen<\/span><\/p>\n<h2>Kyl\u00e4yhdistyksen vuosikokous siirretty<\/h2>\n<h2><span style=\"color: #ff0000\">Sunnuntaiksi 22.3.20 ilmoitettu\u00a0 vuosikokous on t\u00e4n\u00e4\u00e4n 16.3.20 siirretty pidett\u00e4v\u00e4ksi my\u00f6hemmin ilmoitettavana ajankohtana. Kokousilmoitus annetaan t\u00e4ll\u00e4 sivustolla sek\u00e4 j\u00e4senille my\u00f6s spostitse sek\u00e4\/tai tekstiviestill\u00e4. Syyn\u00e4 siirt\u00e4miseen on pyrkimys v\u00e4hent\u00e4\u00e4 epidemian mahdollista levi\u00e4misriski\u00e4.<\/span><\/h2>\n<h3><\/h3>\n<h3><strong><i><span style=\"font-size: medium\">Ylim\u00e4\u00e4r\u00e4inen vuosikokous 13.9.19 klo 18 (Pidetty 13.9.19)<\/span><\/i><\/strong><\/h3>\n<h3>Lev\u00e4sen seudun kyl\u00e4yhdistys ry:n (t\u00e4ss\u00e4: LSK ry) ylim\u00e4\u00e4r\u00e4inen vuosikokous j\u00e4rjestetet\u00e4\u00e4n pe 13.9.2019 klo 18 Pauli ja Soile Mikkolalla, Rinnetie 8, Lev\u00e4nen. Kaikki Lev\u00e4sen alueen asukkaat ja asiasta kiinnostuneet ovat l\u00e4mpim\u00e4sti tervetulleita!<\/h3>\n<h4>Kokouksessa k\u00e4sitell\u00e4\u00e4n vuosikokousasiat eli mm. yhdistyksen\u00a0<strong>puheenjohtajan ja hallituksen valinta<\/strong>\u00a0sek\u00e4\u00a0<strong>toimintasuunnitelman ja talousarvion hyv\u00e4ksyminen<\/strong>. Lis\u00e4ksi p\u00e4\u00e4tet\u00e4\u00e4n\u00a0<strong>Lev\u00e4sen\u00a0 alueen kyl\u00e4toimikunnan toimintojen, varojen ja vastuiden vastaanottaminen<\/strong>.<\/h4>\n<h4>\u201dTalo tarjoaa\u201d pient\u00e4 purtavaa ja juotavaa.<\/h4>\n<p><em>LSK ry:n hallituksen p<\/em><em>uolesta sihteeri (MM)<\/em><\/p>\n","protected":false},"excerpt":{"rendered":"<p>Julk. 4.7.21 (MM) Peltoin yhteisten vesialueiden osakaskunnan Suur-Saimaan vesialueeen onkikilpailu pidet\u00e4\u00e4n lauantaina 17.7.2021 . Kilpailuaika klo 10-16. Punnitus ja palkintojen jako S\u00e4k`rannassa. Psta, Hoitokunta **************** Julk. 10.12.20 (MM) Lev\u00e4sen kyl\u00e4yhdistyksen hallitus on puhelinkokouksessaan 8.12.20 p\u00e4\u00e4tt\u00e4nyt, ett\u00e4 perinteist\u00e4 uudenvuodenvastaanottoa ei valitettavasti &hellip; <a href=\"https:\/\/kylat.meitadev.fi\/levanen\/tulossa\/\">Lue loppuun <span class=\"meta-nav\">&rarr;<\/span><\/a><\/p>\n","protected":false},"author":38,"featured_media":0,"parent":0,"menu_order":0,"comment_status":"closed","ping_status":"closed","template":"onecolumn-page.php","meta":{"footnotes":""},"_links":{"self":[{"href":"https:\/\/kylat.meitadev.fi\/levanen\/wp-json\/wp\/v2\/pages\/3475"}],"collection":[{"href":"https:\/\/kylat.meitadev.fi\/levanen\/wp-json\/wp\/v2\/pages"}],"about":[{"href":"https:\/\/kylat.meitadev.fi\/levanen\/wp-json\/wp\/v2\/types\/page"}],"author":[{"embeddable":true,"href":"https:\/\/kylat.meitadev.fi\/levanen\/wp-json\/wp\/v2\/users\/38"}],"replies":[{"embeddable":true,"href":"https:\/\/kylat.meitadev.fi\/levanen\/wp-json\/wp\/v2\/comments?post=3475"}],"version-history":[{"count":20,"href":"https:\/\/kylat.meitadev.fi\/levanen\/wp-json\/wp\/v2\/pages\/3475\/revisions"}],"predecessor-version":[{"id":4112,"href":"https:\/\/kylat.meitadev.fi\/levanen\/wp-json\/wp\/v2\/pages\/3475\/revisions\/4112"}],"wp:attachment":[{"href":"https:\/\/kylat.meitadev.fi\/levanen\/wp-json\/wp\/v2\/media?parent=3475"}],"curies":[{"name":"wp","href":"https:\/\/api.w.org\/{rel}","templated":true}]}}