{"id":4014,"date":"2020-03-18T15:12:36","date_gmt":"2020-03-18T14:42:36","guid":{"rendered":"https:\/\/kylat.meitadev.fi\/levanen\/?page_id=4014"},"modified":"2020-03-18T15:26:25","modified_gmt":"2020-03-18T14:56:25","slug":"ostetaan","status":"publish","type":"page","link":"https:\/\/kylat.meitadev.fi\/levanen\/ostetaan\/","title":{"rendered":"Ostetaan talo"},"content":{"rendered":"<p>Julkaistu 18.3.2020. Etsimme Taipalsaarelta ostotarkoituksessa taloa, johon kuuluu hevosenpitomahdollisuus. Yst\u00e4v\u00e4lliset vastaukset: Saara Hypp\u00e4nen, puh. 040-742 19 93.<\/p>\n","protected":false},"excerpt":{"rendered":"<p>Julkaistu 18.3.2020. Etsimme Taipalsaarelta ostotarkoituksessa taloa, johon kuuluu hevosenpitomahdollisuus. Yst\u00e4v\u00e4lliset vastaukset: Saara Hypp\u00e4nen, puh. 040-742 19 93.<\/p>\n","protected":false},"author":38,"featured_media":0,"parent":0,"menu_order":0,"comment_status":"closed","ping_status":"closed","template":"","meta":{"footnotes":""},"_links":{"self":[{"href":"https:\/\/kylat.meitadev.fi\/levanen\/wp-json\/wp\/v2\/pages\/4014"}],"collection":[{"href":"https:\/\/kylat.meitadev.fi\/levanen\/wp-json\/wp\/v2\/pages"}],"about":[{"href":"https:\/\/kylat.meitadev.fi\/levanen\/wp-json\/wp\/v2\/types\/page"}],"author":[{"embeddable":true,"href":"https:\/\/kylat.meitadev.fi\/levanen\/wp-json\/wp\/v2\/users\/38"}],"replies":[{"embeddable":true,"href":"https:\/\/kylat.meitadev.fi\/levanen\/wp-json\/wp\/v2\/comments?post=4014"}],"version-history":[{"count":4,"href":"https:\/\/kylat.meitadev.fi\/levanen\/wp-json\/wp\/v2\/pages\/4014\/revisions"}],"predecessor-version":[{"id":4019,"href":"https:\/\/kylat.meitadev.fi\/levanen\/wp-json\/wp\/v2\/pages\/4014\/revisions\/4019"}],"wp:attachment":[{"href":"https:\/\/kylat.meitadev.fi\/levanen\/wp-json\/wp\/v2\/media?parent=4014"}],"curies":[{"name":"wp","href":"https:\/\/api.w.org\/{rel}","templated":true}]}}