{"id":83,"date":"2012-03-28T13:31:12","date_gmt":"2012-03-28T13:01:12","guid":{"rendered":"https:\/\/kylat.meitadev.fi\/levanen\/?page_id=83"},"modified":"2020-09-13T20:04:35","modified_gmt":"2020-09-13T19:34:35","slug":"yhteystiedot","status":"publish","type":"page","link":"https:\/\/kylat.meitadev.fi\/levanen\/yhteystiedot\/","title":{"rendered":"Yhteystiedot 2019-20"},"content":{"rendered":"<p><strong><span style=\"font-size: medium\"><b>2019 kyl\u00e4yhdistyksen hallitus:<\/b><\/span><\/strong><\/p>\n<h3 class=\"western\"><span style=\"font-size: medium\">Pauli Mikkola<\/span><span style=\"font-size: medium\"> puheenjohtaja, ,<\/span><span style=\"font-size: medium\">0400-60 3167<\/span><\/h3>\n<h3 class=\"western\">Asko Saikko, <span style=\"font-size: medium\">sidosryhm\u00e4yhteydenpito, 040-5075842<\/span><\/h3>\n<h3 class=\"western\"><span style=\"font-size: medium\">Markku Talka, maastotunnelmavalaistus ja l\u00e4mmitys, 040-55 83 688<\/span><\/h3>\n<h3 class=\"western\"><span style=\"font-size: medium\">Ritva Tujula, tapahtumatarjoilu, 0400-93 3297<\/span><\/h3>\n<h3 class=\"western\"><span style=\"font-size: medium\">Kirsi Laamanen\u00a0<\/span><\/h3>\n<h3 class=\"western\"><span style=\"font-size: medium\">Pasi Laamanen<\/span><\/h3>\n<h3><strong>Hallituksen ulkopuolelta:<\/strong><\/h3>\n<h3 class=\"western\"><span style=\"font-size: medium\">Mauri Mustonen, sihteeri, kyl\u00e4sivujen yll\u00e4pito, 050-56 64 564, mauri.mustonen(at)gmail.com<\/span><\/h3>\n<h3 class=\"western\"><span style=\"font-size: medium\">Esa Lautala,\u00a0<\/span><span style=\"font-size: medium\">taloudenhoitaja, <\/span><span style=\"font-size: medium\">Facebook-sivujen yll\u00e4pito, 050-53 74 088<\/span><\/h3>\n\n\n<p><\/p>\n","protected":false},"excerpt":{"rendered":"<p>2019 kyl\u00e4yhdistyksen hallitus: Pauli Mikkola puheenjohtaja, ,0400-60 3167 Asko Saikko, sidosryhm\u00e4yhteydenpito, 040-5075842 Markku Talka, maastotunnelmavalaistus ja l\u00e4mmitys, 040-55 83 688 Ritva Tujula, tapahtumatarjoilu, 0400-93 3297 Kirsi Laamanen\u00a0 Pasi Laamanen Hallituksen ulkopuolelta: Mauri Mustonen, sihteeri, kyl\u00e4sivujen yll\u00e4pito, 050-56 64 564, mauri.mustonen(at)gmail.com &hellip; <a href=\"https:\/\/kylat.meitadev.fi\/levanen\/yhteystiedot\/\">Lue loppuun <span class=\"meta-nav\">&rarr;<\/span><\/a><\/p>\n","protected":false},"author":36,"featured_media":0,"parent":0,"menu_order":8,"comment_status":"closed","ping_status":"closed","template":"","meta":{"footnotes":""},"_links":{"self":[{"href":"https:\/\/kylat.meitadev.fi\/levanen\/wp-json\/wp\/v2\/pages\/83"}],"collection":[{"href":"https:\/\/kylat.meitadev.fi\/levanen\/wp-json\/wp\/v2\/pages"}],"about":[{"href":"https:\/\/kylat.meitadev.fi\/levanen\/wp-json\/wp\/v2\/types\/page"}],"author":[{"embeddable":true,"href":"https:\/\/kylat.meitadev.fi\/levanen\/wp-json\/wp\/v2\/users\/36"}],"replies":[{"embeddable":true,"href":"https:\/\/kylat.meitadev.fi\/levanen\/wp-json\/wp\/v2\/comments?post=83"}],"version-history":[{"count":13,"href":"https:\/\/kylat.meitadev.fi\/levanen\/wp-json\/wp\/v2\/pages\/83\/revisions"}],"predecessor-version":[{"id":4091,"href":"https:\/\/kylat.meitadev.fi\/levanen\/wp-json\/wp\/v2\/pages\/83\/revisions\/4091"}],"wp:attachment":[{"href":"https:\/\/kylat.meitadev.fi\/levanen\/wp-json\/wp\/v2\/media?parent=83"}],"curies":[{"name":"wp","href":"https:\/\/api.w.org\/{rel}","templated":true}]}}