{"id":12,"date":"2011-12-16T19:39:04","date_gmt":"2011-12-16T19:39:04","guid":{"rendered":"https:\/\/kylat.meitadev.fi\/lpretela\/?page_id=12"},"modified":"2016-03-04T16:10:19","modified_gmt":"2016-03-04T14:10:19","slug":"esittely","status":"publish","type":"page","link":"https:\/\/kylat.meitadev.fi\/lpretela\/","title":{"rendered":"Esittely"},"content":{"rendered":"<p>Lappeenrannan Etel\u00e4alueen asukasyhdistys aloitti toimintansa vuoden 2006 alussa. Yhdistyksen virallinen perustamiskokous pidettiin huhtikuussa 2006.Yhdistyksen j\u00e4seni\u00e4 ovat kaikki yhdistyksen toiminta-alueella asuvat henkil\u00f6t. Yhdistyksen toiminta-alueeseen kuuluvat Karhuvuori, Hiessilta, Myllym\u00e4ki sek\u00e4 Viipurintien kylist\u00e4 Mielo, Karkkola, Sinkkola ja Mainaanm\u00e4ki.<\/p>\n<p>Kuten vuoden 2001 ilmavalokuvasta n\u00e4kyy, vain muutos on pysyv\u00e4\u00e4:<\/p>\n<div id=\"attachment_153\" style=\"width: 650px\" class=\"wp-caption aligncenter\"><a href=\"https:\/\/kylat.meitadev.fi\/lpretela\/wp-content\/uploads\/sites\/32\/2011\/12\/Copyright-Lappeenrannan-kaupunki-2001-syyskuu-ilmavalokuva-Hyrymaen-alueesta-oikealta-katsottuna.jpg\"><img loading=\"lazy\" decoding=\"async\" aria-describedby=\"caption-attachment-153\" class=\"size-full wp-image-153\" src=\"https:\/\/kylat.meitadev.fi\/lpretela\/wp-content\/uploads\/sites\/32\/2011\/12\/Copyright-Lappeenrannan-kaupunki-2001-syyskuu-ilmavalokuva-Hyrymaen-alueesta-oikealta-katsottuna.jpg\" alt=\"Jari Harju, copyright Lappeenrannan kaupunki\" width=\"640\" height=\"480\" \/><\/a><p id=\"caption-attachment-153\" class=\"wp-caption-text\">2001 syyskuu ilmavalokuva Hyrym\u00e4en alueesta<\/p><\/div>\n<p><strong>Yhdistyksen t\u00e4rkein teht\u00e4v\u00e4 on tuoda asukasn\u00e4k\u00f6kulma alueen kehitt\u00e4miseen.<\/strong> Asukasyhdistys haluaa olla vaikuttamassa siihen, ett\u00e4 kaupungin etel\u00e4alueen vetovoimaisuus s\u00e4ilyy my\u00f6s tulevaisuudessa.<\/p>\n<p>Lappeenrannan etel\u00e4alue on kasvanut voimakkaasti viime vuosina. Alueelle on muuttanut etenkin paljon lapsiperheit\u00e4. Asukasyhdistyksen tavoitteena on\u00a0 olla mukana vaikuttamassa Lappeenrannan kaupungin toimiin alueella, jotta riitt\u00e4v\u00e4 palvelutaso voidaan taata tulevaisuudessa.<\/p>\n<p><a href=\"https:\/\/kylat.meitadev.fi\/lpretela\/esittely\/asukasyhdistyksen-toiminnan-vaikutuksia\/\" target=\"_blank\">Toiminnan vaikutuksia<br \/>\n<\/a><a title=\"Asukasyhdistyksen hallitus\" href=\"https:\/\/kylat.meitadev.fi\/lpretela\/esittely\/hallitus\/\" target=\"_blank\">Hallitus<br \/>\n<\/a><a title=\"S\u00e4\u00e4nn\u00f6t\" href=\"https:\/\/kylat.meitadev.fi\/lpretela\/esittely\/saannot\/\" target=\"_blank\">S\u00e4\u00e4nn\u00f6t<\/a><\/p>\n<p><strong>Tervetuloa mukaan toimintaan!<\/strong><br \/>\nLis\u00e4tietoja:<br \/>\nasukasyhdistyksen puheenjohtaja Esa Kalpio<br \/>\npuh. 0400 550 383, etunimi.sukunimi1(a)outlook.com<\/p>\n<p>&nbsp;<\/p>\n","protected":false},"excerpt":{"rendered":"<p>Lappeenrannan Etel\u00e4alueen asukasyhdistys aloitti toimintansa vuoden 2006 alussa. Yhdistyksen virallinen perustamiskokous pidettiin huhtikuussa 2006.Yhdistyksen j\u00e4seni\u00e4 ovat kaikki yhdistyksen toiminta-alueella asuvat henkil\u00f6t. Yhdistyksen toiminta-alueeseen kuuluvat Karhuvuori, Hiessilta, Myllym\u00e4ki sek\u00e4 Viipurintien kylist\u00e4 Mielo, Karkkola, Sinkkola ja Mainaanm\u00e4ki. Kuten vuoden 2001 ilmavalokuvasta n\u00e4kyy, &hellip; <a href=\"https:\/\/kylat.meitadev.fi\/lpretela\/\">Lue loppuun <span class=\"meta-nav\">&rarr;<\/span><\/a><\/p>\n","protected":false},"author":66,"featured_media":153,"parent":0,"menu_order":0,"comment_status":"closed","ping_status":"closed","template":"","meta":{"footnotes":""},"_links":{"self":[{"href":"https:\/\/kylat.meitadev.fi\/lpretela\/wp-json\/wp\/v2\/pages\/12"}],"collection":[{"href":"https:\/\/kylat.meitadev.fi\/lpretela\/wp-json\/wp\/v2\/pages"}],"about":[{"href":"https:\/\/kylat.meitadev.fi\/lpretela\/wp-json\/wp\/v2\/types\/page"}],"author":[{"embeddable":true,"href":"https:\/\/kylat.meitadev.fi\/lpretela\/wp-json\/wp\/v2\/users\/66"}],"replies":[{"embeddable":true,"href":"https:\/\/kylat.meitadev.fi\/lpretela\/wp-json\/wp\/v2\/comments?post=12"}],"version-history":[{"count":35,"href":"https:\/\/kylat.meitadev.fi\/lpretela\/wp-json\/wp\/v2\/pages\/12\/revisions"}],"predecessor-version":[{"id":421,"href":"https:\/\/kylat.meitadev.fi\/lpretela\/wp-json\/wp\/v2\/pages\/12\/revisions\/421"}],"wp:featuredmedia":[{"embeddable":true,"href":"https:\/\/kylat.meitadev.fi\/lpretela\/wp-json\/wp\/v2\/media\/153"}],"wp:attachment":[{"href":"https:\/\/kylat.meitadev.fi\/lpretela\/wp-json\/wp\/v2\/media?parent=12"}],"curies":[{"name":"wp","href":"https:\/\/api.w.org\/{rel}","templated":true}]}}