{"id":14,"date":"2011-12-16T19:39:24","date_gmt":"2011-12-16T19:39:24","guid":{"rendered":"https:\/\/kylat.meitadev.fi\/lpretela\/?page_id=14"},"modified":"2012-01-30T11:24:13","modified_gmt":"2012-01-30T11:24:13","slug":"saannot","status":"publish","type":"page","link":"https:\/\/kylat.meitadev.fi\/lpretela\/esittely\/saannot\/","title":{"rendered":"Asukasyhdistyksen s\u00e4\u00e4nn\u00f6t"},"content":{"rendered":"<table cellspacing=\"0\">\n<tbody>\n<tr>\n<td colspan=\"2\"><strong>1 \u00a7 Yhdistyksen nimi ja kotipaikka<\/strong><\/p>\n<p><strong><\/strong><strong><\/strong>Yhdistyksen nimi on Lappeenrannan Etel\u00e4alueen asukasyhdistys ry.\u00a0Yhdistyksen kotipaikka on Lappeenranta ja toimialue Lappeenrannan etel\u00e4inen alue.<\/p>\n<p><strong>2 \u00a7 Yhdistyksen tarkoitus<\/strong><\/p>\n<p>Yhdistys on puoluepoliittisesti sitoutumaton asukasyhdistys. Yhdistyksen tarkoituksena on koota asuinalueensa asukkaat valvomaan yhteisi\u00e4 asumiseen liittyvi\u00e4 etujaan. Yhdistyksen tarkoituksena on my\u00f6s parantaa l\u00e4hi\u00f6kuvaa sek\u00e4 tukea hyv\u00e4\u00e4, turvallista ja viihtyis\u00e4\u00e4 asumista, monipuolisia palveluja, virikkeellisi\u00e4 harrastusmahdollisuuksia sek\u00e4 terveellist\u00e4 ymp\u00e4rist\u00f6\u00e4.<\/p>\n<p>Tarkoituksensa toteuttamiseksi yhdistys:<\/p>\n<p>1. Edist\u00e4\u00e4 alueensa asukkaiden yhteistoimintaa.<\/p>\n<p>2. Selvitt\u00e4\u00e4 asumiseen ja ymp\u00e4rist\u00f6\u00f6n liittyvi\u00e4 vaikutusmahdollisuuksia<\/p>\n<p>3. Vaikuttaa asukkaiden etujen mukaisen asunto-, ymp\u00e4rist\u00f6, ja aluepolitiikan aikaansaamiseen tekem\u00e4ll\u00e4 ehdotuksia ja pit\u00e4m\u00e4ll\u00e4 yhteyksi\u00e4 viranomaisiin ja muihin yhteisty\u00f6tahoihin.<\/p>\n<p>4. J\u00e4rjest\u00e4\u00e4 erilaisia asukastilaisuuksia kuten kokouksia, talkoita, asukasiltoja ja koulutusta.<\/p>\n<p>5. Tiedottaa toimialansa asioista.<\/p>\n<p>6. Toimintansa tukemiseksi yhdistys voi ottaa vastaan avustuksia, lahjoituksia ja testamentteja sek\u00e4 j\u00e4rjest\u00e4\u00e4 arpajaisia, juhlia, myyj\u00e4isi\u00e4, huvitilaisuuksia.<\/p>\n<p><strong>3 \u00a7 J\u00e4senet<\/strong><\/p>\n<p>Yhdistyksen j\u00e4seneksi voidaan hyv\u00e4ksy\u00e4 henkil\u00f6, joka hyv\u00e4ksyy yhdistyksen tarkoituksen, toimii niiden hyv\u00e4ksi ja asuu Lappeenrannan etel\u00e4alueella.<\/p>\n<p>Yhdistyksen vuosikokous p\u00e4\u00e4tt\u00e4\u00e4 liittymismaksun ja vuosittaisen j\u00e4senmaksun suuruuden.<\/p>\n<p><strong>4 \u00a7 Yhdistyksen kokoukset<\/strong><\/p>\n<p>Yhdistyksen vuosikokous pidet\u00e4\u00e4n vuosittain hallituksen m\u00e4\u00e4r\u00e4\u00e4m\u00e4n\u00e4 p\u00e4iv\u00e4n\u00e4 tammi-toukokuussa.<\/p>\n<p>Ylim\u00e4\u00e4r\u00e4inen kokous pidet\u00e4\u00e4n, kun yhdistyksen kokous niin p\u00e4\u00e4tt\u00e4\u00e4 tai kun hallitus katsoo siihen olevan aihetta tai kun v\u00e4hint\u00e4\u00e4n kymmenen (10) yhdistyksen j\u00e4sent\u00e4 sit\u00e4 hallitukselta erityisesti ilmoitettua asiaa varten kirjallisesti vaatii. Kokous on pidett\u00e4v\u00e4 kolmenkymmenen vuorokauden kuluessa siit\u00e4, kun vaatimus sen pit\u00e4misest\u00e4 on esitetty hallitukselle.<\/p>\n<p>Yhdistyksen kokouksissa on jokaisella j\u00e4senell\u00e4 yksi \u00e4\u00e4ni.<\/p>\n<p>Yhdistyksen kokouksen p\u00e4\u00e4t\u00f6kseksi tulee, ellei s\u00e4\u00e4nn\u00f6iss\u00e4 ole toisin m\u00e4\u00e4r\u00e4tty, se mielipide, jota on kannattanut yli puolet annetuista \u00e4\u00e4nist\u00e4. \u00c4\u00e4nten menness\u00e4 tasan ratkaisee kokouksen puheenjohtajan \u00e4\u00e4ni, vaaleissa kuitenkin arpa.<\/p>\n<p><strong>5 \u00a7 Vuosikokous<\/strong><\/p>\n<p>Yhdistyksen vuosikokouksessa k\u00e4sitell\u00e4\u00e4n seuraavat asiat:<\/p>\n<p>1. kokouksen avaus<\/p>\n<p>2. valitaan kokouksen puheenjohtaja, sihteeri, kaksi p\u00f6yt\u00e4kirjantarkastajaa ja tarvittaessa kaksi \u00e4\u00e4ntenlaskijaa<\/p>\n<p>3. todetaan kokouksen laillisuus ja p\u00e4\u00e4t\u00f6svaltaisuus<\/p>\n<p>4. hyv\u00e4ksyt\u00e4\u00e4n kokouksen ty\u00f6j\u00e4rjestys<\/p>\n<p>5. esitet\u00e4\u00e4n tilinp\u00e4\u00e4t\u00f6s, vuosikertomus ja tilintarkastajien lausunto<\/p>\n<p>6. p\u00e4\u00e4tet\u00e4\u00e4n tilinp\u00e4\u00e4t\u00f6ksen vahvistamisesta ja vastuuvapauden my\u00f6nt\u00e4misest\u00e4 hallitukselle ja muille vastuuvelvollisille<\/p>\n<p>7. vahvistetaan toimintasuunnitelma sek\u00e4 tulo- ja menoarvio<\/p>\n<p>8. p\u00e4\u00e4tet\u00e4\u00e4n liittymis- ja j\u00e4senmaksusta<\/p>\n<p>9. valitaan hallituksen puheenjohtaja, jota kutsutaan my\u00f6s yhdistyksen puheenjohtajaksi<\/p>\n<p>10. p\u00e4\u00e4tet\u00e4\u00e4n hallituksen j\u00e4senten m\u00e4\u00e4r\u00e4 ja valitaan sen mukaisesti hallituksen j\u00e4senet<\/p>\n<p>11. valitaan yksi tai kaksi tilintarkastajaa ja heille varatilintarkastajat<\/p>\n<p>12. k\u00e4sitell\u00e4\u00e4n muut kokouskutsussa mainitut asiat.<\/p>\n<p>Mik\u00e4li yhdistyksen j\u00e4sen haluaa saada jonkin asian yhdistyksen vuosikokouksen k\u00e4sitelt\u00e4v\u00e4ksi, on h\u00e4nen ilmoitettava siit\u00e4 kirjallisesti hallitukselle niin hyviss\u00e4 ajoin, ett\u00e4 asia voidaan sis\u00e4llytt\u00e4\u00e4 kokouskutsuun.<\/p>\n<p>Kokouskutsu yhdistyksen kokoukseen on toimitettava v\u00e4hint\u00e4\u00e4n seitsem\u00e4n (7) vuorokautta ennen kokousta julkaisemalla kutsu paikallisessa sanomalehdess\u00e4 tai kirjeitse j\u00e4senille.<\/p>\n<p><strong>6 \u00a7 Hallituksen teht\u00e4v\u00e4t<\/strong><\/p>\n<p>1. Yhdistyksen asioita ja omaisuutta hoitaa vuosikokouksessa valittu hallitus, johon kuuluu puheenjohtaja ja v\u00e4hint\u00e4\u00e4n viisi (5) ja enint\u00e4\u00e4n kymmenen (10) j\u00e4sent\u00e4.<\/p>\n<p>Hallitus valitsee keskuudestaan varapuheenjohtajan sek\u00e4 ottaa keskuudestaan tai ulkopuoleltaan sihteerin, rahastonhoitajan ja muut tarvittavat toimihenkil\u00f6t.<\/p>\n<p>Hallitus kokoontuu puheenjohtajan tai h\u00e4nen estyneen\u00e4 ollessaan varapuheenjohtajan kutsusta, kun he katsovat siihen olevan aihetta tai kun v\u00e4hint\u00e4\u00e4n puolet hallituksen j\u00e4senist\u00e4 sit\u00e4 vaatii. Hallitus voi my\u00f6nt\u00e4\u00e4 yhdistyksen j\u00e4senille l\u00e4sn\u00e4- ja puheoikeuden hallituksen kokouksissa.<\/p>\n<p>Hallitus on p\u00e4\u00e4t\u00f6svaltainen, kun v\u00e4hint\u00e4\u00e4n puolet sen j\u00e4senist\u00e4, puheenjohtaja tai varapuheenjohtaja mukaan luettuna on l\u00e4sn\u00e4.<\/p>\n<p>2. Puheenjohtaja johtaa puhetta hallituksen ja yhdistyksen kokouksissa. Ei kuitenkaan niiss\u00e4 asioissa, joissa h\u00e4n on yhdistyslain mukaan esteellinen. Puheenjohtaja valvoo s\u00e4\u00e4nt\u00f6jen ja yhdistyksen p\u00e4\u00e4t\u00f6sten sek\u00e4 hallituksen antamien ohjeiden noudattamista ja sit\u00e4, ett\u00e4 yhdistyksen muut toimihenkil\u00f6t t\u00e4ytt\u00e4v\u00e4t teht\u00e4v\u00e4ns\u00e4.<\/p>\n<p>3. Sihteeri laatii yhdistyksen ja hallituksen kokouksista p\u00f6yt\u00e4kirjan, laatii ehdotuksen yhdistyksen toimintakertomukseksi, hoitaa kirjeenvaihdon ja huolehtii muiden kirjallisten teht\u00e4vien suorittamisesta.<\/p>\n<p>4. Taloudenhoitaja hoitaa yhdistyksen kirjanpidon ja laatii ehdotuksen tilinp\u00e4\u00e4t\u00f6kseksi\u00a0 sek\u00e4 huolehtii muista hallituksen h\u00e4nen teht\u00e4v\u00e4kseen m\u00e4\u00e4r\u00e4\u00e4mist\u00e4 yhdistyksen taloutta\u00a0 koskevista teht\u00e4vist\u00e4.<\/p>\n<p>5.\u00a0 Hallitus on kaikista toimenpiteist\u00e4\u00e4n vastuussa yhdistyksen kokoukselle.<\/p>\n<p>6.\u00a0 Hallituksen j\u00e4sen, joka ilmoittaa p\u00f6yt\u00e4kirjaan eri\u00e4v\u00e4n mielipiteens\u00e4 tehdyn\u00a0 p\u00e4\u00e4t\u00f6ksenjohdosta, on vapaa p\u00e4\u00e4t\u00f6ksen tuottamasta vastuusta, ellei h\u00e4n osallistu\u00a0 p\u00e4\u00e4t\u00f6ksen t\u00e4yt\u00e4nt\u00f6\u00f6npanoon.<\/p>\n<p><strong>7 \u00a7\u00a0 Tilit ja tilintarkastus<\/strong><\/p>\n<p>1.\u00a0 Yhdistyksen tilit p\u00e4\u00e4tet\u00e4\u00e4n kalenterivuosittain. Toimessa olevan p\u00e4\u00e4t\u00f6svaltaisen hallituksen hyv\u00e4ksytty\u00e4 kuluneen kalenteri vuoden tilit ja tilinp\u00e4\u00e4t\u00f6ksen, ne sek\u00e4 muut\u00a0 tarpeelliset asiakirjat on luovutettava tilintarkastajille viimeist\u00e4\u00e4n kolme (3) viikkoa ennen vuosikokousta.<\/p>\n<p>2. Tilintarkastajien tulee tarkastaa yhdistyksen tilit, omaisuus ja hallinto sek\u00e4 laatia kirjallinen tilintarkastuskertomus k\u00e4sitt\u00e4en kannanoton tilinp\u00e4\u00e4t\u00f6ksen vahvistamisesta ja vastuuvapauden my\u00f6nt\u00e4misest\u00e4.<\/p>\n<p>3.\u00a0 Tilintarkastajien tulee luovuttaa asiakirjat tarkastettuina ja lausunnolla sek\u00e4 tilintarkastuskertomuksella varustettuna v\u00e4hint\u00e4\u00e4n kaksi viikkoa ennen vuositkokousta yhdistyksen hallitukselle.<\/p>\n<p><strong>8 \u00a7\u00a0 Yhdistyksen nimen kirjoittaminen<\/strong><\/p>\n<p>Yhdistyksen nimen ovat oikeutettuja kirjoittamaan puheenjohtaja, varapuheenjohtaja, sihteeri tai rahastonhoitaja, kaksi yhdess\u00e4.<\/p>\n<p><strong>9 \u00a7\u00a0 Muut m\u00e4\u00e4r\u00e4ykset<\/strong><\/p>\n<p>Niilt\u00e4 osin kuin n\u00e4iss\u00e4 s\u00e4\u00e4nn\u00f6iss\u00e4 ei ole m\u00e4\u00e4r\u00e4yksi\u00e4 noudatetaan yhdistyslakia.<\/p>\n<p><strong>10 \u00a7\u00a0 Yhdistyksen s\u00e4\u00e4nt\u00f6muutokset\u00a0 tai purkaminen<\/strong><\/p>\n<p>P\u00e4\u00e4t\u00f6s s\u00e4\u00e4nt\u00f6jen muuttamisesta ja yhdistyksen purkamisesta on teht\u00e4v\u00e4 yhdistyksen kokouksessa, v\u00e4hint\u00e4\u00e4n kolme nelj\u00e4sosan (3\/4) enemmist\u00f6ll\u00e4 annetuista \u00e4\u00e4nist\u00e4. Kokouskutsussa on mainittava s\u00e4\u00e4nt\u00f6jen muuttamisesta tai yhdistyksen purkamisesta.<\/p>\n<p>Yhdistyksen purkautuessa tai tullessa lakkautetuksi k\u00e4ytet\u00e4\u00e4n yhdistyksen varat yhdistyksen tarkoituksen edist\u00e4miseen purkamisesta p\u00e4\u00e4tt\u00e4v\u00e4n viimeisen kokouksen\u00a0 m\u00e4\u00e4r\u00e4\u00e4m\u00e4ll\u00e4 tavalla.<\/td>\n<\/tr>\n<\/tbody>\n<\/table>\n","protected":false},"excerpt":{"rendered":"<p>1 \u00a7 Yhdistyksen nimi ja kotipaikka Yhdistyksen nimi on Lappeenrannan Etel\u00e4alueen asukasyhdistys ry.\u00a0Yhdistyksen kotipaikka on Lappeenranta ja toimialue Lappeenrannan etel\u00e4inen alue. 2 \u00a7 Yhdistyksen tarkoitus Yhdistys on puoluepoliittisesti sitoutumaton asukasyhdistys. Yhdistyksen tarkoituksena on koota asuinalueensa asukkaat valvomaan yhteisi\u00e4 asumiseen liittyvi\u00e4 &hellip; <a href=\"https:\/\/kylat.meitadev.fi\/lpretela\/esittely\/saannot\/\">Lue loppuun <span class=\"meta-nav\">&rarr;<\/span><\/a><\/p>\n","protected":false},"author":66,"featured_media":0,"parent":12,"menu_order":0,"comment_status":"closed","ping_status":"closed","template":"","meta":{"footnotes":""},"_links":{"self":[{"href":"https:\/\/kylat.meitadev.fi\/lpretela\/wp-json\/wp\/v2\/pages\/14"}],"collection":[{"href":"https:\/\/kylat.meitadev.fi\/lpretela\/wp-json\/wp\/v2\/pages"}],"about":[{"href":"https:\/\/kylat.meitadev.fi\/lpretela\/wp-json\/wp\/v2\/types\/page"}],"author":[{"embeddable":true,"href":"https:\/\/kylat.meitadev.fi\/lpretela\/wp-json\/wp\/v2\/users\/66"}],"replies":[{"embeddable":true,"href":"https:\/\/kylat.meitadev.fi\/lpretela\/wp-json\/wp\/v2\/comments?post=14"}],"version-history":[{"count":9,"href":"https:\/\/kylat.meitadev.fi\/lpretela\/wp-json\/wp\/v2\/pages\/14\/revisions"}],"predecessor-version":[{"id":242,"href":"https:\/\/kylat.meitadev.fi\/lpretela\/wp-json\/wp\/v2\/pages\/14\/revisions\/242"}],"up":[{"embeddable":true,"href":"https:\/\/kylat.meitadev.fi\/lpretela\/wp-json\/wp\/v2\/pages\/12"}],"wp:attachment":[{"href":"https:\/\/kylat.meitadev.fi\/lpretela\/wp-json\/wp\/v2\/media?parent=14"}],"curies":[{"name":"wp","href":"https:\/\/api.w.org\/{rel}","templated":true}]}}