{"id":16,"date":"2011-12-16T19:39:45","date_gmt":"2011-12-16T19:39:45","guid":{"rendered":"https:\/\/kylat.meitadev.fi\/lpretela\/?page_id=16"},"modified":"2012-01-30T11:41:12","modified_gmt":"2012-01-30T11:41:12","slug":"koulut","status":"publish","type":"page","link":"https:\/\/kylat.meitadev.fi\/lpretela\/koulut\/","title":{"rendered":"Peruskoulut"},"content":{"rendered":"<table cellspacing=\"0\">\n<tbody>\n<tr>\n<td colspan=\"2\">Lappeenrannan etel\u00e4alueella sijaitsevat Myllym\u00e4en koulu ja Kaukaan koulu, joissa toimivat perusopetuksen luokat 1-6. Yl\u00e4kouluun alueen koululaiset siirtyv\u00e4t toistaiseksi p\u00e4\u00e4s\u00e4\u00e4nt\u00f6isesti Armilan kouluun Ratakadulle, jatkossa Kimpisen koulukeskukseen.<\/p>\n<ul>\n<li>Myllym\u00e4en koulu, Hiessillankatu 10<br \/>\nrehtori Helena Ripatti<\/li>\n<li>Kaukaan koulu, Parkkarilankatu 41<br \/>\nrehtori Ilona Wilska-Pekonen<\/li>\n<li>Armilan koulu, Ratakatu 18<br \/>\nrehtori Olavi Piipponen<\/li>\n<\/ul>\n<p>Lis\u00e4tietoja kouluasioihin l\u00f6ytyy Lappeenrannan kaupungin <a href=\"http:\/\/www.lappeenranta.fi\/Suomeksi\/Palvelut\/Koulutus_ja_opiskelu\/Perusopetus\/Koulut.iw3\" target=\"_blank\">koulujen kotisivuilta<\/a>.<\/p>\n<div id=\"attachment_42\" style=\"width: 650px\" class=\"wp-caption aligncenter\"><a href=\"https:\/\/kylat.meitadev.fi\/lpretela\/wp-content\/uploads\/sites\/32\/2011\/12\/Myllymaen_koulu.jpg\"><img loading=\"lazy\" decoding=\"async\" aria-describedby=\"caption-attachment-42\" class=\"size-full wp-image-42\" src=\"https:\/\/kylat.meitadev.fi\/lpretela\/wp-content\/uploads\/sites\/32\/2011\/12\/Myllymaen_koulu.jpg\" alt=\"Myllym\u00e4en koulu\" width=\"640\" height=\"480\" \/><\/a><p id=\"caption-attachment-42\" class=\"wp-caption-text\">Myllym\u00e4en koulu<\/p><\/div>\n<p>&nbsp;<\/p>\n<p>&nbsp;<\/td>\n<\/tr>\n<\/tbody>\n<\/table>\n","protected":false},"excerpt":{"rendered":"<p>Lappeenrannan etel\u00e4alueella sijaitsevat Myllym\u00e4en koulu ja Kaukaan koulu, joissa toimivat perusopetuksen luokat 1-6. Yl\u00e4kouluun alueen koululaiset siirtyv\u00e4t toistaiseksi p\u00e4\u00e4s\u00e4\u00e4nt\u00f6isesti Armilan kouluun Ratakadulle, jatkossa Kimpisen koulukeskukseen. Myllym\u00e4en koulu, Hiessillankatu 10 rehtori Helena Ripatti Kaukaan koulu, Parkkarilankatu 41 rehtori Ilona Wilska-Pekonen Armilan &hellip; <a href=\"https:\/\/kylat.meitadev.fi\/lpretela\/koulut\/\">Lue loppuun <span class=\"meta-nav\">&rarr;<\/span><\/a><\/p>\n","protected":false},"author":66,"featured_media":42,"parent":0,"menu_order":0,"comment_status":"closed","ping_status":"closed","template":"","meta":{"footnotes":""},"_links":{"self":[{"href":"https:\/\/kylat.meitadev.fi\/lpretela\/wp-json\/wp\/v2\/pages\/16"}],"collection":[{"href":"https:\/\/kylat.meitadev.fi\/lpretela\/wp-json\/wp\/v2\/pages"}],"about":[{"href":"https:\/\/kylat.meitadev.fi\/lpretela\/wp-json\/wp\/v2\/types\/page"}],"author":[{"embeddable":true,"href":"https:\/\/kylat.meitadev.fi\/lpretela\/wp-json\/wp\/v2\/users\/66"}],"replies":[{"embeddable":true,"href":"https:\/\/kylat.meitadev.fi\/lpretela\/wp-json\/wp\/v2\/comments?post=16"}],"version-history":[{"count":6,"href":"https:\/\/kylat.meitadev.fi\/lpretela\/wp-json\/wp\/v2\/pages\/16\/revisions"}],"predecessor-version":[{"id":251,"href":"https:\/\/kylat.meitadev.fi\/lpretela\/wp-json\/wp\/v2\/pages\/16\/revisions\/251"}],"wp:featuredmedia":[{"embeddable":true,"href":"https:\/\/kylat.meitadev.fi\/lpretela\/wp-json\/wp\/v2\/media\/42"}],"wp:attachment":[{"href":"https:\/\/kylat.meitadev.fi\/lpretela\/wp-json\/wp\/v2\/media?parent=16"}],"curies":[{"name":"wp","href":"https:\/\/api.w.org\/{rel}","templated":true}]}}