{"id":18,"date":"2011-12-16T19:40:00","date_gmt":"2011-12-16T19:40:00","guid":{"rendered":"https:\/\/kylat.meitadev.fi\/lpretela\/?page_id=18"},"modified":"2012-01-30T13:54:02","modified_gmt":"2012-01-30T13:54:02","slug":"paivahoito","status":"publish","type":"page","link":"https:\/\/kylat.meitadev.fi\/lpretela\/paivahoito\/","title":{"rendered":"P\u00e4iv\u00e4hoito"},"content":{"rendered":"<table cellspacing=\"0\">\n<tbody>\n<tr>\n<td colspan=\"2\">\n<h1><strong>Karhuvuoren p\u00e4iv\u00e4koti<\/strong><\/h1>\n<div><strong><\/strong>Etel\u00e4isell\u00e4 alueella sijaitsee Karhuvuoren p\u00e4iv\u00e4koti laajennusosineen sek\u00e4 yksityisi\u00e4 perhep\u00e4iv\u00e4hoitajia.\u00a0Kaupunki on kaavoittanut uudelle p\u00e4iv\u00e4kodille tontin Myllym\u00e4en koulun l\u00e4heisyyteen ja p\u00e4iv\u00e4kodin rakentamisen on tarkoitus alkaa vuonna 2013.<\/div>\n<div><a href=\"http:\/\/www.lappeenranta.fi\/Suomeksi\/Palvelut\/Paivahoito.iw3\" target=\"_blank\">Lis\u00e4tietoja Lappeenrannan kaupungin sivuilta.\u00a0<\/a><\/div>\n<div>\n<h1>\u2026\u2026\u2026\u2026\u2026\u2026\u2026\u2026\u2026\u2026\u2026\u2026\u2026\u2026\u2026\u2026\u2026\u2026\u2026\u2026\u2026\u2026\u2026\u2026\u2026\u2026\u2026\u2026\u2026\u2026\u2026\u2026\u2026\u2026\u2026\u2026\u2026\u2026\u2026\u2026<\/h1>\n<h1>Seurakunnan kerhotoiminta<\/h1>\n<\/div>\n<div><a href=\"http:\/\/www.lappeenrannanseurakunnat.fi\/yhteiset_tyomuodot\/lapsityo\/perhekerhot\/\" target=\"_blank\">Lappeen seurakunnan perhekerho<\/a> kokoontuu Karhuvuoren seurakuntakodilla tiistaisin klo 9.00-11.00. Kerhoon ovat tervetulleita kaikki alueen lapset vanhempieen ja\/tai hoitajineen.<\/div>\n<\/td>\n<\/tr>\n<\/tbody>\n<\/table>\n","protected":false},"excerpt":{"rendered":"<p>Karhuvuoren p\u00e4iv\u00e4koti Etel\u00e4isell\u00e4 alueella sijaitsee Karhuvuoren p\u00e4iv\u00e4koti laajennusosineen sek\u00e4 yksityisi\u00e4 perhep\u00e4iv\u00e4hoitajia.\u00a0Kaupunki on kaavoittanut uudelle p\u00e4iv\u00e4kodille tontin Myllym\u00e4en koulun l\u00e4heisyyteen ja p\u00e4iv\u00e4kodin rakentamisen on tarkoitus alkaa vuonna 2013. Lis\u00e4tietoja Lappeenrannan kaupungin sivuilta.\u00a0 \u2026\u2026\u2026\u2026\u2026\u2026\u2026\u2026\u2026\u2026\u2026\u2026\u2026\u2026\u2026\u2026\u2026\u2026\u2026\u2026\u2026\u2026\u2026\u2026\u2026\u2026\u2026\u2026\u2026\u2026\u2026\u2026\u2026\u2026\u2026\u2026\u2026\u2026\u2026\u2026 Seurakunnan kerhotoiminta Lappeen seurakunnan perhekerho kokoontuu Karhuvuoren seurakuntakodilla &hellip; <a href=\"https:\/\/kylat.meitadev.fi\/lpretela\/paivahoito\/\">Lue loppuun <span class=\"meta-nav\">&rarr;<\/span><\/a><\/p>\n","protected":false},"author":66,"featured_media":0,"parent":0,"menu_order":0,"comment_status":"closed","ping_status":"closed","template":"","meta":{"footnotes":""},"_links":{"self":[{"href":"https:\/\/kylat.meitadev.fi\/lpretela\/wp-json\/wp\/v2\/pages\/18"}],"collection":[{"href":"https:\/\/kylat.meitadev.fi\/lpretela\/wp-json\/wp\/v2\/pages"}],"about":[{"href":"https:\/\/kylat.meitadev.fi\/lpretela\/wp-json\/wp\/v2\/types\/page"}],"author":[{"embeddable":true,"href":"https:\/\/kylat.meitadev.fi\/lpretela\/wp-json\/wp\/v2\/users\/66"}],"replies":[{"embeddable":true,"href":"https:\/\/kylat.meitadev.fi\/lpretela\/wp-json\/wp\/v2\/comments?post=18"}],"version-history":[{"count":15,"href":"https:\/\/kylat.meitadev.fi\/lpretela\/wp-json\/wp\/v2\/pages\/18\/revisions"}],"predecessor-version":[{"id":252,"href":"https:\/\/kylat.meitadev.fi\/lpretela\/wp-json\/wp\/v2\/pages\/18\/revisions\/252"}],"wp:attachment":[{"href":"https:\/\/kylat.meitadev.fi\/lpretela\/wp-json\/wp\/v2\/media?parent=18"}],"curies":[{"name":"wp","href":"https:\/\/api.w.org\/{rel}","templated":true}]}}