{"id":21,"date":"2011-12-16T19:40:23","date_gmt":"2011-12-16T19:40:23","guid":{"rendered":"https:\/\/kylat.meitadev.fi\/lpretela\/?page_id=21"},"modified":"2012-01-30T13:57:23","modified_gmt":"2012-01-30T13:57:23","slug":"liikenne","status":"publish","type":"page","link":"https:\/\/kylat.meitadev.fi\/lpretela\/liikenne\/","title":{"rendered":"Liikkuminen ja yhteydet"},"content":{"rendered":"<h1>Joukkoliikenne<\/h1>\n<p>Kaupungin etel\u00e4alueelle liikenn\u00f6i paikallisliikenteen linja-auto numero 4, joka ajaa rengasmaista lenkki\u00e4 ensin Etel\u00e4katua pitkin, Karhuvuorenkatua pitkin ja sitten Myllym\u00e4en koulun ohi keskustaan.Linja-auto kulkee ruuhka-aikana kaksi kertaa tunnissa ja muina aikoina kerran tunnissa. Iltaisin ja viikonloppuisin liikenn\u00f6inti hoidetaan tilatakseilla, joissa maksuna k\u00e4y my\u00f6s normaalit bussikortit.\u00a0Keskustasta Myllym\u00e4en kautta kulkevat my\u00f6s Lappeenrannan l\u00e4hiliikenteen linja-autot ja linjataksit Viipurintiet\u00e4 pitkin Vainikkalaan asti.\u00a0Niin paikallis- kuin l\u00e4hiliikenteenkin aikataulut l\u00f6ytyv\u00e4t kaupungin\u00a0<a href=\"http:\/\/www.lappeenranta.fi\/?deptid=11441\">joukkoliikenteen sivuilta<\/a>.<em>Yksi asukasyhdistyksen ja alueraadin ajankohtaisista\u00a0tavoitteista on parantaa alueen joukkoliikenteen palveluja \u2013 reittej\u00e4 ja aikatauluja \u2013 vastaamaan niin kasvavan nuorison kuin ty\u00f6ss\u00e4k\u00e4yv\u00e4n v\u00e4est\u00f6nkin liikenn\u00f6intitarpeita.<\/em><\/p>\n<h1>\u2026\u2026\u2026\u2026\u2026\u2026\u2026\u2026\u2026\u2026\u2026\u2026\u2026\u2026\u2026\u2026\u2026\u2026\u2026\u2026\u2026\u2026\u2026\u2026\u2026\u2026\u2026\u2026\u2026\u2026\u2026\u2026\u2026\u2026\u2026\u2026\u2026\u2026\u2026\u2026\u2026\u2026\u2026\u2026\u2026<\/h1>\n<h1>Kevyen liikenteen v\u00e4yl\u00e4t<\/h1>\n<p>Etel\u00e4alueen taajamista on hyv\u00e4t py\u00f6r\u00e4tiet joka puolelle kaupunkia. Matkaa keskustaan tulee 3-8 kilometri\u00e4.<\/p>\n<h1 style=\"text-align: left\"><\/h1>\n","protected":false},"excerpt":{"rendered":"<p>Joukkoliikenne Kaupungin etel\u00e4alueelle liikenn\u00f6i paikallisliikenteen linja-auto numero 4, joka ajaa rengasmaista lenkki\u00e4 ensin Etel\u00e4katua pitkin, Karhuvuorenkatua pitkin ja sitten Myllym\u00e4en koulun ohi keskustaan.Linja-auto kulkee ruuhka-aikana kaksi kertaa tunnissa ja muina aikoina kerran tunnissa. Iltaisin ja viikonloppuisin liikenn\u00f6inti hoidetaan tilatakseilla, joissa &hellip; <a href=\"https:\/\/kylat.meitadev.fi\/lpretela\/liikenne\/\">Lue loppuun <span class=\"meta-nav\">&rarr;<\/span><\/a><\/p>\n","protected":false},"author":66,"featured_media":0,"parent":0,"menu_order":0,"comment_status":"closed","ping_status":"closed","template":"","meta":{"footnotes":""},"_links":{"self":[{"href":"https:\/\/kylat.meitadev.fi\/lpretela\/wp-json\/wp\/v2\/pages\/21"}],"collection":[{"href":"https:\/\/kylat.meitadev.fi\/lpretela\/wp-json\/wp\/v2\/pages"}],"about":[{"href":"https:\/\/kylat.meitadev.fi\/lpretela\/wp-json\/wp\/v2\/types\/page"}],"author":[{"embeddable":true,"href":"https:\/\/kylat.meitadev.fi\/lpretela\/wp-json\/wp\/v2\/users\/66"}],"replies":[{"embeddable":true,"href":"https:\/\/kylat.meitadev.fi\/lpretela\/wp-json\/wp\/v2\/comments?post=21"}],"version-history":[{"count":5,"href":"https:\/\/kylat.meitadev.fi\/lpretela\/wp-json\/wp\/v2\/pages\/21\/revisions"}],"predecessor-version":[{"id":282,"href":"https:\/\/kylat.meitadev.fi\/lpretela\/wp-json\/wp\/v2\/pages\/21\/revisions\/282"}],"wp:attachment":[{"href":"https:\/\/kylat.meitadev.fi\/lpretela\/wp-json\/wp\/v2\/media?parent=21"}],"curies":[{"name":"wp","href":"https:\/\/api.w.org\/{rel}","templated":true}]}}