{"id":23,"date":"2011-12-16T19:40:44","date_gmt":"2011-12-16T19:40:44","guid":{"rendered":"https:\/\/kylat.meitadev.fi\/lpretela\/?page_id=23"},"modified":"2011-12-17T07:38:08","modified_gmt":"2011-12-17T07:38:08","slug":"yhteistyokumppanit","status":"publish","type":"page","link":"https:\/\/kylat.meitadev.fi\/lpretela\/yhteistyokumppanit\/","title":{"rendered":"Sponsorit"},"content":{"rendered":"<table id=\"TiedoteOtsikkoTaulu\" cellspacing=\"0\">\n<tbody>\n<tr>\n<td colspan=\"2\">\n<h1>Asukasyhdistyksen yhteisty\u00f6kumppanit<\/h1>\n<\/td>\n<\/tr>\n<\/tbody>\n<\/table>\n<table cellspacing=\"0\">\n<tbody>\n<tr>\n<td colspan=\"2\">Lappeenrannan Etel\u00e4alueen asukasyhdistys kiitt\u00e4\u00e4 seuraavia yrityksi\u00e4 toimintansa tukemisesta:<\/td>\n<\/tr>\n<\/tbody>\n<\/table>\n<table cellspacing=\"0\">\n<tbody>\n<tr>\n<td colspan=\"2\"><\/td>\n<\/tr>\n<tr>\n<td colspan=\"2\">\n<div><a href=\"https:\/\/kylat.meitadev.fi\/lpretela\/wp-content\/uploads\/sites\/32\/2011\/12\/pohjantahti.jpg\"><img loading=\"lazy\" decoding=\"async\" class=\"size-full wp-image-43 aligncenter\" src=\"https:\/\/kylat.meitadev.fi\/lpretela\/wp-content\/uploads\/sites\/32\/2011\/12\/pohjantahti.jpg\" alt=\"\" width=\"160\" height=\"54\" \/><\/a><\/div>\n<p><strong>Pohjant\u00e4hti Keskin\u00e4inen Vakuutusyhti\u00f6<br \/>\n<\/strong><span style=\"font-size: x-small\">Brahenkatu 3-7, Kauppakeskus Isokristiina <\/span><span style=\"font-size: x-small\"><br \/>\npuh (05) 457 0666, faksi (05) 457 0665<br \/>\n<a href=\"http:\/\/www.pohjantahti.fi\/\">www.pohjantahti.fi<\/a><\/span><\/td>\n<\/tr>\n<\/tbody>\n<\/table>\n<table cellspacing=\"0\">\n<tbody>\n<tr>\n<td colspan=\"2\"><\/td>\n<\/tr>\n<tr>\n<td colspan=\"2\">\n<div><strong><a href=\"https:\/\/kylat.meitadev.fi\/lpretela\/wp-content\/uploads\/sites\/32\/2011\/12\/Tirilan_puutarha.jpg\"><img loading=\"lazy\" decoding=\"async\" class=\"aligncenter size-full wp-image-45\" src=\"https:\/\/kylat.meitadev.fi\/lpretela\/wp-content\/uploads\/sites\/32\/2011\/12\/Tirilan_puutarha.jpg\" alt=\"\" width=\"160\" height=\"42\" \/><\/a><\/strong><\/div>\n<div><strong>Tiril\u00e4n puutarha<\/strong><br \/>\nVeistontie 52, Lappeenranta<br \/>\nPuh. (05) 416 2806<\/div>\n<p>Kes\u00e4kukat, perennat, havukasvit, puut ja pensaat<\/p>\n<p>&nbsp;<\/td>\n<\/tr>\n<\/tbody>\n<\/table>\n<table cellspacing=\"0\">\n<tbody>\n<tr>\n<td colspan=\"2\"><\/td>\n<\/tr>\n<tr>\n<td colspan=\"2\">\n<div><strong><a href=\"https:\/\/kylat.meitadev.fi\/lpretela\/wp-content\/uploads\/sites\/32\/2011\/12\/Taikalyhty.jpg\"><img loading=\"lazy\" decoding=\"async\" class=\"aligncenter size-full wp-image-44\" src=\"https:\/\/kylat.meitadev.fi\/lpretela\/wp-content\/uploads\/sites\/32\/2011\/12\/Taikalyhty.jpg\" alt=\"\" width=\"160\" height=\"53\" \/><\/a><\/strong><\/div>\n<div><strong>Studio ja terapia taikalyhty<br \/>\n<\/strong><span style=\"font-family: Arial\">Pia Alatalo, puh.050 5011569<br \/>\nKarkkolantie 35, 53100 Lpr<br \/>\n<\/span><span style=\"font-family: Arial\"><a href=\"http:\/\/www.studiotaikalyhty.fi\/\">www.studiotaikalyhty.fi<\/a><\/span><\/div>\n<p><span style=\"font-family: Arial\"><strong>Palvelut:<br \/>\n<\/strong>&#8211; muotokuvaukset studiossa ja milj\u00f6\u00f6ss\u00e4 sek\u00e4 tapahtumakuvaukset h\u00e4iss\u00e4 ym.juhlissa<br \/>\n<\/span><span style=\"font-family: Arial;font-size: x-small\">&#8211; mittatilauksesta tyylikk\u00e4\u00e4t suomalaiset sk-kehykset<br \/>\n<\/span><span style=\"font-family: Arial;font-size: x-small\">&#8211; hermoratahieronta ja reiki-hoidot,my\u00f6s kotik\u00e4yntin\u00e4<\/span><\/td>\n<\/tr>\n<\/tbody>\n<\/table>\n","protected":false},"excerpt":{"rendered":"<p>Asukasyhdistyksen yhteisty\u00f6kumppanit Lappeenrannan Etel\u00e4alueen asukasyhdistys kiitt\u00e4\u00e4 seuraavia yrityksi\u00e4 toimintansa tukemisesta: Pohjant\u00e4hti Keskin\u00e4inen Vakuutusyhti\u00f6 Brahenkatu 3-7, Kauppakeskus Isokristiina puh (05) 457 0666, faksi (05) 457 0665 www.pohjantahti.fi Tiril\u00e4n puutarha Veistontie 52, Lappeenranta Puh. (05) 416 2806 Kes\u00e4kukat, perennat, havukasvit, puut ja &hellip; <a href=\"https:\/\/kylat.meitadev.fi\/lpretela\/yhteistyokumppanit\/\">Lue loppuun <span class=\"meta-nav\">&rarr;<\/span><\/a><\/p>\n","protected":false},"author":66,"featured_media":0,"parent":0,"menu_order":0,"comment_status":"closed","ping_status":"closed","template":"sidebar-page.php","meta":{"footnotes":""},"_links":{"self":[{"href":"https:\/\/kylat.meitadev.fi\/lpretela\/wp-json\/wp\/v2\/pages\/23"}],"collection":[{"href":"https:\/\/kylat.meitadev.fi\/lpretela\/wp-json\/wp\/v2\/pages"}],"about":[{"href":"https:\/\/kylat.meitadev.fi\/lpretela\/wp-json\/wp\/v2\/types\/page"}],"author":[{"embeddable":true,"href":"https:\/\/kylat.meitadev.fi\/lpretela\/wp-json\/wp\/v2\/users\/66"}],"replies":[{"embeddable":true,"href":"https:\/\/kylat.meitadev.fi\/lpretela\/wp-json\/wp\/v2\/comments?post=23"}],"version-history":[{"count":7,"href":"https:\/\/kylat.meitadev.fi\/lpretela\/wp-json\/wp\/v2\/pages\/23\/revisions"}],"predecessor-version":[{"id":182,"href":"https:\/\/kylat.meitadev.fi\/lpretela\/wp-json\/wp\/v2\/pages\/23\/revisions\/182"}],"wp:attachment":[{"href":"https:\/\/kylat.meitadev.fi\/lpretela\/wp-json\/wp\/v2\/media?parent=23"}],"curies":[{"name":"wp","href":"https:\/\/api.w.org\/{rel}","templated":true}]}}