{"id":230,"date":"2012-01-30T11:13:01","date_gmt":"2012-01-30T11:13:01","guid":{"rendered":"https:\/\/kylat.meitadev.fi\/lpretela\/?page_id=230"},"modified":"2012-01-30T14:26:49","modified_gmt":"2012-01-30T14:26:49","slug":"asukasyhdistyksen-toiminnan-vaikutuksia","status":"publish","type":"page","link":"https:\/\/kylat.meitadev.fi\/lpretela\/esittely\/asukasyhdistyksen-toiminnan-vaikutuksia\/","title":{"rendered":"Asukasyhdistyksen toiminnan vaikutuksia"},"content":{"rendered":"<p>Asukasyhdistyksen aktiivisen aloitetoiminnan ansiosta Karhuvuoren p\u00e4iv\u00e4koti sai laajennusosan, joka aloitti toimintansa 1.1.2008. L\u00e4hivuosina kaupunki rakentaa Myllym\u00e4en koulun l\u00e4heisyyteen aivan uuden Myllym\u00e4en p\u00e4iv\u00e4kodin.Aloitetoiminnan avulla on my\u00f6s edistetty mm. kevyenliikenteen v\u00e4yl\u00e4n loppuun rakentamista aina Mainaanm\u00e4elle asti. Se on ollut ahkerassa k\u00e4yt\u00f6ss\u00e4 jo alkukes\u00e4st\u00e4 2009.<\/p>\n<p>Muita asukasyhdistyksen ja alueraadin avustuksella\u00a0 saavutettuja asioita:<br \/>\n&#8211; Karhuvuoren kent\u00e4n j\u00e4\u00e4kiekkokaukalo 2008<br \/>\n&#8211; &#8217;Helvinkuja&#8217; Hyrym\u00e4ess\u00e4 2009<br \/>\n&#8211; Lakkapuiston leikkipuisto 2010<br \/>\n&#8211; P\u00e4\u00e4llyst\u00e4m\u00e4tt\u00f6mien katuosuuksien asfaltointi 2010<\/p>\n<p>Tulevia vaikuttamisen painopistealueita ovat edelleen mm. riitt\u00e4vien koulu- ja p\u00e4iv\u00e4hoitopaikkojen takaaminen alueen lapsille sek\u00e4 nuorisotilojen j\u00e4rjest\u00e4minen ja paremmat joukkoliikenneyhteydet etel\u00e4iselle alueelle.<\/p>\n<p>Mik\u00e4li mieless\u00e4si on jokin asia, jota haluaisit asukasyhdistyksen l\u00e4htev\u00e4n viem\u00e4\u00e4n eteenp\u00e4in tai johon haluaisit asukasyhdistyksen ottavan kantaa, ota rohkeasti yhteytt\u00e4 johonkuhun hallituksen j\u00e4senist\u00e4!<\/p>\n","protected":false},"excerpt":{"rendered":"<p>Asukasyhdistyksen aktiivisen aloitetoiminnan ansiosta Karhuvuoren p\u00e4iv\u00e4koti sai laajennusosan, joka aloitti toimintansa 1.1.2008. L\u00e4hivuosina kaupunki rakentaa Myllym\u00e4en koulun l\u00e4heisyyteen aivan uuden Myllym\u00e4en p\u00e4iv\u00e4kodin.Aloitetoiminnan avulla on my\u00f6s edistetty mm. kevyenliikenteen v\u00e4yl\u00e4n loppuun rakentamista aina Mainaanm\u00e4elle asti. Se on ollut ahkerassa k\u00e4yt\u00f6ss\u00e4 jo &hellip; <a href=\"https:\/\/kylat.meitadev.fi\/lpretela\/esittely\/asukasyhdistyksen-toiminnan-vaikutuksia\/\">Lue loppuun <span class=\"meta-nav\">&rarr;<\/span><\/a><\/p>\n","protected":false},"author":66,"featured_media":0,"parent":12,"menu_order":0,"comment_status":"closed","ping_status":"closed","template":"","meta":{"footnotes":""},"_links":{"self":[{"href":"https:\/\/kylat.meitadev.fi\/lpretela\/wp-json\/wp\/v2\/pages\/230"}],"collection":[{"href":"https:\/\/kylat.meitadev.fi\/lpretela\/wp-json\/wp\/v2\/pages"}],"about":[{"href":"https:\/\/kylat.meitadev.fi\/lpretela\/wp-json\/wp\/v2\/types\/page"}],"author":[{"embeddable":true,"href":"https:\/\/kylat.meitadev.fi\/lpretela\/wp-json\/wp\/v2\/users\/66"}],"replies":[{"embeddable":true,"href":"https:\/\/kylat.meitadev.fi\/lpretela\/wp-json\/wp\/v2\/comments?post=230"}],"version-history":[{"count":5,"href":"https:\/\/kylat.meitadev.fi\/lpretela\/wp-json\/wp\/v2\/pages\/230\/revisions"}],"predecessor-version":[{"id":289,"href":"https:\/\/kylat.meitadev.fi\/lpretela\/wp-json\/wp\/v2\/pages\/230\/revisions\/289"}],"up":[{"embeddable":true,"href":"https:\/\/kylat.meitadev.fi\/lpretela\/wp-json\/wp\/v2\/pages\/12"}],"wp:attachment":[{"href":"https:\/\/kylat.meitadev.fi\/lpretela\/wp-json\/wp\/v2\/media?parent=230"}],"curies":[{"name":"wp","href":"https:\/\/api.w.org\/{rel}","templated":true}]}}