{"id":271,"date":"2012-01-30T13:36:56","date_gmt":"2012-01-30T13:36:56","guid":{"rendered":"https:\/\/kylat.meitadev.fi\/lpretela\/?page_id=271"},"modified":"2012-01-30T14:28:54","modified_gmt":"2012-01-30T14:28:54","slug":"palvelut","status":"publish","type":"page","link":"https:\/\/kylat.meitadev.fi\/lpretela\/palvelut\/","title":{"rendered":"Palvelut"},"content":{"rendered":"<p>Lappeenrannan Etel\u00e4alueen asukasyhdistyksen alueen palveluita:<\/p>\n<p><a href=\"https:\/\/kylat.meitadev.fi\/lpretela\/koulut\/\" target=\"_blank\">Peruskoulut<\/a><br \/>\n<a href=\"https:\/\/kylat.meitadev.fi\/lpretela\/paivahoito\/\" target=\"_blank\"> P\u00e4iv\u00e4hoito<\/a><br \/>\n<a href=\"https:\/\/kylat.meitadev.fi\/lpretela\/liikenne\/\" target=\"_blank\">Liikkuminen ja yhteydet\u00a0<\/a><\/p>\n<p>Lappeenrannan kaupunki haluaa panostaa asukkaittensa viihtyvyyteen. Yhteisty\u00f6 kaupunginosayhdistysten ja kylien kanssa mahdollistaa asukkaiden tarpeiden paremman huomioimisen.<a href=\"http:\/\/www.lappeenranta.fi\/Suomeksi\/Palvelut\/Asukas-_ja_aluetoiminta.iw3\" target=\"_blank\"> Lappeenrannan alueraatien, kaupunkiraadin ja l\u00e4hi\u00f6toimikunnan sivuilla<\/a> esitell\u00e4\u00e4n l\u00e4hemmin koko kaupungin asukas- ja aluetoimintaa.<\/p>\n<p>Asukkaille on my\u00f6s luotu nettiin oma <strong><a href=\"http:\/\/www.asukkaidenlappeenranta.fi\/etelainen.html\" target=\"_blank\">Asukkaiden Lappeenranta<\/a> <\/strong>-portaali, josta l\u00f6ytyv\u00e4t l\u00e4hemmin kaikki kaupungin alueet.<\/p>\n<p>&nbsp;<\/p>\n","protected":false},"excerpt":{"rendered":"<p>Lappeenrannan Etel\u00e4alueen asukasyhdistyksen alueen palveluita: Peruskoulut P\u00e4iv\u00e4hoito Liikkuminen ja yhteydet\u00a0 Lappeenrannan kaupunki haluaa panostaa asukkaittensa viihtyvyyteen. Yhteisty\u00f6 kaupunginosayhdistysten ja kylien kanssa mahdollistaa asukkaiden tarpeiden paremman huomioimisen. Lappeenrannan alueraatien, kaupunkiraadin ja l\u00e4hi\u00f6toimikunnan sivuilla esitell\u00e4\u00e4n l\u00e4hemmin koko kaupungin asukas- ja aluetoimintaa. Asukkaille &hellip; <a href=\"https:\/\/kylat.meitadev.fi\/lpretela\/palvelut\/\">Lue loppuun <span class=\"meta-nav\">&rarr;<\/span><\/a><\/p>\n","protected":false},"author":66,"featured_media":0,"parent":0,"menu_order":0,"comment_status":"closed","ping_status":"closed","template":"","meta":{"footnotes":""},"_links":{"self":[{"href":"https:\/\/kylat.meitadev.fi\/lpretela\/wp-json\/wp\/v2\/pages\/271"}],"collection":[{"href":"https:\/\/kylat.meitadev.fi\/lpretela\/wp-json\/wp\/v2\/pages"}],"about":[{"href":"https:\/\/kylat.meitadev.fi\/lpretela\/wp-json\/wp\/v2\/types\/page"}],"author":[{"embeddable":true,"href":"https:\/\/kylat.meitadev.fi\/lpretela\/wp-json\/wp\/v2\/users\/66"}],"replies":[{"embeddable":true,"href":"https:\/\/kylat.meitadev.fi\/lpretela\/wp-json\/wp\/v2\/comments?post=271"}],"version-history":[{"count":4,"href":"https:\/\/kylat.meitadev.fi\/lpretela\/wp-json\/wp\/v2\/pages\/271\/revisions"}],"predecessor-version":[{"id":290,"href":"https:\/\/kylat.meitadev.fi\/lpretela\/wp-json\/wp\/v2\/pages\/271\/revisions\/290"}],"wp:attachment":[{"href":"https:\/\/kylat.meitadev.fi\/lpretela\/wp-json\/wp\/v2\/media?parent=271"}],"curies":[{"name":"wp","href":"https:\/\/api.w.org\/{rel}","templated":true}]}}