{"id":28,"date":"2011-12-16T20:05:46","date_gmt":"2011-12-16T20:05:46","guid":{"rendered":"https:\/\/kylat.meitadev.fi\/lpretela\/?page_id=28"},"modified":"2011-12-16T20:19:20","modified_gmt":"2011-12-16T20:19:20","slug":"martat","status":"publish","type":"page","link":"https:\/\/kylat.meitadev.fi\/lpretela\/martat\/","title":{"rendered":"Martat"},"content":{"rendered":"<table id=\"TiedoteOtsikkoTaulu\" cellspacing=\"0\">\n<tbody>\n<tr>\n<td colspan=\"2\">\n<h1>Mukavaa tekemist\u00e4 ja yhdess\u00e4oloa Martoissa<\/h1>\n<\/td>\n<\/tr>\n<\/tbody>\n<\/table>\n<table cellspacing=\"0\">\n<tbody>\n<tr>\n<td colspan=\"2\">Etel\u00e4-Karjalassa toimii 80 Marttayhdistyst\u00e4 ja -kerhoa, joista yksi Lappeenrannan etel\u00e4alueella: Karhuvuoren Martat.<\/p>\n<p>Martat on kotitalousneuvontaa tekev\u00e4 kansalaisj\u00e4rjest\u00f6, joka edist\u00e4\u00e4 kotien ja perheiden hyvinvointia sek\u00e4 tarjoaa j\u00e4senilleen monipuolista toimintaa ja yhteiskunnallisen vaikuttamisen mahdollisuuksia.<\/p>\n<p>Ota yhteytt\u00e4 ja tule mukaan:<\/p>\n<p>Karhuvuoren Martat:<br \/>\npuheenjohtaja Erja Silventoinen puh. 040 762 0520, erja.silventoinen@pp.inet.fi<\/td>\n<\/tr>\n<\/tbody>\n<\/table>\n","protected":false},"excerpt":{"rendered":"<p>Mukavaa tekemist\u00e4 ja yhdess\u00e4oloa Martoissa Etel\u00e4-Karjalassa toimii 80 Marttayhdistyst\u00e4 ja -kerhoa, joista yksi Lappeenrannan etel\u00e4alueella: Karhuvuoren Martat. Martat on kotitalousneuvontaa tekev\u00e4 kansalaisj\u00e4rjest\u00f6, joka edist\u00e4\u00e4 kotien ja perheiden hyvinvointia sek\u00e4 tarjoaa j\u00e4senilleen monipuolista toimintaa ja yhteiskunnallisen vaikuttamisen mahdollisuuksia. Ota yhteytt\u00e4 ja &hellip; <a href=\"https:\/\/kylat.meitadev.fi\/lpretela\/martat\/\">Lue loppuun <span class=\"meta-nav\">&rarr;<\/span><\/a><\/p>\n","protected":false},"author":66,"featured_media":0,"parent":0,"menu_order":0,"comment_status":"closed","ping_status":"closed","template":"","meta":{"footnotes":""},"_links":{"self":[{"href":"https:\/\/kylat.meitadev.fi\/lpretela\/wp-json\/wp\/v2\/pages\/28"}],"collection":[{"href":"https:\/\/kylat.meitadev.fi\/lpretela\/wp-json\/wp\/v2\/pages"}],"about":[{"href":"https:\/\/kylat.meitadev.fi\/lpretela\/wp-json\/wp\/v2\/types\/page"}],"author":[{"embeddable":true,"href":"https:\/\/kylat.meitadev.fi\/lpretela\/wp-json\/wp\/v2\/users\/66"}],"replies":[{"embeddable":true,"href":"https:\/\/kylat.meitadev.fi\/lpretela\/wp-json\/wp\/v2\/comments?post=28"}],"version-history":[{"count":3,"href":"https:\/\/kylat.meitadev.fi\/lpretela\/wp-json\/wp\/v2\/pages\/28\/revisions"}],"predecessor-version":[{"id":58,"href":"https:\/\/kylat.meitadev.fi\/lpretela\/wp-json\/wp\/v2\/pages\/28\/revisions\/58"}],"wp:attachment":[{"href":"https:\/\/kylat.meitadev.fi\/lpretela\/wp-json\/wp\/v2\/media?parent=28"}],"curies":[{"name":"wp","href":"https:\/\/api.w.org\/{rel}","templated":true}]}}