{"id":32,"date":"2011-12-16T20:06:28","date_gmt":"2011-12-16T20:06:28","guid":{"rendered":"https:\/\/kylat.meitadev.fi\/lpretela\/?page_id=32"},"modified":"2012-09-08T20:54:09","modified_gmt":"2012-09-08T17:54:09","slug":"liikuntapaikat","status":"publish","type":"page","link":"https:\/\/kylat.meitadev.fi\/lpretela\/liikuntapaikat\/","title":{"rendered":"Monipuolisia liikuntamahdollisuuksia"},"content":{"rendered":"<div style=\"text-align: left\">\n<p>Sis\u00e4liikuntamahdollisuuksia etel\u00e4osassa tarjoaa Myllym\u00e4en koulun liikuntasali, jossa liikutaan niin <a href=\"https:\/\/kylat.meitadev.fi\/lpretela\/liikuntavuorot-myllymaen-koululla\/\" target=\"_blank\">asukasyhdistyksen<\/a> kuin urheiluseurojen ja kansalaisopiston liikuntaryhmien voimin.<\/p>\n<p>Ulkoliikuntapaikkoja on tarjolla sek\u00e4 kes\u00e4- ett\u00e4 talviurheiluun:<br \/>\n<a href=\"https:\/\/kylat.meitadev.fi\/lpretela\/category\/karhuvuoren-kaukalo\/\" target=\"_blank\"> &#8211; Karhuvuoren pallokentt\u00e4\/luistinrata ja kaukalo<\/a><br \/>\n&#8211; Myllym\u00e4en koulun luistinrata ja hiihtoladut<br \/>\n&#8211; Karhuvuoren valaistu pururata\/latu 1700 m.\u00a0Talviaikaan etel\u00e4alueella on my\u00f6s hyv\u00e4t kansanhiihtoladut, joissa useimmilla on mahdollista hiiht\u00e4\u00e4 my\u00f6s luistelutyylill\u00e4.<\/p>\n<p>Maaseutualueen liikuntapaikkoja:<br \/>\n&#8211; Kalliokosken pallokentt\u00e4<br \/>\n&#8211; Kalliokosken uimaranta<br \/>\n&#8211; Em. kansanhiihtoladut<\/p>\n<p>Mukavia retkikohteita lasten kanssa ovat mm. Lasolan laavu (kiva my\u00f6s kes\u00e4aikaan) sek\u00e4 H\u00e4mm\u00e4auteensuo.<\/p>\n<p>Lis\u00e4\u00e4 tietoa yll\u00e4olevista liikuntapaikoista l\u00f6ytyy\u00a0<a href=\"http:\/\/www.lappeenranta.fi\/Suomeksi\/Palvelut\/Liikunta_ja_ulkoilu.iw3\" target=\"_blank\">Lappeenrannan kaupungin sivuilta<\/a>.<\/p>\n<\/div>\n","protected":false},"excerpt":{"rendered":"<p>Sis\u00e4liikuntamahdollisuuksia etel\u00e4osassa tarjoaa Myllym\u00e4en koulun liikuntasali, jossa liikutaan niin asukasyhdistyksen kuin urheiluseurojen ja kansalaisopiston liikuntaryhmien voimin. Ulkoliikuntapaikkoja on tarjolla sek\u00e4 kes\u00e4- ett\u00e4 talviurheiluun: &#8211; Karhuvuoren pallokentt\u00e4\/luistinrata ja kaukalo &#8211; Myllym\u00e4en koulun luistinrata ja hiihtoladut &#8211; Karhuvuoren valaistu pururata\/latu 1700 m.\u00a0Talviaikaan &hellip; <a href=\"https:\/\/kylat.meitadev.fi\/lpretela\/liikuntapaikat\/\">Lue loppuun <span class=\"meta-nav\">&rarr;<\/span><\/a><\/p>\n","protected":false},"author":66,"featured_media":0,"parent":0,"menu_order":0,"comment_status":"closed","ping_status":"closed","template":"","meta":{"footnotes":""},"_links":{"self":[{"href":"https:\/\/kylat.meitadev.fi\/lpretela\/wp-json\/wp\/v2\/pages\/32"}],"collection":[{"href":"https:\/\/kylat.meitadev.fi\/lpretela\/wp-json\/wp\/v2\/pages"}],"about":[{"href":"https:\/\/kylat.meitadev.fi\/lpretela\/wp-json\/wp\/v2\/types\/page"}],"author":[{"embeddable":true,"href":"https:\/\/kylat.meitadev.fi\/lpretela\/wp-json\/wp\/v2\/users\/66"}],"replies":[{"embeddable":true,"href":"https:\/\/kylat.meitadev.fi\/lpretela\/wp-json\/wp\/v2\/comments?post=32"}],"version-history":[{"count":7,"href":"https:\/\/kylat.meitadev.fi\/lpretela\/wp-json\/wp\/v2\/pages\/32\/revisions"}],"predecessor-version":[{"id":354,"href":"https:\/\/kylat.meitadev.fi\/lpretela\/wp-json\/wp\/v2\/pages\/32\/revisions\/354"}],"wp:attachment":[{"href":"https:\/\/kylat.meitadev.fi\/lpretela\/wp-json\/wp\/v2\/media?parent=32"}],"curies":[{"name":"wp","href":"https:\/\/api.w.org\/{rel}","templated":true}]}}