{"id":34,"date":"2011-12-16T20:06:53","date_gmt":"2011-12-16T18:06:53","guid":{"rendered":"https:\/\/kylat.meitadev.fi\/lpretela\/?page_id=34"},"modified":"2016-05-15T20:51:02","modified_gmt":"2016-05-15T17:51:02","slug":"liikuntavuorot-myllymaen-koululla","status":"publish","type":"page","link":"https:\/\/kylat.meitadev.fi\/lpretela\/liikuntapaikat\/liikuntavuorot-myllymaen-koululla\/","title":{"rendered":"Myllym\u00e4en koulun liikuntasalivuorot lv 2015-2016"},"content":{"rendered":"<div style=\"text-align: left\"><span style=\"color: #000000\"><strong>KEV\u00c4\u00c4N 2016 LIIKUNTASALIVUOROT P\u00c4\u00c4TTYNEET! Aikuisten vuoroakaan ei ole en\u00e4\u00e4 16.5.2016, koska koululla alkaa kev\u00e4tjuhlaj\u00e4rjestelyt.\u00a0<\/strong><\/span><\/div>\n<table cellspacing=\"0\">\n<tbody>\n<tr>\n<td colspan=\"2\"><strong>Myllym\u00e4en koulun liikuntasalissa <\/strong>(Hiessillankatu 10)<strong><strong><strong> on kaksi asukasyhdistyksen hakemaa liikuntasalivuoroa:<\/strong><\/strong><\/strong><\/p>\n<ul>\n<li>0-8 v lapset: <strong>sunnuntaisin<\/strong>\u00a0klo 17.00-18.00, su 6.9.2015 alkaen.<br \/>\nVuorolla ei ole ohjattua toimintaa. Tarkoituksena on, ett\u00e4 lapset leikkiv\u00e4t ja pelaavat vanhempiensa opastuksella. Huom! Salivuoroille osallistutaan ns. &#8221;omalla vastuulla&#8221; eli jokaisella pit\u00e4isi olla voimassa oleva tapaturma- tai muu vastaava vakuutus, sit\u00e4 ei ole hoidettu asukasyhdistyksen toimesta.<br \/>\n<strong>Lukuvuonna 2015-2016 lasten salivuorosta ei perit\u00e4 mit\u00e4\u00e4n maksua, vaikka salivuorot ovatkin asukasyhdistykselle maksullisia.<\/strong>\u00a0Asukasyhdistys tarjoa salivuorot lapsille t\u00e4m\u00e4n lukuvuoden ajan veloituksetta. Salivuoroille ei edelleenk\u00e4\u00e4n tarvitse ilmoittautua erikseen.<\/li>\n<li>Nuorten ja aikuisten vuoro <strong>maanantaisin<\/strong> klo 19.30-21.00<br \/>\nAikuisten salivuorolla pelataan p\u00e4\u00e4asiassa s\u00e4hly\u00e4, mutta pidentynyt aika mahdollistaa my\u00f6s muita toiminnan muotoja, mik\u00e4li intoa salivuoron jakamiseen ja hallinointiin l\u00f6ytyy.\u00a0<strong>Aikuisten s\u00e4hlyvuoron hinnoittelusta ja j\u00e4rjestelyist\u00e4<\/strong> tiet\u00e4\u00e4 parhaiten Harri Ketvell (harri.ketvell@pp1.inet.fi).<\/li>\n<\/ul>\n<p>Asukasyhdistys pahoittelee muuttuneita varausaikoja ja viiv\u00e4stynytt\u00e4 tiedotusta. Toiminta on ollut katkolla jo useamman vuoden ajan uusien aktiivisten toimijoiden puutteesta johtuen, mutta toimintaa on jatkettu nimenomaan t\u00e4m\u00e4n loistavan, lapsille suuntautuvan toiminnan johdosta.\u00a0Jo monta vuotta samalla kokoonpanolla toiminut asukasyhdistyksen hallitus\u00a0on pyyt\u00e4nyt salivuoroille osallistuvia perheit\u00e4 ja aikuisten vuoroille osallistuvia tulemaan aktiivisemmin mukaan toimintaan ja osallistumaan nimenomaan t\u00e4m\u00e4n salivuoron hallinointiin, jotta jatkuvuus voidaan taata my\u00f6s tulevina vuosina, koska Lappeenrannan kaupunki ei vuokraa tiloja yksityisille henkil\u00f6ille, vaan hallinnoijana t\u00e4ytyy olla esim. asukasyhdistys. <strong>Jos salivuoroille halutaan jatkuvuutta tuleville lukuvuosille, tarvitaan toimintaan mukaan henkil\u00f6it\u00e4, jotka voivat huolehtia vuosittain salivuorojen varauksesta ja salimaksujen perimisest\u00e4.<\/strong><\/td>\n<\/tr>\n<\/tbody>\n<\/table>\n","protected":false},"excerpt":{"rendered":"<p>KEV\u00c4\u00c4N 2016 LIIKUNTASALIVUOROT P\u00c4\u00c4TTYNEET! Aikuisten vuoroakaan ei ole en\u00e4\u00e4 16.5.2016, koska koululla alkaa kev\u00e4tjuhlaj\u00e4rjestelyt.\u00a0 Myllym\u00e4en koulun liikuntasalissa (Hiessillankatu 10) on kaksi asukasyhdistyksen hakemaa liikuntasalivuoroa: 0-8 v lapset: sunnuntaisin\u00a0klo 17.00-18.00, su 6.9.2015 alkaen. Vuorolla ei ole ohjattua toimintaa. Tarkoituksena on, ett\u00e4 &hellip; <a href=\"https:\/\/kylat.meitadev.fi\/lpretela\/liikuntapaikat\/liikuntavuorot-myllymaen-koululla\/\">Lue loppuun <span class=\"meta-nav\">&rarr;<\/span><\/a><\/p>\n","protected":false},"author":66,"featured_media":0,"parent":32,"menu_order":0,"comment_status":"closed","ping_status":"closed","template":"","meta":{"footnotes":""},"_links":{"self":[{"href":"https:\/\/kylat.meitadev.fi\/lpretela\/wp-json\/wp\/v2\/pages\/34"}],"collection":[{"href":"https:\/\/kylat.meitadev.fi\/lpretela\/wp-json\/wp\/v2\/pages"}],"about":[{"href":"https:\/\/kylat.meitadev.fi\/lpretela\/wp-json\/wp\/v2\/types\/page"}],"author":[{"embeddable":true,"href":"https:\/\/kylat.meitadev.fi\/lpretela\/wp-json\/wp\/v2\/users\/66"}],"replies":[{"embeddable":true,"href":"https:\/\/kylat.meitadev.fi\/lpretela\/wp-json\/wp\/v2\/comments?post=34"}],"version-history":[{"count":21,"href":"https:\/\/kylat.meitadev.fi\/lpretela\/wp-json\/wp\/v2\/pages\/34\/revisions"}],"predecessor-version":[{"id":429,"href":"https:\/\/kylat.meitadev.fi\/lpretela\/wp-json\/wp\/v2\/pages\/34\/revisions\/429"}],"up":[{"embeddable":true,"href":"https:\/\/kylat.meitadev.fi\/lpretela\/wp-json\/wp\/v2\/pages\/32"}],"wp:attachment":[{"href":"https:\/\/kylat.meitadev.fi\/lpretela\/wp-json\/wp\/v2\/media?parent=34"}],"curies":[{"name":"wp","href":"https:\/\/api.w.org\/{rel}","templated":true}]}}