{"id":36,"date":"2011-12-16T20:07:15","date_gmt":"2011-12-16T20:07:15","guid":{"rendered":"https:\/\/kylat.meitadev.fi\/lpretela\/?page_id=36"},"modified":"2016-05-15T21:09:06","modified_gmt":"2016-05-15T18:09:06","slug":"info","status":"publish","type":"page","link":"https:\/\/kylat.meitadev.fi\/lpretela\/info\/","title":{"rendered":"Uutiset"},"content":{"rendered":"<div style=\"text-align: left\">\n<p><strong>Asukasyhdistyksen vuosikokous\u00a0pidet\u00e4\u00e4n keskiviikkona 18.5.2016 klo 18.00. Kokous pidet\u00e4\u00e4n Myllym\u00e4en koulun auditoriossa.\u00a0<\/strong>Kaikki ovat tervetulleita paikalle<span style=\"color: #333333\">.\u00a0Alla olevan linkin takana on vuoden takaisen kokouksen esityslista. T\u00e4m\u00e4n kev\u00e4\u00e4n esityslista on sis\u00e4ll\u00f6lt\u00e4\u00e4n aivan sama, vain p\u00e4iv\u00e4m\u00e4\u00e4r\u00e4, kellonaika ja kokouspaikka vaihtuvat.<\/span><\/p>\n<p>Yhdistyksen monta vuotta virassa toiminut hallitus ei jatka en\u00e4\u00e4 toimintaa. Mik\u00e4li yhdistyksen hallitukseen ei saada uusia toimijoita, p\u00e4\u00e4tt\u00e4\u00e4 kokous yhdistyksen lopettamisesta. Yhdistyksen toimintaa voidaan jatkaa, mik\u00e4li yhdistykselle saadaan uuden puheenjohtajan lis\u00e4ksi v\u00e4hint\u00e4\u00e4n viisi uutta hallituksen j\u00e4sent\u00e4.<\/p>\n<p><a href=\"https:\/\/kylat.meitadev.fi\/lpretela\/wp-content\/uploads\/sites\/32\/2015\/05\/Vuosikokous_2015.pdf\">Vuosikokous_2015<\/a><\/p>\n<h1>\u00a0&#8230;&#8230;&#8230;&#8230;&#8230;&#8230;&#8230;&#8230;&#8230;&#8230;&#8230;&#8230;&#8230;&#8230;&#8230;&#8230;&#8230;&#8230;&#8230;&#8230;&#8230;&#8230;&#8230;&#8230;&#8230;&#8230;&#8230;&#8230;&#8230;&#8230;&#8230;&#8230;&#8230;&#8230;&#8230;&#8230;&#8230;&#8230;&#8230;&#8230;&#8230;<\/h1>\n<p><strong>ASUKASYHDISTYKSEN Hallituksen kokous pidet\u00e4\u00e4n tarpeen mukaan. Kokouksesta ilmoitetaan henkil\u00f6kohtaisella s\u00e4hk\u00f6postilla hallituksen j\u00e4senille ja muulle j\u00e4senist\u00f6lle\u00a0netti ja Facebook sivujen\u00a0kautta.<\/strong><\/p>\n<h1><strong>\u2026\u2026\u2026\u2026\u2026\u2026\u2026\u2026\u2026\u2026\u2026\u2026\u2026\u2026\u2026\u2026\u2026\u2026\u2026\u2026\u2026\u2026\u2026\u2026\u2026\u2026\u2026\u2026\u2026\u2026\u2026\u2026\u2026<\/strong><\/h1>\n<p><strong><a title=\"Liikuntavuorot Myllym\u00e4en koululla 2011-2012\" href=\"https:\/\/kylat.meitadev.fi\/lpretela\/liikuntavuorot-myllymaen-koululla\/\" target=\"_blank\">MYLLYM\u00c4EN KOULUN SALIVUOROT lapsille, nuorille ja aikuisille!<br \/>\n<\/a><\/strong>Katso linkki.<\/p>\n<h1><strong>\u2026\u2026\u2026\u2026\u2026\u2026\u2026\u2026\u2026\u2026\u2026\u2026\u2026\u2026\u2026\u2026\u2026\u2026\u2026\u2026\u2026\u2026\u2026\u2026\u2026\u2026\u2026\u2026\u2026\u2026\u2026\u2026\u2026\u2026\u2026\u2026\u2026\u2026\u2026\u2026<\/strong><\/h1>\n<h1><span style=\"color: #ff0000\"><strong>Yhdistyksen uusi tiedotus kanava\u00a0avattu\u00a0\u00a0 <span style=\"font-family: Arial;font-size: large\"><a href=\"https:\/\/www.facebook.com\/#!\/lappeenrannanetelaalueenasukasyhdistys\">https:\/\/www.facebook.com\/#!\/lappeenrannanetelaalueenasukasyhdistys<\/a><\/span><\/strong><\/span><\/h1>\n<p>Seuraa Facebook sivujamme, niin tied\u00e4t mit\u00e4 alueellamme tapahtuu!<\/p>\n<p>&nbsp;<\/p>\n<\/div>\n<p>&nbsp;<\/p>\n<p>&nbsp;<\/p>\n<p>&nbsp;<\/p>\n","protected":false},"excerpt":{"rendered":"<p>Asukasyhdistyksen vuosikokous\u00a0pidet\u00e4\u00e4n keskiviikkona 18.5.2016 klo 18.00. Kokous pidet\u00e4\u00e4n Myllym\u00e4en koulun auditoriossa.\u00a0Kaikki ovat tervetulleita paikalle.\u00a0Alla olevan linkin takana on vuoden takaisen kokouksen esityslista. T\u00e4m\u00e4n kev\u00e4\u00e4n esityslista on sis\u00e4ll\u00f6lt\u00e4\u00e4n aivan sama, vain p\u00e4iv\u00e4m\u00e4\u00e4r\u00e4, kellonaika ja kokouspaikka vaihtuvat. Yhdistyksen monta vuotta virassa toiminut &hellip; <a href=\"https:\/\/kylat.meitadev.fi\/lpretela\/info\/\">Lue loppuun <span class=\"meta-nav\">&rarr;<\/span><\/a><\/p>\n","protected":false},"author":66,"featured_media":0,"parent":0,"menu_order":0,"comment_status":"closed","ping_status":"closed","template":"sidebar-page.php","meta":{"footnotes":""},"_links":{"self":[{"href":"https:\/\/kylat.meitadev.fi\/lpretela\/wp-json\/wp\/v2\/pages\/36"}],"collection":[{"href":"https:\/\/kylat.meitadev.fi\/lpretela\/wp-json\/wp\/v2\/pages"}],"about":[{"href":"https:\/\/kylat.meitadev.fi\/lpretela\/wp-json\/wp\/v2\/types\/page"}],"author":[{"embeddable":true,"href":"https:\/\/kylat.meitadev.fi\/lpretela\/wp-json\/wp\/v2\/users\/66"}],"replies":[{"embeddable":true,"href":"https:\/\/kylat.meitadev.fi\/lpretela\/wp-json\/wp\/v2\/comments?post=36"}],"version-history":[{"count":35,"href":"https:\/\/kylat.meitadev.fi\/lpretela\/wp-json\/wp\/v2\/pages\/36\/revisions"}],"predecessor-version":[{"id":430,"href":"https:\/\/kylat.meitadev.fi\/lpretela\/wp-json\/wp\/v2\/pages\/36\/revisions\/430"}],"wp:attachment":[{"href":"https:\/\/kylat.meitadev.fi\/lpretela\/wp-json\/wp\/v2\/media?parent=36"}],"curies":[{"name":"wp","href":"https:\/\/api.w.org\/{rel}","templated":true}]}}