{"id":13,"date":"2014-02-24T11:20:53","date_gmt":"2014-02-24T09:20:53","guid":{"rendered":"https:\/\/kylat.meitadev.fi\/mattilamantylakuusela\/?page_id=13"},"modified":"2014-09-29T14:45:39","modified_gmt":"2014-09-29T11:45:39","slug":"tapahtumia","status":"publish","type":"page","link":"https:\/\/kylat.meitadev.fi\/mattilamantylakuusela\/tapahtumia\/","title":{"rendered":"TAPAHTUMIA"},"content":{"rendered":"<p>Yhdistyksemme j\u00e4rjest\u00e4\u00e4 erilaisia tapahtumia vuoden eri vaiheissa:<\/p>\n<p><strong>TALVI<\/strong><\/p>\n<ul>\n<li><strong>Uuden vuoden<\/strong>\u00a0<strong>vastaanotto<\/strong> Mattilan lammella<\/li>\n<li><strong>Laskiaistapahtuma<\/strong>\u00a0Mattilan lammella laskiaissunnuntaisin<\/li>\n<\/ul>\n<p><strong>KEV\u00c4T<\/strong><\/p>\n<ul>\n<li><strong>Asukasyhdistyksen kev\u00e4tkokous<\/strong>\u00a0pidet\u00e4\u00e4n\u00a0 toivottavasti my\u00f6s jatkossa M\u00e4ntyl\u00e4n koululla. Kaikki asukkaat ovat tervetulleita! Kokouksessa k\u00e4sitell\u00e4\u00e4n mm. edellisen vuoden toimintakertomusta ja ajankohtaisia kaupunginosaan liittyvi\u00e4 asioita.<\/li>\n<li>Kev\u00e4\u00e4n\u00a0<strong>siivoustalkoot<\/strong>\u00a0pidet\u00e4\u00e4n Sorkilla eli Mattilan lammella yleens\u00e4 toukokuussa. Tarkoituksena on siivota lammen ymp\u00e4rist\u00f6\u00e4.<\/li>\n<\/ul>\n<p><strong>KES\u00c4<\/strong><\/p>\n<ul>\n<li>Kes\u00e4ll\u00e4 on osallistuttu erilaisiin <strong>turnauksiin\u00a0<\/strong>(mm. kyykk\u00e4turnauksiin ja kirkkovenesoutuihin) muiden asukasyhdistysten joukkueiden kesken.<\/li>\n<\/ul>\n<p><strong>SYKSY<\/strong><\/p>\n<ul>\n<li>Loppusyksyst\u00e4 pidet\u00e4\u00e4n\u00a0<strong>asukasyhdistyksen<\/strong>\u00a0<strong>syyskokous<\/strong>, jossa valitaan uusi johtokunta ja p\u00e4\u00e4tet\u00e4\u00e4n seuraavan vuoden toimintasuunnitelmasta ja budjestista.<\/li>\n<\/ul>\n<p><strong>Lis\u00e4ksi:<\/strong><\/p>\n<ul>\n<li>Pid\u00e4mme<strong>\u00a0asukasiltoja<\/strong>\u00a0ajankohtaisista asioista tarpeen mukaan.<\/li>\n<li>Yhdistyksemme edustajia on osallistunut\u00a0 kaupungin\u00a0<a href=\"http:\/\/www.lappeenranta.fi\/Suomeksi\/Palvelut\/Asukas--ja-aluetoiminta\/Alueraadit\/Etelainen-alueraati\" target=\"_blank\">Etel\u00e4isen alueraadin\u00a0toimintaan<\/a>.<\/li>\n<\/ul>\n<p>&nbsp;<\/p>\n<p>Mit\u00e4 muita tapahtumia sinulla on tiedossa? Kerro alla olevalla lomakkeella:<\/p>\n<p>&nbsp;<\/p>\n","protected":false},"excerpt":{"rendered":"<p>Yhdistyksemme j\u00e4rjest\u00e4\u00e4 erilaisia tapahtumia vuoden eri vaiheissa: TALVI Uuden vuoden\u00a0vastaanotto Mattilan lammella Laskiaistapahtuma\u00a0Mattilan lammella laskiaissunnuntaisin KEV\u00c4T Asukasyhdistyksen kev\u00e4tkokous\u00a0pidet\u00e4\u00e4n\u00a0 toivottavasti my\u00f6s jatkossa M\u00e4ntyl\u00e4n koululla. Kaikki asukkaat ovat tervetulleita! Kokouksessa k\u00e4sitell\u00e4\u00e4n mm. edellisen vuoden toimintakertomusta ja ajankohtaisia kaupunginosaan liittyvi\u00e4 asioita. Kev\u00e4\u00e4n\u00a0siivoustalkoot\u00a0pidet\u00e4\u00e4n Sorkilla eli Mattilan lammella yleens\u00e4 toukokuussa. Tarkoituksena on siivota lammen ymp\u00e4rist\u00f6\u00e4. KES\u00c4 Kes\u00e4ll\u00e4 on osallistuttu erilaisiin &hellip; <a href=\"https:\/\/kylat.meitadev.fi\/mattilamantylakuusela\/tapahtumia\/\" class=\"more-link\">Continue reading <span class=\"screen-reader-text\">TAPAHTUMIA<\/span><\/a><\/p>\n","protected":false},"author":1,"featured_media":0,"parent":0,"menu_order":0,"comment_status":"open","ping_status":"closed","template":"","meta":{"footnotes":""},"_links":{"self":[{"href":"https:\/\/kylat.meitadev.fi\/mattilamantylakuusela\/wp-json\/wp\/v2\/pages\/13"}],"collection":[{"href":"https:\/\/kylat.meitadev.fi\/mattilamantylakuusela\/wp-json\/wp\/v2\/pages"}],"about":[{"href":"https:\/\/kylat.meitadev.fi\/mattilamantylakuusela\/wp-json\/wp\/v2\/types\/page"}],"author":[{"embeddable":true,"href":"https:\/\/kylat.meitadev.fi\/mattilamantylakuusela\/wp-json\/wp\/v2\/users\/1"}],"replies":[{"embeddable":true,"href":"https:\/\/kylat.meitadev.fi\/mattilamantylakuusela\/wp-json\/wp\/v2\/comments?post=13"}],"version-history":[{"count":11,"href":"https:\/\/kylat.meitadev.fi\/mattilamantylakuusela\/wp-json\/wp\/v2\/pages\/13\/revisions"}],"predecessor-version":[{"id":222,"href":"https:\/\/kylat.meitadev.fi\/mattilamantylakuusela\/wp-json\/wp\/v2\/pages\/13\/revisions\/222"}],"wp:attachment":[{"href":"https:\/\/kylat.meitadev.fi\/mattilamantylakuusela\/wp-json\/wp\/v2\/media?parent=13"}],"curies":[{"name":"wp","href":"https:\/\/api.w.org\/{rel}","templated":true}]}}