{"id":18,"date":"2014-02-24T11:21:55","date_gmt":"2014-02-24T09:21:55","guid":{"rendered":"https:\/\/kylat.meitadev.fi\/mattilamantylakuusela\/?page_id=18"},"modified":"2014-09-29T14:42:50","modified_gmt":"2014-09-29T11:42:50","slug":"kerhotoimintaa","status":"publish","type":"page","link":"https:\/\/kylat.meitadev.fi\/mattilamantylakuusela\/kerhotoimintaa\/","title":{"rendered":"KERHOTOIMINTAA"},"content":{"rendered":"<p>Alueellamme toimii erilaisia kerhoja mm.<\/p>\n<p><b>Partiolippukunnat<\/b><\/p>\n<p>Vuorenveikot (pojat) ja Parveilijat (tyt\u00f6t). Heill\u00e4 on oma kolo Virel\u00e4ss\u00e4 tehdasalueen vierell\u00e4.<\/p>\n<p><img loading=\"lazy\" decoding=\"async\" alt=\"\" src=\"http:\/\/194.251.35.222\/Kuvat\/World_go.png\" width=\"16\" height=\"16\" \/>\u00a0<a title=\"\" href=\"https:\/\/www.facebook.com\/Parveilijatry\" target=\"_new\">Parveilijat Facebookissa<\/a><br \/>\n<img loading=\"lazy\" decoding=\"async\" alt=\"\" src=\"http:\/\/194.251.35.222\/Kuvat\/World_go.png\" width=\"16\" height=\"16\" \/>\u00a0<a title=\"\" href=\"http:\/\/www.vuorenveikot.net\/\" target=\"_new\">Vuorenveikot<\/a><br \/>\n<img loading=\"lazy\" decoding=\"async\" alt=\"\" src=\"http:\/\/194.251.35.222\/Kuvat\/World_go.png\" width=\"16\" height=\"16\" \/>\u00a0<a title=\"\" href=\"https:\/\/www.facebook.com\/vuorenveikot?fref=ts\" target=\"_new\">Vuorenveikot Facebookissa<\/a><\/p>\n<p><b>Kotka-kerho<br \/>\n<\/b>5-12 -vuotiaille<br \/>\nTIISTAISIN klo 16-17<br \/>\nM\u00e4ntyl\u00e4n koululla<\/p>\n<p>ohjelmassa on liikuntaa, askartelua ja muuta mukavaa<\/p>\n<p><b>Seurakunnan perhekerho<br \/>\n<\/b>TORSTAISIN klo 9-11<br \/>\nM\u00e4ntyl\u00e4n kerhotilassa (M\u00e4ntyl\u00e4ntie 7)<\/p>\n<p><img loading=\"lazy\" decoding=\"async\" alt=\"\" src=\"http:\/\/194.251.35.222\/Kuvat\/World_go.png\" width=\"16\" height=\"16\" \/>\u00a0<a title=\"\" href=\"http:\/\/www.lappeenrannanseurakunnat.fi\/yhteiset_tyomuodot\/lapsityo\/perhekerhot\/\" target=\"_new\">Seurakunnan sivut<\/a><\/p>\n<p><strong>J\u00e4rjest\u00f6t hoi!<\/strong><br \/>\nIlmoittakaa s\u00e4\u00e4nn\u00f6llisest\u00e4 toiminnastanne vastaamalla alla olevalla lomakkeella tai Palautteen alta &#8221;Terveisi\u00e4 yhdistykselle&#8221; -linkin avulla, niin teid\u00e4t mainitaan t\u00e4ss\u00e4.<\/p>\n","protected":false},"excerpt":{"rendered":"<p>Alueellamme toimii erilaisia kerhoja mm. Partiolippukunnat Vuorenveikot (pojat) ja Parveilijat (tyt\u00f6t). Heill\u00e4 on oma kolo Virel\u00e4ss\u00e4 tehdasalueen vierell\u00e4. \u00a0Parveilijat Facebookissa \u00a0Vuorenveikot \u00a0Vuorenveikot Facebookissa Kotka-kerho 5-12 -vuotiaille TIISTAISIN klo 16-17 M\u00e4ntyl\u00e4n koululla ohjelmassa on liikuntaa, askartelua ja muuta mukavaa Seurakunnan perhekerho TORSTAISIN klo 9-11 M\u00e4ntyl\u00e4n kerhotilassa (M\u00e4ntyl\u00e4ntie 7) \u00a0Seurakunnan sivut J\u00e4rjest\u00f6t hoi! Ilmoittakaa s\u00e4\u00e4nn\u00f6llisest\u00e4 toiminnastanne vastaamalla &hellip; <a href=\"https:\/\/kylat.meitadev.fi\/mattilamantylakuusela\/kerhotoimintaa\/\" class=\"more-link\">Continue reading <span class=\"screen-reader-text\">KERHOTOIMINTAA<\/span><\/a><\/p>\n","protected":false},"author":1,"featured_media":0,"parent":0,"menu_order":0,"comment_status":"open","ping_status":"closed","template":"","meta":{"footnotes":""},"_links":{"self":[{"href":"https:\/\/kylat.meitadev.fi\/mattilamantylakuusela\/wp-json\/wp\/v2\/pages\/18"}],"collection":[{"href":"https:\/\/kylat.meitadev.fi\/mattilamantylakuusela\/wp-json\/wp\/v2\/pages"}],"about":[{"href":"https:\/\/kylat.meitadev.fi\/mattilamantylakuusela\/wp-json\/wp\/v2\/types\/page"}],"author":[{"embeddable":true,"href":"https:\/\/kylat.meitadev.fi\/mattilamantylakuusela\/wp-json\/wp\/v2\/users\/1"}],"replies":[{"embeddable":true,"href":"https:\/\/kylat.meitadev.fi\/mattilamantylakuusela\/wp-json\/wp\/v2\/comments?post=18"}],"version-history":[{"count":10,"href":"https:\/\/kylat.meitadev.fi\/mattilamantylakuusela\/wp-json\/wp\/v2\/pages\/18\/revisions"}],"predecessor-version":[{"id":217,"href":"https:\/\/kylat.meitadev.fi\/mattilamantylakuusela\/wp-json\/wp\/v2\/pages\/18\/revisions\/217"}],"wp:attachment":[{"href":"https:\/\/kylat.meitadev.fi\/mattilamantylakuusela\/wp-json\/wp\/v2\/media?parent=18"}],"curies":[{"name":"wp","href":"https:\/\/api.w.org\/{rel}","templated":true}]}}