{"id":24,"date":"2014-02-24T11:22:56","date_gmt":"2014-02-24T09:22:56","guid":{"rendered":"https:\/\/kylat.meitadev.fi\/mattilamantylakuusela\/?page_id=24"},"modified":"2014-09-29T14:43:25","modified_gmt":"2014-09-29T11:43:25","slug":"tarkeita-paikkoja","status":"publish","type":"page","link":"https:\/\/kylat.meitadev.fi\/mattilamantylakuusela\/tarkeita-paikkoja\/","title":{"rendered":"KESKEISIMM\u00c4T PAIKAT ALUEELLAMME"},"content":{"rendered":"<ul>\n<li>\u00a0Mattilan lampi ja urheilukentt\u00e4 (<a href=\"http:\/\/kartta.lappeenranta.fi\/IMS\/?layers=Opaskartta&amp;cp=6768817,28508475&amp;z=2&amp;title=Mattilan%20lampi\" target=\"_blank\">kartalla<\/a>)<\/li>\n<li>Pulkkam\u00e4ki lammen vieress\u00e4 (<a href=\"http:\/\/kartta.lappeenranta.fi\/IMS\/?layers=Ilmakuva&amp;cp=6768700,28508479&amp;z=0.5&amp;title=Pulkkam%C3%A4ki\" target=\"_blank\">kartalla<\/a>)<\/li>\n<li>Pururata\/hiihtolatu joka kiert\u00e4\u00e4 lammen ymp\u00e4rill\u00e4, 1,5 km.<br \/>\nAlueemme latuverkko yhdistyy\u00a0koko kaupungin latuverkostoon. (<a href=\"http:\/\/kartta.lappeenranta.fi\/IMS\/?layers=Opaskartta&amp;lon=Liikuntareitit&amp;cp=6768686,28508458&amp;z=4&amp;title=Kuntolenkit\" target=\"_blank\">kartalla<\/a>)<\/li>\n<li>Kalkkikaivos &#8221;Partek&#8221; (<a href=\"http:\/\/kartta.lappeenranta.fi\/IMS\/?layers=Opaskartta&amp;cp=6768942,28509790&amp;z=4&amp;title=Kalkkikaivos\" target=\"_blank\">kartalla<\/a>)<\/li>\n<\/ul>\n","protected":false},"excerpt":{"rendered":"<p>\u00a0Mattilan lampi ja urheilukentt\u00e4 (kartalla) Pulkkam\u00e4ki lammen vieress\u00e4 (kartalla) Pururata\/hiihtolatu joka kiert\u00e4\u00e4 lammen ymp\u00e4rill\u00e4, 1,5 km. Alueemme latuverkko yhdistyy\u00a0koko kaupungin latuverkostoon. (kartalla) Kalkkikaivos &#8221;Partek&#8221; (kartalla)<\/p>\n","protected":false},"author":1,"featured_media":0,"parent":0,"menu_order":0,"comment_status":"closed","ping_status":"closed","template":"","meta":{"footnotes":""},"_links":{"self":[{"href":"https:\/\/kylat.meitadev.fi\/mattilamantylakuusela\/wp-json\/wp\/v2\/pages\/24"}],"collection":[{"href":"https:\/\/kylat.meitadev.fi\/mattilamantylakuusela\/wp-json\/wp\/v2\/pages"}],"about":[{"href":"https:\/\/kylat.meitadev.fi\/mattilamantylakuusela\/wp-json\/wp\/v2\/types\/page"}],"author":[{"embeddable":true,"href":"https:\/\/kylat.meitadev.fi\/mattilamantylakuusela\/wp-json\/wp\/v2\/users\/1"}],"replies":[{"embeddable":true,"href":"https:\/\/kylat.meitadev.fi\/mattilamantylakuusela\/wp-json\/wp\/v2\/comments?post=24"}],"version-history":[{"count":12,"href":"https:\/\/kylat.meitadev.fi\/mattilamantylakuusela\/wp-json\/wp\/v2\/pages\/24\/revisions"}],"predecessor-version":[{"id":218,"href":"https:\/\/kylat.meitadev.fi\/mattilamantylakuusela\/wp-json\/wp\/v2\/pages\/24\/revisions\/218"}],"wp:attachment":[{"href":"https:\/\/kylat.meitadev.fi\/mattilamantylakuusela\/wp-json\/wp\/v2\/media?parent=24"}],"curies":[{"name":"wp","href":"https:\/\/api.w.org\/{rel}","templated":true}]}}