{"id":30,"date":"2014-02-24T11:24:08","date_gmt":"2014-02-24T09:24:08","guid":{"rendered":"https:\/\/kylat.meitadev.fi\/mattilamantylakuusela\/?page_id=30"},"modified":"2014-09-29T14:44:03","modified_gmt":"2014-09-29T11:44:03","slug":"liikenneyhteydet","status":"publish","type":"page","link":"https:\/\/kylat.meitadev.fi\/mattilamantylakuusela\/liikenneyhteydet\/","title":{"rendered":"LIIKENNEYHTEYDET"},"content":{"rendered":"<p>Kulkuyhteydet kaupungille ovat eritt\u00e4in sujuvat.<\/p>\n<p>Bussi nro 4 kulkee kaupunginosastamme keskustaan ja Karhuvuoreen.<br \/>\nLis\u00e4tietoa aikatauluista\u00a0l\u00f6yd\u00e4t\u00a0:<\/p>\n<p><a href=\"https:\/\/kylat.meitadev.fi\/mattilamantylakuusela\/wp-content\/uploads\/sites\/63\/2014\/09\/World_go.png\"><img loading=\"lazy\" decoding=\"async\" class=\"alignnone size-full wp-image-183\" alt=\"World_go\" src=\"https:\/\/kylat.meitadev.fi\/mattilamantylakuusela\/wp-content\/uploads\/sites\/63\/2014\/09\/World_go.png\" width=\"16\" height=\"16\" \/><\/a> <a href=\"http:\/\/www.lappeenranta.fi\/Suomeksi\/Palvelut\/Joukkoliikenne\/Aikataulut\" target=\"_blank\">Lappeenrannan kaupungin sivuilta<\/a><br \/>\n<img loading=\"lazy\" decoding=\"async\" alt=\"World_go\" src=\"https:\/\/kylat.meitadev.fi\/mattilamantylakuusela\/wp-content\/uploads\/sites\/63\/2014\/09\/World_go.png\" width=\"16\" height=\"16\" \/>\u00a0<a href=\"http:\/\/bussit.lappeenranta.fi\/bussit\/web?command=routes&amp;action=by_line&amp;active&amp;line=04&amp;icmd=ptimesearch&amp;iact=departures\" target=\"_blank\">Aikataulupalvelusta<\/a><\/p>\n<p>Alueelta on hyv\u00e4 opastettu py\u00f6r\u00e4tie keskustaan, jonne on matkaa\u00a0Mattilan Siwalta\u00a0n. 3,5 km ja M\u00e4ntyl\u00e4-Kuusela-alueelta n. 4,5 km (py\u00f6r\u00e4tiet <a href=\"http:\/\/kartta.lappeenranta.fi\/IMS\/?layers=Opaskartta&amp;lon=Py%C3%B6r%C3%A4reitit&amp;cp=6769474,28508978&amp;z=4&amp;title=Py%C3%B6r%C3%A4tiet\" target=\"_blank\">kartalla<\/a>).<\/p>\n<p>Henkil\u00f6autolla ajomatka kest\u00e4\u00e4 n. 5-10 minuuttia kauppatorille &#8211; koko matkan 4-kaistaista ajorataa pitkin!<\/p>\n<p>Peruskoulun yl\u00e4luokille Kes\u00e4m\u00e4enrinteelle on M\u00e4ntyl\u00e4st\u00e4 py\u00f6r\u00e4illen n.\u00a03 km. Mattilan kaupungin puoleisesta p\u00e4\u00e4st\u00e4 koululle on vain alle kilometrin matka turvallisesti 6-tien alittavan kevyenliikenteen tunnelin kautta.<\/p>\n","protected":false},"excerpt":{"rendered":"<p>Kulkuyhteydet kaupungille ovat eritt\u00e4in sujuvat. Bussi nro 4 kulkee kaupunginosastamme keskustaan ja Karhuvuoreen. Lis\u00e4tietoa aikatauluista\u00a0l\u00f6yd\u00e4t\u00a0: Lappeenrannan kaupungin sivuilta \u00a0Aikataulupalvelusta Alueelta on hyv\u00e4 opastettu py\u00f6r\u00e4tie keskustaan, jonne on matkaa\u00a0Mattilan Siwalta\u00a0n. 3,5 km ja M\u00e4ntyl\u00e4-Kuusela-alueelta n. 4,5 km (py\u00f6r\u00e4tiet kartalla). Henkil\u00f6autolla ajomatka kest\u00e4\u00e4 n. 5-10 minuuttia kauppatorille &#8211; koko matkan 4-kaistaista ajorataa pitkin! Peruskoulun yl\u00e4luokille Kes\u00e4m\u00e4enrinteelle on &hellip; <a href=\"https:\/\/kylat.meitadev.fi\/mattilamantylakuusela\/liikenneyhteydet\/\" class=\"more-link\">Continue reading <span class=\"screen-reader-text\">LIIKENNEYHTEYDET<\/span><\/a><\/p>\n","protected":false},"author":1,"featured_media":0,"parent":0,"menu_order":0,"comment_status":"closed","ping_status":"closed","template":"","meta":{"footnotes":""},"_links":{"self":[{"href":"https:\/\/kylat.meitadev.fi\/mattilamantylakuusela\/wp-json\/wp\/v2\/pages\/30"}],"collection":[{"href":"https:\/\/kylat.meitadev.fi\/mattilamantylakuusela\/wp-json\/wp\/v2\/pages"}],"about":[{"href":"https:\/\/kylat.meitadev.fi\/mattilamantylakuusela\/wp-json\/wp\/v2\/types\/page"}],"author":[{"embeddable":true,"href":"https:\/\/kylat.meitadev.fi\/mattilamantylakuusela\/wp-json\/wp\/v2\/users\/1"}],"replies":[{"embeddable":true,"href":"https:\/\/kylat.meitadev.fi\/mattilamantylakuusela\/wp-json\/wp\/v2\/comments?post=30"}],"version-history":[{"count":13,"href":"https:\/\/kylat.meitadev.fi\/mattilamantylakuusela\/wp-json\/wp\/v2\/pages\/30\/revisions"}],"predecessor-version":[{"id":219,"href":"https:\/\/kylat.meitadev.fi\/mattilamantylakuusela\/wp-json\/wp\/v2\/pages\/30\/revisions\/219"}],"wp:attachment":[{"href":"https:\/\/kylat.meitadev.fi\/mattilamantylakuusela\/wp-json\/wp\/v2\/media?parent=30"}],"curies":[{"name":"wp","href":"https:\/\/api.w.org\/{rel}","templated":true}]}}