{"id":107,"date":"2011-10-31T13:58:04","date_gmt":"2011-10-31T12:28:04","guid":{"rendered":"https:\/\/kylat.meitadev.fi\/mikkolanniemi\/?page_id=107"},"modified":"2020-11-05T13:46:20","modified_gmt":"2020-11-05T12:16:20","slug":"tapahtumat","status":"publish","type":"page","link":"https:\/\/kylat.meitadev.fi\/mikkolanniemi\/tapahtumat\/","title":{"rendered":"Teatteri 2021"},"content":{"rendered":"\n<p>Kes\u00e4ll\u00e4 2021 ei ole esityksi\u00e4!<\/p>\n\n\n<p style=\"text-align: left\">\u00a0<\/p>\n<p style=\"text-align: left\"><!-- [if gte mso 9]&gt;--><\/p>\n<p style=\"text-align: left\"><!-- [if gte mso 9]&gt;--><\/p>\n<p><!-- [if gte mso 10]&gt;--><\/p>","protected":false},"excerpt":{"rendered":"<p>Kes\u00e4ll\u00e4 2021 ei ole esityksi\u00e4! \u00a0<\/p>\n","protected":false},"author":65,"featured_media":0,"parent":0,"menu_order":1,"comment_status":"closed","ping_status":"closed","template":"","meta":{"footnotes":""},"_links":{"self":[{"href":"https:\/\/kylat.meitadev.fi\/mikkolanniemi\/wp-json\/wp\/v2\/pages\/107"}],"collection":[{"href":"https:\/\/kylat.meitadev.fi\/mikkolanniemi\/wp-json\/wp\/v2\/pages"}],"about":[{"href":"https:\/\/kylat.meitadev.fi\/mikkolanniemi\/wp-json\/wp\/v2\/types\/page"}],"author":[{"embeddable":true,"href":"https:\/\/kylat.meitadev.fi\/mikkolanniemi\/wp-json\/wp\/v2\/users\/65"}],"replies":[{"embeddable":true,"href":"https:\/\/kylat.meitadev.fi\/mikkolanniemi\/wp-json\/wp\/v2\/comments?post=107"}],"version-history":[{"count":20,"href":"https:\/\/kylat.meitadev.fi\/mikkolanniemi\/wp-json\/wp\/v2\/pages\/107\/revisions"}],"predecessor-version":[{"id":3027,"href":"https:\/\/kylat.meitadev.fi\/mikkolanniemi\/wp-json\/wp\/v2\/pages\/107\/revisions\/3027"}],"wp:attachment":[{"href":"https:\/\/kylat.meitadev.fi\/mikkolanniemi\/wp-json\/wp\/v2\/media?parent=107"}],"curies":[{"name":"wp","href":"https:\/\/api.w.org\/{rel}","templated":true}]}}