{"id":35,"date":"2011-10-26T12:34:18","date_gmt":"2011-10-26T11:04:18","guid":{"rendered":"https:\/\/kylat.meitadev.fi\/mikkolanniemi\/?page_id=35"},"modified":"2015-03-26T18:57:20","modified_gmt":"2015-03-26T17:27:20","slug":"majoitus-ja-juhlatilat","status":"publish","type":"page","link":"https:\/\/kylat.meitadev.fi\/mikkolanniemi\/majoitus-ja-juhlatilat\/","title":{"rendered":"Majoitus- ja juhlatilat"},"content":{"rendered":"<p><strong>Mikkolanniemen Toimintakeskus<\/strong><\/p>\n<p>&nbsp;<\/p>\n<div id=\"attachment_38\" style=\"width: 190px\" class=\"wp-caption alignleft\"><a href=\"https:\/\/kylat.meitadev.fi\/mikkolanniemi\/wp-content\/uploads\/sites\/31\/2011\/10\/sali.jpg\"><img loading=\"lazy\" decoding=\"async\" aria-describedby=\"caption-attachment-38\" class=\"size-full wp-image-38   \" src=\"https:\/\/kylat.meitadev.fi\/mikkolanniemi\/wp-content\/uploads\/sites\/31\/2011\/10\/sali.jpg\" alt=\"\" width=\"180\" height=\"120\" \/><\/a><p id=\"caption-attachment-38\" class=\"wp-caption-text\">Sali<\/p><\/div>\n<div id=\"attachment_348\" style=\"width: 171px\" class=\"wp-caption alignleft\"><a href=\"https:\/\/kylat.meitadev.fi\/mikkolanniemi\/wp-content\/uploads\/sites\/31\/2011\/10\/Leiril%C3%A4isetVen%C3%A4l%C3%A4iset-003-640x480.jpg\"><img loading=\"lazy\" decoding=\"async\" aria-describedby=\"caption-attachment-348\" class=\"size-full wp-image-348\" src=\"https:\/\/kylat.meitadev.fi\/mikkolanniemi\/wp-content\/uploads\/sites\/31\/2011\/10\/Leiril%C3%A4isetVen%C3%A4l%C3%A4iset-003-640x480.jpg\" alt=\"\" width=\"161\" height=\"120\" \/><\/a><p id=\"caption-attachment-348\" class=\"wp-caption-text\">Toimintakeskus<\/p><\/div>\n<div id=\"attachment_43\" style=\"width: 170px\" class=\"wp-caption alignleft\"><a href=\"https:\/\/kylat.meitadev.fi\/mikkolanniemi\/wp-content\/uploads\/sites\/31\/2011\/10\/sali2.jpg\"><img loading=\"lazy\" decoding=\"async\" aria-describedby=\"caption-attachment-43\" class=\"size-full wp-image-43\" src=\"https:\/\/kylat.meitadev.fi\/mikkolanniemi\/wp-content\/uploads\/sites\/31\/2011\/10\/sali2.jpg\" alt=\"\" width=\"160\" height=\"121\" \/><\/a><p id=\"caption-attachment-43\" class=\"wp-caption-text\">Sali<\/p><\/div>\n<p>&nbsp;<\/p>\n<p>&nbsp;<\/p>\n<p>&nbsp;<\/p>\n<p>&nbsp;<\/p>\n<p>&nbsp;<\/p>\n<p>Mikkolanniemen Toimintakeskus tarjoaa hyv\u00e4t mahdollisuudet retkeilyyn ja luontomatkailuun. Vaihtelevat vaellusreitit, hyv\u00e4t ladut ja l\u00e4heinen Tarassiinlahden lintutorni tarjoavat kiinnostavia luonto-el\u00e4myksi\u00e4.<\/p>\n<p>My\u00f6s majoitustilamme ovat laadukkaita. Tarjolla on 2 huoneistoa: 3h+k+sauna 81 m2, ja 2h+k+suihku 61 m2\u00a0\u00a0 sek\u00e4 4 kappaletta 3-6 hengen huonetta kaikin mukavuuksin.<br \/>\nToimintakeskus on my\u00f6s suosittu erilaisten tapahtumien pitopaikkana (leirikoulut, perhejuhlat, kokoukset yms.).<br \/>\nHinnasto:<br \/>\nY\u00f6pyminen alkaen 15 \u20ac\/hl\u00f6 (omat liinavaatteet)<br \/>\nAamupala ryhmille v\u00e4hint\u00e4\u00e4n 10 henkil\u00f6\u00e4, 7 \u20ac\/hl\u00f6<br \/>\nRuoka 9-15 \u20ac<\/p>\n<p>Raimo Penttinen, puh: 050 321 5745<br \/>\ns\u00e4hk\u00f6posti: mikkis.kyla(at) gmail.com<br \/>\nTervetuloa kyl\u00e4\u00e4n!<br \/>\n<a href=\"http:\/\/maps.google.fi\/maps?q=Mikkolanniementie%2030,%2059530%20MIKKOLANNIEMI\">Reittiohjeet<\/a><\/p>\n<p><strong><a href=\"https:\/\/kylat.meitadev.fi\/mikkolanniemi\/wp-content\/uploads\/sites\/31\/2011\/10\/Paritalo-640x480.jpg\"><img loading=\"lazy\" decoding=\"async\" class=\"alignleft size-full wp-image-357\" src=\"https:\/\/kylat.meitadev.fi\/mikkolanniemi\/wp-content\/uploads\/sites\/31\/2011\/10\/Paritalo-640x480.jpg\" alt=\"\" width=\"146\" height=\"118\" \/><\/a>Paritalo, huoneisto1 3h+k+ sauna 81m2<\/strong><br \/>\nPerushinnat:<br \/>\nVuorokausi 120 \u20ac (6 henkil\u00f6\u00e4)<br \/>\nViikonloppu 230 \u20ac\u00a0\u00a0 Viikko 580 \u20ac<br \/>\nLis\u00e4hinta +10 \u20ac\/hl\u00f6<br \/>\nLiinavaatteet lis\u00e4hintaan +10 \u20ac\/hl\u00f6<br \/>\n<a href=\"https:\/\/kylat.meitadev.fi\/mikkolanniemi\/wp-content\/uploads\/sites\/31\/2011\/10\/1.jpg\"><img loading=\"lazy\" decoding=\"async\" class=\"alignleft size-full wp-image-50\" src=\"https:\/\/kylat.meitadev.fi\/mikkolanniemi\/wp-content\/uploads\/sites\/31\/2011\/10\/1.jpg\" alt=\"\" width=\"145\" height=\"109\" \/><\/a>Loppusiivous 70 \u20ac<\/p>\n<p>&nbsp;<\/p>\n<p>&nbsp;<\/p>\n<p><a href=\"https:\/\/kylat.meitadev.fi\/mikkolanniemi\/wp-content\/uploads\/sites\/31\/2011\/10\/4.jpg\"><img loading=\"lazy\" decoding=\"async\" class=\"alignleft size-full wp-image-47\" src=\"https:\/\/kylat.meitadev.fi\/mikkolanniemi\/wp-content\/uploads\/sites\/31\/2011\/10\/4.jpg\" alt=\"\" width=\"145\" height=\"109\" \/><\/a><\/p>\n<p><a href=\"..\/files\/2011\/10\/3.jpg\"><img loading=\"lazy\" decoding=\"async\" class=\"size-full wp-image-48 alignnone\" src=\"..\/files\/2011\/10\/3.jpg\" alt=\"\" width=\"145\" height=\"109\" \/><\/a><\/p>\n<p><a href=\"https:\/\/kylat.meitadev.fi\/mikkolanniemi\/wp-content\/uploads\/sites\/31\/2011\/10\/2.jpg\"><img loading=\"lazy\" decoding=\"async\" class=\"alignleft size-full wp-image-49\" src=\"https:\/\/kylat.meitadev.fi\/mikkolanniemi\/wp-content\/uploads\/sites\/31\/2011\/10\/2.jpg\" alt=\"\" width=\"145\" height=\"109\" \/><\/a><\/p>\n<p><a href=\"https:\/\/kylat.meitadev.fi\/mikkolanniemi\/wp-content\/uploads\/sites\/31\/2011\/10\/5.jpg\"><img loading=\"lazy\" decoding=\"async\" class=\"alignleft size-full wp-image-46\" src=\"https:\/\/kylat.meitadev.fi\/mikkolanniemi\/wp-content\/uploads\/sites\/31\/2011\/10\/5.jpg\" alt=\"\" width=\"145\" height=\"108\" \/><\/a><\/p>\n<p>&nbsp;<\/p>\n<p>&nbsp;<\/p>\n<p>&nbsp;<\/p>\n<p>&nbsp;<\/p>\n<p><a href=\"..\/files\/2011\/10\/11.jpg\"><img loading=\"lazy\" decoding=\"async\" class=\"size-full wp-image-54 alignleft\" src=\"..\/files\/2011\/10\/11.jpg\" alt=\"\" width=\"138\" height=\"104\" \/><\/a><strong>Paritalo, huoneisto2 2h+k+suihku 61 m2<\/strong><br \/>\nPerushinnat:<br \/>\nVuorokausi 95 \u20ac (4 henkil\u00f6\u00e4)<br \/>\nViikonloppu 195 \u20ac<br \/>\nViikko 490 \u20ac<br \/>\n<a href=\"https:\/\/kylat.meitadev.fi\/mikkolanniemi\/wp-content\/uploads\/sites\/31\/2011\/10\/21.jpg\"><img loading=\"lazy\" decoding=\"async\" class=\"alignleft size-full wp-image-55\" src=\"https:\/\/kylat.meitadev.fi\/mikkolanniemi\/wp-content\/uploads\/sites\/31\/2011\/10\/21.jpg\" alt=\"\" width=\"138\" height=\"104\" \/><\/a>Lis\u00e4hinta +10 \u20ac\/hl\u00f6<br \/>\nLiinavaatteet lis\u00e4hintaaan +10 \u20ac\/hl\u00f6<br \/>\nLoppusiivous 50 \u20ac<\/p>\n<p>&nbsp;<\/p>\n<p><a href=\"https:\/\/kylat.meitadev.fi\/mikkolanniemi\/wp-content\/uploads\/sites\/31\/2011\/10\/31.jpg\"><img loading=\"lazy\" decoding=\"async\" class=\"alignleft size-full wp-image-56\" src=\"https:\/\/kylat.meitadev.fi\/mikkolanniemi\/wp-content\/uploads\/sites\/31\/2011\/10\/31.jpg\" alt=\"\" width=\"138\" height=\"104\" \/><\/a><\/p>\n<p>&nbsp;<\/p>\n<p>&nbsp;<\/p>\n<p>&nbsp;<\/p>\n<p><strong>Huoneet 3, 4 ja 5 (huone+makuuparvi+suihku)<\/strong><br \/>\nPerushinnat:<br \/>\nVuorokausi 50 \u20ac\u00a0 (2 henkil\u00f6\u00e4)<br \/>\nLis\u00e4hinta +10 \u20ac\/hl\u00f6<br \/>\nLiinavaatteet lis\u00e4hintaan +10 \u20ac\/hl\u00f6<br \/>\nLoppusiivous 50 \u20ac<\/p>\n<p><a href=\"https:\/\/kylat.meitadev.fi\/mikkolanniemi\/wp-content\/uploads\/sites\/31\/2011\/10\/12.jpg\"><img loading=\"lazy\" decoding=\"async\" class=\"alignleft size-full wp-image-65\" src=\"https:\/\/kylat.meitadev.fi\/mikkolanniemi\/wp-content\/uploads\/sites\/31\/2011\/10\/12.jpg\" alt=\"\" width=\"230\" height=\"173\" \/><\/a><a href=\"https:\/\/kylat.meitadev.fi\/mikkolanniemi\/wp-content\/uploads\/sites\/31\/2011\/10\/22.jpg\"><img loading=\"lazy\" decoding=\"async\" class=\"alignleft size-full wp-image-64\" src=\"https:\/\/kylat.meitadev.fi\/mikkolanniemi\/wp-content\/uploads\/sites\/31\/2011\/10\/22.jpg\" alt=\"\" width=\"230\" height=\"173\" \/><\/a><\/p>\n<p>&nbsp;<\/p>\n<p><a href=\"https:\/\/kylat.meitadev.fi\/mikkolanniemi\/wp-content\/uploads\/sites\/31\/2011\/10\/32.jpg\"><img loading=\"lazy\" decoding=\"async\" class=\"alignleft size-full wp-image-63\" src=\"https:\/\/kylat.meitadev.fi\/mikkolanniemi\/wp-content\/uploads\/sites\/31\/2011\/10\/32.jpg\" alt=\"\" width=\"230\" height=\"173\" \/><\/a><a href=\"https:\/\/kylat.meitadev.fi\/mikkolanniemi\/wp-content\/uploads\/sites\/31\/2011\/10\/41.jpg\"><img loading=\"lazy\" decoding=\"async\" class=\"alignleft size-full wp-image-62\" src=\"https:\/\/kylat.meitadev.fi\/mikkolanniemi\/wp-content\/uploads\/sites\/31\/2011\/10\/41.jpg\" alt=\"\" width=\"230\" height=\"173\" \/><\/a><\/p>\n","protected":false},"excerpt":{"rendered":"<p>Mikkolanniemen Toimintakeskus &nbsp; &nbsp; &nbsp; &nbsp; &nbsp; &nbsp; Mikkolanniemen Toimintakeskus tarjoaa hyv\u00e4t mahdollisuudet retkeilyyn ja luontomatkailuun. Vaihtelevat vaellusreitit, hyv\u00e4t ladut ja l\u00e4heinen Tarassiinlahden lintutorni tarjoavat kiinnostavia luonto-el\u00e4myksi\u00e4. My\u00f6s majoitustilamme ovat laadukkaita. Tarjolla on 2 huoneistoa: 3h+k+sauna 81 m2, ja 2h+k+suihku &hellip; <a href=\"https:\/\/kylat.meitadev.fi\/mikkolanniemi\/majoitus-ja-juhlatilat\/\">Lue loppuun <span class=\"meta-nav\">&rarr;<\/span><\/a><\/p>\n","protected":false},"author":65,"featured_media":0,"parent":0,"menu_order":2,"comment_status":"closed","ping_status":"closed","template":"","meta":{"footnotes":""},"_links":{"self":[{"href":"https:\/\/kylat.meitadev.fi\/mikkolanniemi\/wp-json\/wp\/v2\/pages\/35"}],"collection":[{"href":"https:\/\/kylat.meitadev.fi\/mikkolanniemi\/wp-json\/wp\/v2\/pages"}],"about":[{"href":"https:\/\/kylat.meitadev.fi\/mikkolanniemi\/wp-json\/wp\/v2\/types\/page"}],"author":[{"embeddable":true,"href":"https:\/\/kylat.meitadev.fi\/mikkolanniemi\/wp-json\/wp\/v2\/users\/65"}],"replies":[{"embeddable":true,"href":"https:\/\/kylat.meitadev.fi\/mikkolanniemi\/wp-json\/wp\/v2\/comments?post=35"}],"version-history":[{"count":54,"href":"https:\/\/kylat.meitadev.fi\/mikkolanniemi\/wp-json\/wp\/v2\/pages\/35\/revisions"}],"predecessor-version":[{"id":1671,"href":"https:\/\/kylat.meitadev.fi\/mikkolanniemi\/wp-json\/wp\/v2\/pages\/35\/revisions\/1671"}],"wp:attachment":[{"href":"https:\/\/kylat.meitadev.fi\/mikkolanniemi\/wp-json\/wp\/v2\/media?parent=35"}],"curies":[{"name":"wp","href":"https:\/\/api.w.org\/{rel}","templated":true}]}}