{"id":71,"date":"2011-10-31T13:33:38","date_gmt":"2011-10-31T12:03:38","guid":{"rendered":"https:\/\/kylat.meitadev.fi\/mikkolanniemi\/?page_id=71"},"modified":"2022-01-10T20:25:49","modified_gmt":"2022-01-10T18:55:49","slug":"hiihtoladut","status":"publish","type":"page","link":"https:\/\/kylat.meitadev.fi\/mikkolanniemi\/hiihtoladut\/","title":{"rendered":"Hiihtoladut"},"content":{"rendered":"<p><strong><span style=\"color: #ff0000\">3\/10 km latu ja Kauniinlahden lenkki 8 km on saatu hiihtokuntoon 7.1.2022<\/span><br \/>\n<\/strong><\/p>\n<p><!--more--><\/p>\n<p><strong>\u00a0<\/strong><em><a href=\"https:\/\/www.facebook.com\/Parikkalan-hiihtoladut-925623314180223\/\" target=\"_blank\" rel=\"noopener noreferrer\">Mikkolanniemen ja Parikkalan hiihtolatujen ajantasaisen kunnostustilanteen n\u00e4et t\u00e4st\u00e4 linkist\u00e4<\/a><\/em><\/p>\n<p>Maastoltaan miellytt\u00e4v\u00e4lle Kauniinlahden kierrokselle p\u00e4\u00e4see Tervakummun kodalta. Toimintakeskuksen pihasta johtaa latu kodalle. Latu kulkee Tervakummuntien pohjaa, kiert\u00e4\u00e4 Palolammen ja jatkuu Kauniiseenlahteen, josta palaa toimintakeskukselle, matkaa tulee reilut 8 km. Hiiht\u00e4\u00e4 voi my\u00f6s pelk\u00e4st\u00e4\u00e4n Palolammen ymp\u00e4ri ja palata toimintakeskukselle samaa reitti\u00e4, silloin matka on noin 5 km. Hiihtosuunta vastap\u00e4iv\u00e4\u00e4n.<span style=\"color: #0000ff\"> Palolammen luota voi my\u00f6s l\u00e4hte\u00e4 hiiht\u00e4m\u00e4\u00e4n.<br \/>\n<\/span><\/p>\n<p><strong>Mikkolanniemen<\/strong> ladut muodostavat kaikkiaan yli 20 km latuverkoston.<br \/>\nLukuisat reittivaihtoehdot tarjoavat vaihtelevia hiihtoel\u00e4myksi\u00e4.<br \/>\nLadun korkein paikka on <a href=\"https:\/\/asiointi.maanmittauslaitos.fi\/karttapaikka\/?share=customMarker&amp;n=6843436.3813379435&amp;e=647792.6225644458&amp;title=Pyh%C3%A4m%C3%A4ki&amp;desc=&amp;zoom=9&amp;layers=%5B%7B%22id%22%3A2%2C%22opacity%22%3A100%7D%5D\" target=\"_blank\" rel=\"noopener noreferrer\"><em>Pyh\u00e4m\u00e4ki,<\/em> <\/a>johon nousua Jyrkil\u00e4lt\u00e4 on reilut 40 metri\u00e4.<\/p>\n<p><a href=\"https:\/\/kylat.meitadev.fi\/mikkolanniemi\/wp-content\/uploads\/sites\/31\/2021\/02\/Lahtopaikka.jpg\"><img loading=\"lazy\" decoding=\"async\" class=\"alignleft size-medium wp-image-3054\" src=\"https:\/\/kylat.meitadev.fi\/mikkolanniemi\/wp-content\/uploads\/sites\/31\/2021\/02\/Lahtopaikka-196x300.jpg\" alt=\"\" width=\"196\" height=\"300\" srcset=\"https:\/\/kylat.meitadev.fi\/mikkolanniemi\/wp-content\/uploads\/sites\/31\/2021\/02\/Lahtopaikka-196x300.jpg 196w, https:\/\/kylat.meitadev.fi\/mikkolanniemi\/wp-content\/uploads\/sites\/31\/2021\/02\/Lahtopaikka-668x1024.jpg 668w, https:\/\/kylat.meitadev.fi\/mikkolanniemi\/wp-content\/uploads\/sites\/31\/2021\/02\/Lahtopaikka.jpg 720w\" sizes=\"(max-width: 196px) 100vw, 196px\" \/><\/a><a href=\"https:\/\/kylat.meitadev.fi\/mikkolanniemi\/wp-content\/uploads\/sites\/31\/2021\/02\/Kaunislahti.png\"><img loading=\"lazy\" decoding=\"async\" class=\"alignright size-medium wp-image-3053\" src=\"https:\/\/kylat.meitadev.fi\/mikkolanniemi\/wp-content\/uploads\/sites\/31\/2021\/02\/Kaunislahti-208x300.png\" alt=\"\" width=\"208\" height=\"300\" srcset=\"https:\/\/kylat.meitadev.fi\/mikkolanniemi\/wp-content\/uploads\/sites\/31\/2021\/02\/Kaunislahti-208x300.png 208w, https:\/\/kylat.meitadev.fi\/mikkolanniemi\/wp-content\/uploads\/sites\/31\/2021\/02\/Kaunislahti.png 708w\" sizes=\"(max-width: 208px) 100vw, 208px\" \/><\/a><\/p>\n<p><a href=\"https:\/\/www.facebook.com\/925623314180223\/photos\/pb.925623314180223.-2207520000.1452536681.\/926099854132569\/?type=3&amp;theater\" target=\"_blank\" rel=\"noopener noreferrer\">Mikkolanniemen hiihtoladut\/latukartta<\/a><\/p>\n<p><a href=\"https:\/\/kylat.meitadev.fi\/mikkolanniemi\/wp-content\/uploads\/sites\/31\/2011\/10\/Lassin-Lenkki.doc\">Lassin Lenkin kunniakirja vuodelta 1966<\/a><\/p>\n<p><a href=\"https:\/\/kylat.meitadev.fi\/mikkolanniemi\/wp-content\/uploads\/sites\/31\/2011\/10\/51-e1547916330629.jpg\"><img loading=\"lazy\" decoding=\"async\" class=\"alignnone size-full wp-image-77\" src=\"https:\/\/kylat.meitadev.fi\/mikkolanniemi\/wp-content\/uploads\/sites\/31\/2011\/10\/51-e1547916330629.jpg\" alt=\"\" width=\"300\" height=\"225\" \/><\/a><a href=\"https:\/\/kylat.meitadev.fi\/mikkolanniemi\/wp-content\/uploads\/sites\/31\/2011\/10\/42-e1547916414238.jpg\"><img loading=\"lazy\" decoding=\"async\" class=\"alignnone size-full wp-image-78\" src=\"https:\/\/kylat.meitadev.fi\/mikkolanniemi\/wp-content\/uploads\/sites\/31\/2011\/10\/42-e1547916414238.jpg\" alt=\"\" width=\"300\" height=\"225\" \/><\/a><a href=\"https:\/\/kylat.meitadev.fi\/mikkolanniemi\/wp-content\/uploads\/sites\/31\/2019\/01\/20180328_120618.jpg\"><img loading=\"lazy\" decoding=\"async\" class=\"alignnone size-medium wp-image-2795\" src=\"https:\/\/kylat.meitadev.fi\/mikkolanniemi\/wp-content\/uploads\/sites\/31\/2019\/01\/20180328_120618-300x225.jpg\" alt=\"\" width=\"300\" height=\"225\" srcset=\"https:\/\/kylat.meitadev.fi\/mikkolanniemi\/wp-content\/uploads\/sites\/31\/2019\/01\/20180328_120618-300x225.jpg 300w, https:\/\/kylat.meitadev.fi\/mikkolanniemi\/wp-content\/uploads\/sites\/31\/2019\/01\/20180328_120618-768x576.jpg 768w, https:\/\/kylat.meitadev.fi\/mikkolanniemi\/wp-content\/uploads\/sites\/31\/2019\/01\/20180328_120618-1024x768.jpg 1024w\" sizes=\"(max-width: 300px) 100vw, 300px\" \/><\/a><a href=\"https:\/\/kylat.meitadev.fi\/mikkolanniemi\/wp-content\/uploads\/sites\/31\/2019\/01\/20180328_154136.jpg\"><img loading=\"lazy\" decoding=\"async\" class=\"alignnone size-medium wp-image-2787\" src=\"https:\/\/kylat.meitadev.fi\/mikkolanniemi\/wp-content\/uploads\/sites\/31\/2019\/01\/20180328_154136-300x225.jpg\" alt=\"\" width=\"300\" height=\"225\" srcset=\"https:\/\/kylat.meitadev.fi\/mikkolanniemi\/wp-content\/uploads\/sites\/31\/2019\/01\/20180328_154136-300x225.jpg 300w, https:\/\/kylat.meitadev.fi\/mikkolanniemi\/wp-content\/uploads\/sites\/31\/2019\/01\/20180328_154136-768x576.jpg 768w, https:\/\/kylat.meitadev.fi\/mikkolanniemi\/wp-content\/uploads\/sites\/31\/2019\/01\/20180328_154136-1024x768.jpg 1024w\" sizes=\"(max-width: 300px) 100vw, 300px\" \/><\/a><a href=\"https:\/\/kylat.meitadev.fi\/mikkolanniemi\/wp-content\/uploads\/sites\/31\/2011\/10\/8-e1547916529914.jpg\"><img loading=\"lazy\" decoding=\"async\" class=\"alignnone size-full wp-image-74\" src=\"https:\/\/kylat.meitadev.fi\/mikkolanniemi\/wp-content\/uploads\/sites\/31\/2011\/10\/8-e1547916529914.jpg\" alt=\"\" width=\"300\" height=\"200\" \/><\/a><a href=\"https:\/\/kylat.meitadev.fi\/mikkolanniemi\/wp-content\/uploads\/sites\/31\/2011\/10\/13-e1547916587927.jpg\"><img loading=\"lazy\" decoding=\"async\" class=\"alignnone size-full wp-image-81\" src=\"https:\/\/kylat.meitadev.fi\/mikkolanniemi\/wp-content\/uploads\/sites\/31\/2011\/10\/13-e1547916587927.jpg\" alt=\"\" width=\"300\" height=\"200\" \/><\/a><a href=\"https:\/\/kylat.meitadev.fi\/mikkolanniemi\/wp-content\/uploads\/sites\/31\/2011\/10\/10-e1547918550173.jpg\"><img loading=\"lazy\" decoding=\"async\" class=\"alignnone size-full wp-image-72\" src=\"https:\/\/kylat.meitadev.fi\/mikkolanniemi\/wp-content\/uploads\/sites\/31\/2011\/10\/10-e1547918550173.jpg\" alt=\"\" width=\"600\" height=\"450\" \/><\/a><a href=\"https:\/\/kylat.meitadev.fi\/mikkolanniemi\/wp-content\/uploads\/sites\/31\/2019\/01\/20180330_145027.jpg\"><img loading=\"lazy\" decoding=\"async\" class=\"alignnone size-medium wp-image-2792\" src=\"https:\/\/kylat.meitadev.fi\/mikkolanniemi\/wp-content\/uploads\/sites\/31\/2019\/01\/20180330_145027-225x300.jpg\" alt=\"\" width=\"225\" height=\"300\" srcset=\"https:\/\/kylat.meitadev.fi\/mikkolanniemi\/wp-content\/uploads\/sites\/31\/2019\/01\/20180330_145027-225x300.jpg 225w, https:\/\/kylat.meitadev.fi\/mikkolanniemi\/wp-content\/uploads\/sites\/31\/2019\/01\/20180330_145027-768x1024.jpg 768w, https:\/\/kylat.meitadev.fi\/mikkolanniemi\/wp-content\/uploads\/sites\/31\/2019\/01\/20180330_145027.jpg 1200w\" sizes=\"(max-width: 225px) 100vw, 225px\" \/><\/a><a href=\"https:\/\/kylat.meitadev.fi\/mikkolanniemi\/wp-content\/uploads\/sites\/31\/2019\/01\/20180330_144953.jpg\"><img loading=\"lazy\" decoding=\"async\" class=\"alignnone size-medium wp-image-2790\" src=\"https:\/\/kylat.meitadev.fi\/mikkolanniemi\/wp-content\/uploads\/sites\/31\/2019\/01\/20180330_144953-225x300.jpg\" alt=\"\" width=\"225\" height=\"300\" srcset=\"https:\/\/kylat.meitadev.fi\/mikkolanniemi\/wp-content\/uploads\/sites\/31\/2019\/01\/20180330_144953-225x300.jpg 225w, https:\/\/kylat.meitadev.fi\/mikkolanniemi\/wp-content\/uploads\/sites\/31\/2019\/01\/20180330_144953-768x1024.jpg 768w, https:\/\/kylat.meitadev.fi\/mikkolanniemi\/wp-content\/uploads\/sites\/31\/2019\/01\/20180330_144953.jpg 1200w\" sizes=\"(max-width: 225px) 100vw, 225px\" \/><\/a><\/p>\n","protected":false},"excerpt":{"rendered":"<p>3\/10 km latu ja Kauniinlahden lenkki 8 km on saatu hiihtokuntoon 7.1.2022<\/p>\n","protected":false},"author":65,"featured_media":0,"parent":0,"menu_order":3,"comment_status":"closed","ping_status":"closed","template":"","meta":{"footnotes":""},"_links":{"self":[{"href":"https:\/\/kylat.meitadev.fi\/mikkolanniemi\/wp-json\/wp\/v2\/pages\/71"}],"collection":[{"href":"https:\/\/kylat.meitadev.fi\/mikkolanniemi\/wp-json\/wp\/v2\/pages"}],"about":[{"href":"https:\/\/kylat.meitadev.fi\/mikkolanniemi\/wp-json\/wp\/v2\/types\/page"}],"author":[{"embeddable":true,"href":"https:\/\/kylat.meitadev.fi\/mikkolanniemi\/wp-json\/wp\/v2\/users\/65"}],"replies":[{"embeddable":true,"href":"https:\/\/kylat.meitadev.fi\/mikkolanniemi\/wp-json\/wp\/v2\/comments?post=71"}],"version-history":[{"count":20,"href":"https:\/\/kylat.meitadev.fi\/mikkolanniemi\/wp-json\/wp\/v2\/pages\/71\/revisions"}],"predecessor-version":[{"id":3128,"href":"https:\/\/kylat.meitadev.fi\/mikkolanniemi\/wp-json\/wp\/v2\/pages\/71\/revisions\/3128"}],"wp:attachment":[{"href":"https:\/\/kylat.meitadev.fi\/mikkolanniemi\/wp-json\/wp\/v2\/media?parent=71"}],"curies":[{"name":"wp","href":"https:\/\/api.w.org\/{rel}","templated":true}]}}