{"id":105,"date":"2011-08-23T17:45:32","date_gmt":"2011-08-23T17:45:32","guid":{"rendered":"https:\/\/kylat.meitadev.fi\/rautio\/?page_id=105"},"modified":"2016-02-01T15:51:41","modified_gmt":"2016-02-01T15:51:41","slug":"historiikki-2","status":"publish","type":"page","link":"https:\/\/kylat.meitadev.fi\/rautio\/historiikki-2\/","title":{"rendered":"Historia"},"content":{"rendered":"<p><a href=\"https:\/\/kylat.meitadev.fi\/rautio\/wp-content\/uploads\/sites\/17\/2013\/08\/kirjankansi.jpg\"><img loading=\"lazy\" decoding=\"async\" class=\"aligncenter size-full wp-image-680\" src=\"https:\/\/kylat.meitadev.fi\/rautio\/wp-content\/uploads\/sites\/17\/2013\/08\/kirjankansi.jpg\" alt=\"kirjankansi\" width=\"393\" height=\"557\" \/><\/a><\/p>\n<p>Kirjan voi ostaa seuraavista paikoista;<\/p>\n<p>Vuoksenniskalla\u00a0<strong>Vuoksen Kirjakauppa<\/strong><\/p>\n<p><strong>Kirjan hinta 30 euroa<\/strong>\u00a0(nettikaupassa lis\u00e4ksi postituskulut).<\/p>\n<p><strong>Postimyynti: Ota yhteytt\u00e4 <a href=\"mailto:susanna@susannantyohuone.net\" target=\"_blank\">susanna@susannantyohuone.net<\/a><br \/>\nKirjan hinta postikuluineen on 38 euroa.<\/strong><\/p>\n<p>Kirjassa on 318 sivua ja kovat kannet. Paljon kuvia (mustavalkoisia).<\/p>\n<p><a title=\"R\u00e4mps\u00e4l\u00e4 mieless\u00e4in\" href=\"https:\/\/kylat.meitadev.fi\/rautio\/historiikki-2\/rampsala-mielessain\/\"><strong>Kirjan sis\u00e4llysluettelon n\u00e4et t\u00e4st\u00e4 linkist\u00e4!<\/strong><\/a><\/p>\n<p><span style=\"color: #444444\">\u00a0<\/span><\/p>\n","protected":false},"excerpt":{"rendered":"<p>Kirjan voi ostaa seuraavista paikoista; Vuoksenniskalla\u00a0Vuoksen Kirjakauppa Kirjan hinta 30 euroa\u00a0(nettikaupassa lis\u00e4ksi postituskulut). Postimyynti: Ota yhteytt\u00e4 susanna@susannantyohuone.net Kirjan hinta postikuluineen on 38 euroa. Kirjassa on 318 sivua ja kovat kannet. Paljon kuvia (mustavalkoisia). Kirjan sis\u00e4llysluettelon n\u00e4et t\u00e4st\u00e4 linkist\u00e4! \u00a0<\/p>\n","protected":false},"author":28,"featured_media":0,"parent":0,"menu_order":7,"comment_status":"open","ping_status":"open","template":"","meta":{"footnotes":""},"_links":{"self":[{"href":"https:\/\/kylat.meitadev.fi\/rautio\/wp-json\/wp\/v2\/pages\/105"}],"collection":[{"href":"https:\/\/kylat.meitadev.fi\/rautio\/wp-json\/wp\/v2\/pages"}],"about":[{"href":"https:\/\/kylat.meitadev.fi\/rautio\/wp-json\/wp\/v2\/types\/page"}],"author":[{"embeddable":true,"href":"https:\/\/kylat.meitadev.fi\/rautio\/wp-json\/wp\/v2\/users\/28"}],"replies":[{"embeddable":true,"href":"https:\/\/kylat.meitadev.fi\/rautio\/wp-json\/wp\/v2\/comments?post=105"}],"version-history":[{"count":27,"href":"https:\/\/kylat.meitadev.fi\/rautio\/wp-json\/wp\/v2\/pages\/105\/revisions"}],"predecessor-version":[{"id":978,"href":"https:\/\/kylat.meitadev.fi\/rautio\/wp-json\/wp\/v2\/pages\/105\/revisions\/978"}],"wp:attachment":[{"href":"https:\/\/kylat.meitadev.fi\/rautio\/wp-json\/wp\/v2\/media?parent=105"}],"curies":[{"name":"wp","href":"https:\/\/api.w.org\/{rel}","templated":true}]}}