{"id":1070,"date":"2016-11-23T18:47:05","date_gmt":"2016-11-23T18:47:05","guid":{"rendered":"https:\/\/kylat.meitadev.fi\/rautio\/?page_id=1070"},"modified":"2019-02-05T09:35:07","modified_gmt":"2019-02-05T09:35:07","slug":"martat","status":"publish","type":"page","link":"https:\/\/kylat.meitadev.fi\/rautio\/harrastukset\/martat\/","title":{"rendered":"Kaukop\u00e4\u00e4n Martat"},"content":{"rendered":"<p>Martat on yli satavuotias kotitalousneuvontaa antava kansalaisj\u00e4rjest\u00f6, joka edist\u00e4\u00e4 kotien ja perheiden hyvinvointia ja kotitalouden arvostusta.\u00a0Vuosina 2017\u20132019\u00a0marttaillaan teemalla\u00a0&#8221;El\u00e4m\u00e4 on parasta itsetehtyn\u00e4&#8221;. Vuosi 2019 on Marttojen 120-vuotisjuhlavuosi. Lue lis\u00e4\u00e4 juhlavuodesta\u00a0<a href=\"https:\/\/www.martat.fi\/martat\/tutustu-toimintaamme\/juhlavuosi\/\">t\u00e4\u00e4lt\u00e4.<\/a><\/p>\n<p>Imatran Kaukop\u00e4\u00e4n Martat toimii vire\u00e4sti ja yhdistykseen kuuluu 46 j\u00e4sent\u00e4. Kokoonnumme Raution kyl\u00e4tuvalla parillisten viikkojen maanantaisin klo 17.30. Ilmoitamme tapahtumista Uutisvuoksen seurapalstalla.<\/p>\n<p>Kaukop\u00e4\u00e4n Marttojen yhteystiedot: puheenjohtaja Eija Tynkkynen-Perttula, puh. 040\u00a0730 7291. Lis\u00e4tietoja toiminnasta ja tarkemmat yhteystiedot l\u00f6ytyv\u00e4t <a href=\"https:\/\/www.martat.fi\/marttayhdistykset\/imatran-kaukopaan-martat\/\">t\u00e4\u00e4lt\u00e4<\/a>.<\/p>\n<p>&nbsp;<\/p>\n<p>&nbsp;<\/p>\n<p>&nbsp;<\/p>\n","protected":false},"excerpt":{"rendered":"<p>Martat on yli satavuotias kotitalousneuvontaa antava kansalaisj\u00e4rjest\u00f6, joka edist\u00e4\u00e4 kotien ja perheiden hyvinvointia ja kotitalouden arvostusta.\u00a0Vuosina 2017\u20132019\u00a0marttaillaan teemalla\u00a0&#8221;El\u00e4m\u00e4 on parasta itsetehtyn\u00e4&#8221;. Vuosi 2019 on Marttojen 120-vuotisjuhlavuosi. Lue lis\u00e4\u00e4 juhlavuodesta\u00a0t\u00e4\u00e4lt\u00e4. Imatran Kaukop\u00e4\u00e4n Martat toimii vire\u00e4sti ja yhdistykseen kuuluu 46 j\u00e4sent\u00e4. Kokoonnumme &hellip; <a href=\"https:\/\/kylat.meitadev.fi\/rautio\/harrastukset\/martat\/\">Continue reading <span class=\"meta-nav\">&rarr;<\/span><\/a><\/p>\n","protected":false},"author":28,"featured_media":0,"parent":38,"menu_order":0,"comment_status":"closed","ping_status":"closed","template":"","meta":{"footnotes":""},"_links":{"self":[{"href":"https:\/\/kylat.meitadev.fi\/rautio\/wp-json\/wp\/v2\/pages\/1070"}],"collection":[{"href":"https:\/\/kylat.meitadev.fi\/rautio\/wp-json\/wp\/v2\/pages"}],"about":[{"href":"https:\/\/kylat.meitadev.fi\/rautio\/wp-json\/wp\/v2\/types\/page"}],"author":[{"embeddable":true,"href":"https:\/\/kylat.meitadev.fi\/rautio\/wp-json\/wp\/v2\/users\/28"}],"replies":[{"embeddable":true,"href":"https:\/\/kylat.meitadev.fi\/rautio\/wp-json\/wp\/v2\/comments?post=1070"}],"version-history":[{"count":22,"href":"https:\/\/kylat.meitadev.fi\/rautio\/wp-json\/wp\/v2\/pages\/1070\/revisions"}],"predecessor-version":[{"id":1328,"href":"https:\/\/kylat.meitadev.fi\/rautio\/wp-json\/wp\/v2\/pages\/1070\/revisions\/1328"}],"up":[{"embeddable":true,"href":"https:\/\/kylat.meitadev.fi\/rautio\/wp-json\/wp\/v2\/pages\/38"}],"wp:attachment":[{"href":"https:\/\/kylat.meitadev.fi\/rautio\/wp-json\/wp\/v2\/media?parent=1070"}],"curies":[{"name":"wp","href":"https:\/\/api.w.org\/{rel}","templated":true}]}}