{"id":110,"date":"2011-08-23T17:50:28","date_gmt":"2011-08-23T17:50:28","guid":{"rendered":"https:\/\/kylat.meitadev.fi\/rautio\/?page_id=110"},"modified":"2016-02-01T15:56:46","modified_gmt":"2016-02-01T15:56:46","slug":"pelikentat","status":"publish","type":"page","link":"https:\/\/kylat.meitadev.fi\/rautio\/harrastukset\/pelikentat\/","title":{"rendered":"Pelikent\u00e4t"},"content":{"rendered":"<p>Rautiosta l\u00f6ytyy erilaisia pelikentti\u00e4 ulkopeleihin, jotka ovat vapaasti kaikkien k\u00e4ytett\u00e4viss\u00e4.<\/p>\n<ul>\n<li><span style=\"color: #444444\">Rantalentopallokentt\u00e4 rannassa Myllyksenkadun p\u00e4\u00e4ss\u00e4 (matonpesupaikan l\u00e4hist\u00f6ll\u00e4).<\/span><\/li>\n<li><span style=\"color: #444444\">Kyykk\u00e4kentt\u00e4 Suvikujan p\u00e4\u00e4st\u00e4<\/span><\/li>\n<li>Koulun kentt\u00e4, joka\u00a0<span style=\"color: #444444\">j\u00e4\u00e4dytet\u00e4\u00e4n luistelukent\u00e4ksi talvella.<\/span><\/li>\n<\/ul>\n","protected":false},"excerpt":{"rendered":"<p>Rautiosta l\u00f6ytyy erilaisia pelikentti\u00e4 ulkopeleihin, jotka ovat vapaasti kaikkien k\u00e4ytett\u00e4viss\u00e4. Rantalentopallokentt\u00e4 rannassa Myllyksenkadun p\u00e4\u00e4ss\u00e4 (matonpesupaikan l\u00e4hist\u00f6ll\u00e4). Kyykk\u00e4kentt\u00e4 Suvikujan p\u00e4\u00e4st\u00e4 Koulun kentt\u00e4, joka\u00a0j\u00e4\u00e4dytet\u00e4\u00e4n luistelukent\u00e4ksi talvella.<\/p>\n","protected":false},"author":28,"featured_media":0,"parent":38,"menu_order":5,"comment_status":"open","ping_status":"open","template":"","meta":{"footnotes":""},"_links":{"self":[{"href":"https:\/\/kylat.meitadev.fi\/rautio\/wp-json\/wp\/v2\/pages\/110"}],"collection":[{"href":"https:\/\/kylat.meitadev.fi\/rautio\/wp-json\/wp\/v2\/pages"}],"about":[{"href":"https:\/\/kylat.meitadev.fi\/rautio\/wp-json\/wp\/v2\/types\/page"}],"author":[{"embeddable":true,"href":"https:\/\/kylat.meitadev.fi\/rautio\/wp-json\/wp\/v2\/users\/28"}],"replies":[{"embeddable":true,"href":"https:\/\/kylat.meitadev.fi\/rautio\/wp-json\/wp\/v2\/comments?post=110"}],"version-history":[{"count":5,"href":"https:\/\/kylat.meitadev.fi\/rautio\/wp-json\/wp\/v2\/pages\/110\/revisions"}],"predecessor-version":[{"id":983,"href":"https:\/\/kylat.meitadev.fi\/rautio\/wp-json\/wp\/v2\/pages\/110\/revisions\/983"}],"up":[{"embeddable":true,"href":"https:\/\/kylat.meitadev.fi\/rautio\/wp-json\/wp\/v2\/pages\/38"}],"wp:attachment":[{"href":"https:\/\/kylat.meitadev.fi\/rautio\/wp-json\/wp\/v2\/media?parent=110"}],"curies":[{"name":"wp","href":"https:\/\/api.w.org\/{rel}","templated":true}]}}