{"id":16,"date":"2011-08-23T10:22:28","date_gmt":"2011-08-23T10:22:28","guid":{"rendered":"https:\/\/kylat.meitadev.fi\/rautio\/?page_id=16"},"modified":"2014-11-14T10:01:07","modified_gmt":"2014-11-14T10:01:07","slug":"kylatupa","status":"publish","type":"page","link":"https:\/\/kylat.meitadev.fi\/rautio\/kylatupa\/","title":{"rendered":"Kyl\u00e4tupa"},"content":{"rendered":"<p>Raution kyl\u00e4tupa sijaitsee Raution p\u00e4iv\u00e4kodin yl\u00e4kerrassa. Osoite: Niskapietil\u00e4ntie 2, 55910 Imatra\u00a0Kyl\u00e4tuvalla on viihtyis\u00e4t tilat kokousten ja harrastepiirien j\u00e4rjest\u00e4miseen sek\u00e4 siisti sauna.\u00a0Kyl\u00e4tupaa ja saunaa<a href=\"https:\/\/kylat.meitadev.fi\/rautio\/kylatupa\/vuokraus\/\"> vuokrataan <\/a>my\u00f6s yksityistilaisuuksiin.<a href=\"https:\/\/kylat.meitadev.fi\/rautio\/wp-content\/uploads\/sites\/17\/2014\/11\/kylatupa.jpg\"><img loading=\"lazy\" decoding=\"async\" class=\"size-medium wp-image-881 alignleft\" alt=\"kylatupa\" src=\"https:\/\/kylat.meitadev.fi\/rautio\/wp-content\/uploads\/sites\/17\/2014\/11\/kylatupa-300x225.jpg\" width=\"300\" height=\"225\" srcset=\"https:\/\/kylat.meitadev.fi\/rautio\/wp-content\/uploads\/sites\/17\/2014\/11\/kylatupa-300x225.jpg 300w, https:\/\/kylat.meitadev.fi\/rautio\/wp-content\/uploads\/sites\/17\/2014\/11\/kylatupa-1024x768.jpg 1024w, https:\/\/kylat.meitadev.fi\/rautio\/wp-content\/uploads\/sites\/17\/2014\/11\/kylatupa.jpg 1632w\" sizes=\"(max-width: 300px) 100vw, 300px\" \/><\/p>\n<dl>\n<dt><a href=\"https:\/\/kylat.meitadev.fi\/rautio\/wp-content\/uploads\/sites\/17\/2011\/08\/kyl\u00e4tupa.jpg\">\u00a0<\/a><\/dt>\n<dd><\/dd>\n<\/dl>\n","protected":false},"excerpt":{"rendered":"<p>Raution kyl\u00e4tupa sijaitsee Raution p\u00e4iv\u00e4kodin yl\u00e4kerrassa. Osoite: Niskapietil\u00e4ntie 2, 55910 Imatra\u00a0Kyl\u00e4tuvalla on viihtyis\u00e4t tilat kokousten ja harrastepiirien j\u00e4rjest\u00e4miseen sek\u00e4 siisti sauna.\u00a0Kyl\u00e4tupaa ja saunaa vuokrataan my\u00f6s yksityistilaisuuksiin. \u00a0<\/p>\n","protected":false},"author":28,"featured_media":0,"parent":0,"menu_order":3,"comment_status":"open","ping_status":"open","template":"","meta":{"footnotes":""},"_links":{"self":[{"href":"https:\/\/kylat.meitadev.fi\/rautio\/wp-json\/wp\/v2\/pages\/16"}],"collection":[{"href":"https:\/\/kylat.meitadev.fi\/rautio\/wp-json\/wp\/v2\/pages"}],"about":[{"href":"https:\/\/kylat.meitadev.fi\/rautio\/wp-json\/wp\/v2\/types\/page"}],"author":[{"embeddable":true,"href":"https:\/\/kylat.meitadev.fi\/rautio\/wp-json\/wp\/v2\/users\/28"}],"replies":[{"embeddable":true,"href":"https:\/\/kylat.meitadev.fi\/rautio\/wp-json\/wp\/v2\/comments?post=16"}],"version-history":[{"count":9,"href":"https:\/\/kylat.meitadev.fi\/rautio\/wp-json\/wp\/v2\/pages\/16\/revisions"}],"predecessor-version":[{"id":885,"href":"https:\/\/kylat.meitadev.fi\/rautio\/wp-json\/wp\/v2\/pages\/16\/revisions\/885"}],"wp:attachment":[{"href":"https:\/\/kylat.meitadev.fi\/rautio\/wp-json\/wp\/v2\/media?parent=16"}],"curies":[{"name":"wp","href":"https:\/\/api.w.org\/{rel}","templated":true}]}}