{"id":186,"date":"2011-08-30T11:22:27","date_gmt":"2011-08-30T11:22:27","guid":{"rendered":"https:\/\/kylat.meitadev.fi\/rautio\/?page_id=186"},"modified":"2021-01-06T18:53:04","modified_gmt":"2021-01-06T18:53:04","slug":"palveluasuminen","status":"publish","type":"page","link":"https:\/\/kylat.meitadev.fi\/rautio\/palvelut\/palveluasuminen\/","title":{"rendered":"Palveluasuminen"},"content":{"rendered":"<p><strong>Raution Toimintakeskus<\/strong><\/p>\n<p>Satakielen Laulu ry:n yll\u00e4pit\u00e4m\u00e4 Raution Toimintakeskus tarjoaa vammaisille peruskoulunsa p\u00e4\u00e4tt\u00e4n\u00e4neille nuorille asumispalveluja ja p\u00e4iv\u00e4toimintaa, joka painottuu luontoon, taidepajatoimintaan ja itsen\u00e4iseen el\u00e4m\u00e4\u00e4n valmentautumiseen. Toimintakeskus on Karpuksenkadun p\u00e4\u00e4ss\u00e4 l\u00e4hell\u00e4 Immolanj\u00e4rven rantaa.<\/p>\n<p><a href=\"http:\/\/www.satakielenlaulu.fi\/\" target=\"_blank\" rel=\"noopener noreferrer\"> Raution toimintakeskuksen kotisivut<\/a>.<\/p>\n","protected":false},"excerpt":{"rendered":"<p>Raution Toimintakeskus Satakielen Laulu ry:n yll\u00e4pit\u00e4m\u00e4 Raution Toimintakeskus tarjoaa vammaisille peruskoulunsa p\u00e4\u00e4tt\u00e4n\u00e4neille nuorille asumispalveluja ja p\u00e4iv\u00e4toimintaa, joka painottuu luontoon, taidepajatoimintaan ja itsen\u00e4iseen el\u00e4m\u00e4\u00e4n valmentautumiseen. Toimintakeskus on Karpuksenkadun p\u00e4\u00e4ss\u00e4 l\u00e4hell\u00e4 Immolanj\u00e4rven rantaa. Raution toimintakeskuksen kotisivut.<\/p>\n","protected":false},"author":28,"featured_media":0,"parent":42,"menu_order":3,"comment_status":"open","ping_status":"open","template":"","meta":{"footnotes":""},"_links":{"self":[{"href":"https:\/\/kylat.meitadev.fi\/rautio\/wp-json\/wp\/v2\/pages\/186"}],"collection":[{"href":"https:\/\/kylat.meitadev.fi\/rautio\/wp-json\/wp\/v2\/pages"}],"about":[{"href":"https:\/\/kylat.meitadev.fi\/rautio\/wp-json\/wp\/v2\/types\/page"}],"author":[{"embeddable":true,"href":"https:\/\/kylat.meitadev.fi\/rautio\/wp-json\/wp\/v2\/users\/28"}],"replies":[{"embeddable":true,"href":"https:\/\/kylat.meitadev.fi\/rautio\/wp-json\/wp\/v2\/comments?post=186"}],"version-history":[{"count":6,"href":"https:\/\/kylat.meitadev.fi\/rautio\/wp-json\/wp\/v2\/pages\/186\/revisions"}],"predecessor-version":[{"id":1383,"href":"https:\/\/kylat.meitadev.fi\/rautio\/wp-json\/wp\/v2\/pages\/186\/revisions\/1383"}],"up":[{"embeddable":true,"href":"https:\/\/kylat.meitadev.fi\/rautio\/wp-json\/wp\/v2\/pages\/42"}],"wp:attachment":[{"href":"https:\/\/kylat.meitadev.fi\/rautio\/wp-json\/wp\/v2\/media?parent=186"}],"curies":[{"name":"wp","href":"https:\/\/api.w.org\/{rel}","templated":true}]}}