{"id":223,"date":"2011-09-03T09:45:42","date_gmt":"2011-09-03T09:45:42","guid":{"rendered":"https:\/\/kylat.meitadev.fi\/rautio\/?page_id=223"},"modified":"2016-02-01T16:42:05","modified_gmt":"2016-02-01T16:42:05","slug":"yhdistyksen-historiaa","status":"publish","type":"page","link":"https:\/\/kylat.meitadev.fi\/rautio\/historiikki\/yhdistyksen-historiaa\/","title":{"rendered":"Yhdistyksen historiaa"},"content":{"rendered":"<p>Raution kaupunginosayhdistys perustettiin joulukuusa 1988 ja Kyl\u00e4tupa otettiin k\u00e4ytt\u00f6\u00f6n helmikuussa 1990.<\/p>\n<p><strong>Yhdistys juhli 20-vuotista toimintaansa vuonna 2008<\/strong>. Juhlavuoden merkeiss\u00e4 julkaistiin Raution Sanomat -juhlalehti, joka jaettiin alueen talouksiin. Juhlalehdess\u00e4 mm. yhdistyksen historiikki sek\u00e4 artikkeli Rautionkyl\u00e4ss\u00e4 aikojen kuluessa toimineista kaupoista. Juhlalehden voi avata luettavaksi liitteest\u00e4 (koko3,3 MB).<\/p>\n<p><a href=\"https:\/\/kylat.meitadev.fi\/rautio\/wp-content\/uploads\/sites\/17\/2011\/09\/Rautionsanomat_juhlalehti08_netti.pdf\">Rautionsanomat_juhlalehti08_netti<\/a><\/p>\n<p><strong>Vuonna 2013 yhdistyksen 25-vuotisjuhlan<\/strong> yhteydess\u00e4 julkaistiin kyl\u00e4historiikkikirja <a href=\"https:\/\/kylat.meitadev.fi\/rautio\/historiikki-2\/rampsala-mielessain\/\" target=\"_blank\">R\u00e4mps\u00e4l\u00e4 mieless\u00e4in<\/a>.<\/p>\n","protected":false},"excerpt":{"rendered":"<p>Raution kaupunginosayhdistys perustettiin joulukuusa 1988 ja Kyl\u00e4tupa otettiin k\u00e4ytt\u00f6\u00f6n helmikuussa 1990. Yhdistys juhli 20-vuotista toimintaansa vuonna 2008. Juhlavuoden merkeiss\u00e4 julkaistiin Raution Sanomat -juhlalehti, joka jaettiin alueen talouksiin. Juhlalehdess\u00e4 mm. yhdistyksen historiikki sek\u00e4 artikkeli Rautionkyl\u00e4ss\u00e4 aikojen kuluessa toimineista kaupoista. Juhlalehden voi &hellip; <a href=\"https:\/\/kylat.meitadev.fi\/rautio\/historiikki\/yhdistyksen-historiaa\/\">Continue reading <span class=\"meta-nav\">&rarr;<\/span><\/a><\/p>\n","protected":false},"author":28,"featured_media":0,"parent":45,"menu_order":3,"comment_status":"open","ping_status":"open","template":"","meta":{"footnotes":""},"_links":{"self":[{"href":"https:\/\/kylat.meitadev.fi\/rautio\/wp-json\/wp\/v2\/pages\/223"}],"collection":[{"href":"https:\/\/kylat.meitadev.fi\/rautio\/wp-json\/wp\/v2\/pages"}],"about":[{"href":"https:\/\/kylat.meitadev.fi\/rautio\/wp-json\/wp\/v2\/types\/page"}],"author":[{"embeddable":true,"href":"https:\/\/kylat.meitadev.fi\/rautio\/wp-json\/wp\/v2\/users\/28"}],"replies":[{"embeddable":true,"href":"https:\/\/kylat.meitadev.fi\/rautio\/wp-json\/wp\/v2\/comments?post=223"}],"version-history":[{"count":9,"href":"https:\/\/kylat.meitadev.fi\/rautio\/wp-json\/wp\/v2\/pages\/223\/revisions"}],"predecessor-version":[{"id":995,"href":"https:\/\/kylat.meitadev.fi\/rautio\/wp-json\/wp\/v2\/pages\/223\/revisions\/995"}],"up":[{"embeddable":true,"href":"https:\/\/kylat.meitadev.fi\/rautio\/wp-json\/wp\/v2\/pages\/45"}],"wp:attachment":[{"href":"https:\/\/kylat.meitadev.fi\/rautio\/wp-json\/wp\/v2\/media?parent=223"}],"curies":[{"name":"wp","href":"https:\/\/api.w.org\/{rel}","templated":true}]}}