{"id":324,"date":"2012-01-21T13:39:11","date_gmt":"2012-01-21T13:39:11","guid":{"rendered":"https:\/\/kylat.meitadev.fi\/rautio\/?page_id=324"},"modified":"2021-01-06T18:45:24","modified_gmt":"2021-01-06T18:45:24","slug":"immolanjarvi-vai-immalanjarvi","status":"publish","type":"page","link":"https:\/\/kylat.meitadev.fi\/rautio\/historiikki\/immolanjarvi-vai-immalanjarvi\/","title":{"rendered":"Immolanj\u00e4rvi vai Immalanj\u00e4rvi?"},"content":{"rendered":"<p>Kumpikin nimen muoto on k\u00e4yt\u00f6ss\u00e4. On arveltu, ett\u00e4 o\/a vaihtelu johtuu ven\u00e4j\u00e4nkielest\u00e4, jossa painoton &#8217;o&#8217; lausutaan kuten &#8217;a&#8217;-kirjain &#8211; tai sitten ruotsinkielest\u00e4, jossa\u00a0 &#8217;\u00e5&#8217; on muuttunut kirjaimeksi &#8217;a&#8217;.<\/p>\n<p><a title=\"Immolanj\u00e4rvi vai Immalanj\u00e4rvi?\" href=\"https:\/\/kylat.meitadev.fi\/rautio\/wp-admin\/post-new.php?post_type=page\">Lue t\u00e4\u00e4lt\u00e4 Raili Aben artikkeli j\u00e4rven nimimuodoista<\/a><\/p>\n<p><span style=\"color: #444444\">Linkkej\u00e4 sivuille, joilta l\u00f6ytyy tietoa hienosta j\u00e4rvest\u00e4mme:<\/span><\/p>\n<p><a title=\"J\u00e4rviwiki\" href=\"http:\/\/www.jarviwiki.fi\/wiki\/Immalanj%C3%A4rvi_%2804.192.1.001%29\" target=\"_blank\" rel=\"noopener noreferrer\">J\u00e4rviwiki \/ Immalanj\u00e4rvi<\/a><\/p>\n<p><a href=\"http:\/\/www.kalapaikka.net\/immalanjarvi_jarvi_kalastus_luvat_kalaistutukset_ravustus_vesilinnun_metsastys_vedenlaatu_lomamokit_imatra___56994.asp\" target=\"_blank\" rel=\"noopener noreferrer\">Kalapaikka.net<\/a><\/p>\n<p><a title=\"Unterniskanjoki\" href=\"http:\/\/www3.lut.fi\/eki\/vuoksivirtaa\/virtuaalimatka_vuoksella\/jokihaasteena\/unterniskanjoki.html\" target=\"_blank\" rel=\"noopener noreferrer\">Unterniskanjoki<\/a><\/p>\n","protected":false},"excerpt":{"rendered":"<p>Kumpikin nimen muoto on k\u00e4yt\u00f6ss\u00e4. On arveltu, ett\u00e4 o\/a vaihtelu johtuu ven\u00e4j\u00e4nkielest\u00e4, jossa painoton &#8217;o&#8217; lausutaan kuten &#8217;a&#8217;-kirjain &#8211; tai sitten ruotsinkielest\u00e4, jossa\u00a0 &#8217;\u00e5&#8217; on muuttunut kirjaimeksi &#8217;a&#8217;. Lue t\u00e4\u00e4lt\u00e4 Raili Aben artikkeli j\u00e4rven nimimuodoista Linkkej\u00e4 sivuille, joilta l\u00f6ytyy tietoa &hellip; <a href=\"https:\/\/kylat.meitadev.fi\/rautio\/historiikki\/immolanjarvi-vai-immalanjarvi\/\">Continue reading <span class=\"meta-nav\">&rarr;<\/span><\/a><\/p>\n","protected":false},"author":28,"featured_media":0,"parent":45,"menu_order":3,"comment_status":"open","ping_status":"open","template":"","meta":{"footnotes":""},"_links":{"self":[{"href":"https:\/\/kylat.meitadev.fi\/rautio\/wp-json\/wp\/v2\/pages\/324"}],"collection":[{"href":"https:\/\/kylat.meitadev.fi\/rautio\/wp-json\/wp\/v2\/pages"}],"about":[{"href":"https:\/\/kylat.meitadev.fi\/rautio\/wp-json\/wp\/v2\/types\/page"}],"author":[{"embeddable":true,"href":"https:\/\/kylat.meitadev.fi\/rautio\/wp-json\/wp\/v2\/users\/28"}],"replies":[{"embeddable":true,"href":"https:\/\/kylat.meitadev.fi\/rautio\/wp-json\/wp\/v2\/comments?post=324"}],"version-history":[{"count":4,"href":"https:\/\/kylat.meitadev.fi\/rautio\/wp-json\/wp\/v2\/pages\/324\/revisions"}],"predecessor-version":[{"id":1379,"href":"https:\/\/kylat.meitadev.fi\/rautio\/wp-json\/wp\/v2\/pages\/324\/revisions\/1379"}],"up":[{"embeddable":true,"href":"https:\/\/kylat.meitadev.fi\/rautio\/wp-json\/wp\/v2\/pages\/45"}],"wp:attachment":[{"href":"https:\/\/kylat.meitadev.fi\/rautio\/wp-json\/wp\/v2\/media?parent=324"}],"curies":[{"name":"wp","href":"https:\/\/api.w.org\/{rel}","templated":true}]}}