{"id":38,"date":"2011-08-23T11:02:53","date_gmt":"2011-08-23T11:02:53","guid":{"rendered":"https:\/\/kylat.meitadev.fi\/rautio\/?page_id=38"},"modified":"2011-08-23T17:51:23","modified_gmt":"2011-08-23T17:51:23","slug":"harrastukset","status":"publish","type":"page","link":"https:\/\/kylat.meitadev.fi\/rautio\/harrastukset\/","title":{"rendered":"Harrastukset"},"content":{"rendered":"<p>Rautiossa voit liikkua monipuolisesti yksin tai ryhm\u00e4ss\u00e4 kes\u00e4ll\u00e4 sek\u00e4 talvella. T\u00e4\u00e4ll\u00e4 on luonto l\u00e4hell\u00e4!<\/p>\n","protected":false},"excerpt":{"rendered":"<p>Rautiossa voit liikkua monipuolisesti yksin tai ryhm\u00e4ss\u00e4 kes\u00e4ll\u00e4 sek\u00e4 talvella. T\u00e4\u00e4ll\u00e4 on luonto l\u00e4hell\u00e4!<\/p>\n","protected":false},"author":28,"featured_media":0,"parent":0,"menu_order":4,"comment_status":"open","ping_status":"open","template":"","meta":{"footnotes":""},"_links":{"self":[{"href":"https:\/\/kylat.meitadev.fi\/rautio\/wp-json\/wp\/v2\/pages\/38"}],"collection":[{"href":"https:\/\/kylat.meitadev.fi\/rautio\/wp-json\/wp\/v2\/pages"}],"about":[{"href":"https:\/\/kylat.meitadev.fi\/rautio\/wp-json\/wp\/v2\/types\/page"}],"author":[{"embeddable":true,"href":"https:\/\/kylat.meitadev.fi\/rautio\/wp-json\/wp\/v2\/users\/28"}],"replies":[{"embeddable":true,"href":"https:\/\/kylat.meitadev.fi\/rautio\/wp-json\/wp\/v2\/comments?post=38"}],"version-history":[{"count":5,"href":"https:\/\/kylat.meitadev.fi\/rautio\/wp-json\/wp\/v2\/pages\/38\/revisions"}],"predecessor-version":[{"id":112,"href":"https:\/\/kylat.meitadev.fi\/rautio\/wp-json\/wp\/v2\/pages\/38\/revisions\/112"}],"wp:attachment":[{"href":"https:\/\/kylat.meitadev.fi\/rautio\/wp-json\/wp\/v2\/media?parent=38"}],"curies":[{"name":"wp","href":"https:\/\/api.w.org\/{rel}","templated":true}]}}