{"id":45,"date":"2011-08-23T11:10:29","date_gmt":"2011-08-23T11:10:29","guid":{"rendered":"https:\/\/kylat.meitadev.fi\/rautio\/?page_id=45"},"modified":"2011-10-02T17:53:10","modified_gmt":"2011-10-02T17:53:10","slug":"historiikki","status":"publish","type":"page","link":"https:\/\/kylat.meitadev.fi\/rautio\/historiikki\/","title":{"rendered":"Esittely"},"content":{"rendered":"<p><strong>Rautionkyl\u00e4 = Raution kaupunginosa<\/strong><\/p>\n<p>Raution kaupunginosa sijaitsee Imatran kaupungin pohjoisosassa Immalanj\u00e4rven pohjoisrannalla.\u00a0 J\u00e4rven rannat sek\u00e4 Salpaussel\u00e4n kankaat ja etel\u00e4rinne luovat ymp\u00e4rist\u00f6n viihtyis\u00e4lle pientalovaltaiselle asumiselle.<\/p>\n<p><strong>Palveluja vauvasta vaariin <\/strong><br \/>\nRautiossa toimii Kaukop\u00e4\u00e4n koulussa luokat esikoulusta kuudenteen. Raution p\u00e4iv\u00e4koti hoitaa pienimpi\u00e4 ja Imatran Palvelutaloyhdistyksen yksikk\u00f6 vanhimpia. Raution toimintakeskus on palvelukoti vammaisille. Kaupallisia palveluja tarjoavat l\u00e4hikauppa Siwa ja ravintola Raution Kulma.<\/p>\n<p><a href=\"http:\/\/maps.google.fi\/maps?f=q&amp;source=s_q&amp;hl=fi&amp;geocode=&amp;q=Niskapietil%C3%A4ntie+2&amp;aq=&amp;sll=62.593341,27.575684&amp;sspn=11.172625,46.538086&amp;ie=UTF8&amp;hq=&amp;hnear=Niskapietil%C3%A4ntie+2,+55910+Imatra,+Rautio&amp;ll=61.233782,28.871813&amp;spn=0.022718,0.090895&amp;z=14\">Linkki karttaan<\/a><\/p>\n","protected":false},"excerpt":{"rendered":"<p>Rautionkyl\u00e4 = Raution kaupunginosa Raution kaupunginosa sijaitsee Imatran kaupungin pohjoisosassa Immalanj\u00e4rven pohjoisrannalla.\u00a0 J\u00e4rven rannat sek\u00e4 Salpaussel\u00e4n kankaat ja etel\u00e4rinne luovat ymp\u00e4rist\u00f6n viihtyis\u00e4lle pientalovaltaiselle asumiselle. Palveluja vauvasta vaariin Rautiossa toimii Kaukop\u00e4\u00e4n koulussa luokat esikoulusta kuudenteen. Raution p\u00e4iv\u00e4koti hoitaa pienimpi\u00e4 ja Imatran &hellip; <a href=\"https:\/\/kylat.meitadev.fi\/rautio\/historiikki\/\">Continue reading <span class=\"meta-nav\">&rarr;<\/span><\/a><\/p>\n","protected":false},"author":28,"featured_media":0,"parent":0,"menu_order":1,"comment_status":"open","ping_status":"open","template":"","meta":{"footnotes":""},"_links":{"self":[{"href":"https:\/\/kylat.meitadev.fi\/rautio\/wp-json\/wp\/v2\/pages\/45"}],"collection":[{"href":"https:\/\/kylat.meitadev.fi\/rautio\/wp-json\/wp\/v2\/pages"}],"about":[{"href":"https:\/\/kylat.meitadev.fi\/rautio\/wp-json\/wp\/v2\/types\/page"}],"author":[{"embeddable":true,"href":"https:\/\/kylat.meitadev.fi\/rautio\/wp-json\/wp\/v2\/users\/28"}],"replies":[{"embeddable":true,"href":"https:\/\/kylat.meitadev.fi\/rautio\/wp-json\/wp\/v2\/comments?post=45"}],"version-history":[{"count":8,"href":"https:\/\/kylat.meitadev.fi\/rautio\/wp-json\/wp\/v2\/pages\/45\/revisions"}],"predecessor-version":[{"id":81,"href":"https:\/\/kylat.meitadev.fi\/rautio\/wp-json\/wp\/v2\/pages\/45\/revisions\/81"}],"wp:attachment":[{"href":"https:\/\/kylat.meitadev.fi\/rautio\/wp-json\/wp\/v2\/media?parent=45"}],"curies":[{"name":"wp","href":"https:\/\/api.w.org\/{rel}","templated":true}]}}