{"id":56,"date":"2011-08-23T11:32:10","date_gmt":"2011-08-23T11:32:10","guid":{"rendered":"https:\/\/kylat.meitadev.fi\/rautio\/?page_id=56"},"modified":"2018-01-18T09:34:43","modified_gmt":"2018-01-18T09:34:43","slug":"toiminta","status":"publish","type":"page","link":"https:\/\/kylat.meitadev.fi\/rautio\/kylatupa\/toiminta\/","title":{"rendered":"Toiminta"},"content":{"rendered":"<p><strong>RAUTION KYL\u00c4TUVAN VAKITUINEN K\u00c4YTT\u00d6\u00a02018<\/strong><\/p>\n<p>Maanantai: Kaukop\u00e4\u00e4n Martat klo 16-20: parilliset viikot<\/p>\n<p>Tiistai: posliinimaalaus klo 13-17, virkkausryhm\u00e4 klo 17.00-19.30<\/p>\n<p>Torstai: miesten jumppa klo 14-15 ja\u00a0 naisten jumppa klo 15.30-16.30<\/p>\n<p>&nbsp;<\/p>\n<p><strong><strong><br \/>\n<\/strong><\/strong><\/p>\n<p><strong><br \/>\n<\/strong><\/p>\n","protected":false},"excerpt":{"rendered":"<p>RAUTION KYL\u00c4TUVAN VAKITUINEN K\u00c4YTT\u00d6\u00a02018 Maanantai: Kaukop\u00e4\u00e4n Martat klo 16-20: parilliset viikot Tiistai: posliinimaalaus klo 13-17, virkkausryhm\u00e4 klo 17.00-19.30 Torstai: miesten jumppa klo 14-15 ja\u00a0 naisten jumppa klo 15.30-16.30 &nbsp;<\/p>\n","protected":false},"author":28,"featured_media":0,"parent":16,"menu_order":0,"comment_status":"open","ping_status":"open","template":"","meta":{"footnotes":""},"_links":{"self":[{"href":"https:\/\/kylat.meitadev.fi\/rautio\/wp-json\/wp\/v2\/pages\/56"}],"collection":[{"href":"https:\/\/kylat.meitadev.fi\/rautio\/wp-json\/wp\/v2\/pages"}],"about":[{"href":"https:\/\/kylat.meitadev.fi\/rautio\/wp-json\/wp\/v2\/types\/page"}],"author":[{"embeddable":true,"href":"https:\/\/kylat.meitadev.fi\/rautio\/wp-json\/wp\/v2\/users\/28"}],"replies":[{"embeddable":true,"href":"https:\/\/kylat.meitadev.fi\/rautio\/wp-json\/wp\/v2\/comments?post=56"}],"version-history":[{"count":23,"href":"https:\/\/kylat.meitadev.fi\/rautio\/wp-json\/wp\/v2\/pages\/56\/revisions"}],"predecessor-version":[{"id":1229,"href":"https:\/\/kylat.meitadev.fi\/rautio\/wp-json\/wp\/v2\/pages\/56\/revisions\/1229"}],"up":[{"embeddable":true,"href":"https:\/\/kylat.meitadev.fi\/rautio\/wp-json\/wp\/v2\/pages\/16"}],"wp:attachment":[{"href":"https:\/\/kylat.meitadev.fi\/rautio\/wp-json\/wp\/v2\/media?parent=56"}],"curies":[{"name":"wp","href":"https:\/\/api.w.org\/{rel}","templated":true}]}}