{"id":60,"date":"2011-08-23T11:33:55","date_gmt":"2011-08-23T11:33:55","guid":{"rendered":"https:\/\/kylat.meitadev.fi\/rautio\/?page_id=60"},"modified":"2022-01-12T17:14:19","modified_gmt":"2022-01-12T17:14:19","slug":"vuokraus","status":"publish","type":"page","link":"https:\/\/kylat.meitadev.fi\/rautio\/kylatupa\/vuokraus\/","title":{"rendered":"Vuokraus"},"content":{"rendered":"<p>Kyl\u00e4tupaa vuokrataan\u00a0 yksityisk\u00e4ytt\u00f6\u00f6n sek\u00e4 ryhmille.\u00a0\u00a0Sauna l\u00e4mpi\u00e4\u00e4 ryhmille tilauksesta. Vuokraajilta perit\u00e4\u00e4n vuokraa, jolla katetaan tilojen yll\u00e4pidosta, siivouksesta ja liinojen pesusta tuleva kustannus. Vuokraushinnat l\u00f6ytyv\u00e4t sivun alareunasta.<\/p>\n<p>Kyl\u00e4tuvan tilojen varaukset ja ohjeet Marja-Terttu Rahkoselta, puh. 040 832 5871<\/p>\n<p>K\u00e4yntiosoite Niskapietil\u00e4ntie 2,\u00a0 55910 Imatra<br \/>\n<span style=\"color: #444444\">Pakoitus Raution p\u00e4iv\u00e4kodin pihalla<\/span><\/p>\n<p><a href=\"https:\/\/kylat.meitadev.fi\/rautio\/wp-content\/uploads\/sites\/17\/2011\/08\/kylatuvanportaikko.jpg\"><img loading=\"lazy\" decoding=\"async\" class=\"aligncenter size-medium wp-image-825\" src=\"https:\/\/kylat.meitadev.fi\/rautio\/wp-content\/uploads\/sites\/17\/2011\/08\/kylatuvanportaikko-225x300.jpg\" alt=\"kylatuvanportaikko\" width=\"225\" height=\"300\" srcset=\"https:\/\/kylat.meitadev.fi\/rautio\/wp-content\/uploads\/sites\/17\/2011\/08\/kylatuvanportaikko-225x300.jpg 225w, https:\/\/kylat.meitadev.fi\/rautio\/wp-content\/uploads\/sites\/17\/2011\/08\/kylatuvanportaikko-768x1024.jpg 768w, https:\/\/kylat.meitadev.fi\/rautio\/wp-content\/uploads\/sites\/17\/2011\/08\/kylatuvanportaikko.jpg 1102w\" sizes=\"(max-width: 225px) 100vw, 225px\" \/><\/a><\/p>\n<p>Kyl\u00e4tuvalle menn\u00e4\u00e4n n\u00e4it\u00e4 portaita pitkin. Valitettavasti tila ei ole esteet\u00f6n.<\/p>\n<p><strong>Vuokraushinnat <\/strong><\/p>\n<p><strong>SALI<br \/>\n<\/strong><span style=\"color: #444444\">JUHLATILAISUUDET<br \/>\n<\/span><span style=\"color: #444444\">ilman p\u00f6yt\u00e4liinoja \u00a0\u00a0\u00a0\u00a0\u00a0\u00a0\u00a0\u00a0\u00a0\u00a0\u00a0\u00a0 80 \u20ac \u00a0\u00a0\u00a0\u00a0\u00a0\u00a0\u00a0\u00a0\u00a0\u00a0\u00a0\u00a0\u00a0 (j\u00e4senille 60 \u20ac)<br \/>\n<\/span>p\u00f6yt\u00e4liinoilla \u00a0\u00a0\u00a0\u00a0\u00a0\u00a0\u00a0\u00a0\u00a0\u00a0\u00a0\u00a0\u00a0\u00a0\u00a0\u00a0\u00a0\u00a0\u00a0\u00a0 140 \u20ac\u00a0\u00a0\u00a0\u00a0\u00a0\u00a0\u00a0\u00a0\u00a0\u00a0\u00a0\u00a0 (j\u00e4senille 120 \u20ac)<\/p>\n<p><strong>KOKOUKSET<\/strong>\u00a0 \u00a0 \u00a0 \u00a0 \u00a0 \u00a0 \u00a0 \u00a0 \u00a0 \u00a0 \u00a0 20 \u20ac<br \/>\n<strong>SAUNA<\/strong>\u00a0 (ryhmille)\u00a0 \u00a0 \u00a0 \u00a0 \u00a0 \u00a0 \u00a050 \u20ac<\/p>\n<p>Kaupunginosayhdistyksell\u00e4 on juhlaliinat ja kahvi- ja ruokailuastiasto, vuokra m\u00e4\u00e4r\u00e4st\u00e4 riippuen 20-40 \u20ac.<\/p>\n","protected":false},"excerpt":{"rendered":"<p>Kyl\u00e4tupaa vuokrataan\u00a0 yksityisk\u00e4ytt\u00f6\u00f6n sek\u00e4 ryhmille.\u00a0\u00a0Sauna l\u00e4mpi\u00e4\u00e4 ryhmille tilauksesta. Vuokraajilta perit\u00e4\u00e4n vuokraa, jolla katetaan tilojen yll\u00e4pidosta, siivouksesta ja liinojen pesusta tuleva kustannus. Vuokraushinnat l\u00f6ytyv\u00e4t sivun alareunasta. Kyl\u00e4tuvan tilojen varaukset ja ohjeet Marja-Terttu Rahkoselta, puh. 040 832 5871 K\u00e4yntiosoite Niskapietil\u00e4ntie 2,\u00a0 55910 &hellip; <a href=\"https:\/\/kylat.meitadev.fi\/rautio\/kylatupa\/vuokraus\/\">Continue reading <span class=\"meta-nav\">&rarr;<\/span><\/a><\/p>\n","protected":false},"author":28,"featured_media":0,"parent":16,"menu_order":2,"comment_status":"open","ping_status":"open","template":"","meta":{"footnotes":""},"_links":{"self":[{"href":"https:\/\/kylat.meitadev.fi\/rautio\/wp-json\/wp\/v2\/pages\/60"}],"collection":[{"href":"https:\/\/kylat.meitadev.fi\/rautio\/wp-json\/wp\/v2\/pages"}],"about":[{"href":"https:\/\/kylat.meitadev.fi\/rautio\/wp-json\/wp\/v2\/types\/page"}],"author":[{"embeddable":true,"href":"https:\/\/kylat.meitadev.fi\/rautio\/wp-json\/wp\/v2\/users\/28"}],"replies":[{"embeddable":true,"href":"https:\/\/kylat.meitadev.fi\/rautio\/wp-json\/wp\/v2\/comments?post=60"}],"version-history":[{"count":14,"href":"https:\/\/kylat.meitadev.fi\/rautio\/wp-json\/wp\/v2\/pages\/60\/revisions"}],"predecessor-version":[{"id":1388,"href":"https:\/\/kylat.meitadev.fi\/rautio\/wp-json\/wp\/v2\/pages\/60\/revisions\/1388"}],"up":[{"embeddable":true,"href":"https:\/\/kylat.meitadev.fi\/rautio\/wp-json\/wp\/v2\/pages\/16"}],"wp:attachment":[{"href":"https:\/\/kylat.meitadev.fi\/rautio\/wp-json\/wp\/v2\/media?parent=60"}],"curies":[{"name":"wp","href":"https:\/\/api.w.org\/{rel}","templated":true}]}}