{"id":62,"date":"2011-08-23T11:35:58","date_gmt":"2011-08-23T11:35:58","guid":{"rendered":"https:\/\/kylat.meitadev.fi\/rautio\/?page_id=62"},"modified":"2020-03-08T19:40:28","modified_gmt":"2020-03-08T19:40:28","slug":"mattokutomo","status":"publish","type":"page","link":"https:\/\/kylat.meitadev.fi\/rautio\/kylatupa\/mattokutomo\/","title":{"rendered":"Mattokutomo"},"content":{"rendered":"<p>Mattokutomo sijaitsee P\u00e4iv\u00e4kodin alakerrassa, kutomossa on erilevyisi\u00e4 puita ja monenlaisia loimia valmiina. P\u00e4iv\u00e4vuokra 2 euroa, lis\u00e4ksi maksettava korvaus loimista.<\/p>\n<p>Kutomosta lis\u00e4tietoja antaa Pirjo Tuunanen, puh. 040-129 0022.<\/p>\n<div id=\"attachment_179\" style=\"width: 2570px\" class=\"wp-caption alignleft\"><a href=\"https:\/\/kylat.meitadev.fi\/rautio\/wp-content\/uploads\/sites\/17\/2011\/08\/P21002815.jpg\"><img loading=\"lazy\" decoding=\"async\" aria-describedby=\"caption-attachment-179\" class=\"size-full wp-image-179\" src=\"https:\/\/kylat.meitadev.fi\/rautio\/wp-content\/uploads\/sites\/17\/2011\/08\/P21002815.jpg\" alt=\"\" width=\"2560\" height=\"1920\" \/><\/a><p id=\"caption-attachment-179\" class=\"wp-caption-text\">Raution kutomossa syntyy v\u00e4rikk\u00e4it\u00e4 mattoja<\/p><\/div>\n","protected":false},"excerpt":{"rendered":"<p>Mattokutomo sijaitsee P\u00e4iv\u00e4kodin alakerrassa, kutomossa on erilevyisi\u00e4 puita ja monenlaisia loimia valmiina. P\u00e4iv\u00e4vuokra 2 euroa, lis\u00e4ksi maksettava korvaus loimista. Kutomosta lis\u00e4tietoja antaa Pirjo Tuunanen, puh. 040-129 0022.<\/p>\n","protected":false},"author":28,"featured_media":0,"parent":16,"menu_order":3,"comment_status":"open","ping_status":"closed","template":"","meta":{"footnotes":""},"_links":{"self":[{"href":"https:\/\/kylat.meitadev.fi\/rautio\/wp-json\/wp\/v2\/pages\/62"}],"collection":[{"href":"https:\/\/kylat.meitadev.fi\/rautio\/wp-json\/wp\/v2\/pages"}],"about":[{"href":"https:\/\/kylat.meitadev.fi\/rautio\/wp-json\/wp\/v2\/types\/page"}],"author":[{"embeddable":true,"href":"https:\/\/kylat.meitadev.fi\/rautio\/wp-json\/wp\/v2\/users\/28"}],"replies":[{"embeddable":true,"href":"https:\/\/kylat.meitadev.fi\/rautio\/wp-json\/wp\/v2\/comments?post=62"}],"version-history":[{"count":6,"href":"https:\/\/kylat.meitadev.fi\/rautio\/wp-json\/wp\/v2\/pages\/62\/revisions"}],"predecessor-version":[{"id":1342,"href":"https:\/\/kylat.meitadev.fi\/rautio\/wp-json\/wp\/v2\/pages\/62\/revisions\/1342"}],"up":[{"embeddable":true,"href":"https:\/\/kylat.meitadev.fi\/rautio\/wp-json\/wp\/v2\/pages\/16"}],"wp:attachment":[{"href":"https:\/\/kylat.meitadev.fi\/rautio\/wp-json\/wp\/v2\/media?parent=62"}],"curies":[{"name":"wp","href":"https:\/\/api.w.org\/{rel}","templated":true}]}}