{"id":69,"date":"2011-08-23T11:56:58","date_gmt":"2011-08-23T11:56:58","guid":{"rendered":"https:\/\/kylat.meitadev.fi\/rautio\/?page_id=69"},"modified":"2021-01-06T18:48:58","modified_gmt":"2021-01-06T18:48:58","slug":"koulu-ja-paivakoti","status":"publish","type":"page","link":"https:\/\/kylat.meitadev.fi\/rautio\/palvelut\/koulu-ja-paivakoti\/","title":{"rendered":"Koulu ja p\u00e4iv\u00e4koti"},"content":{"rendered":"<p><strong>Koulu ja p\u00e4iv\u00e4koti<\/strong><\/p>\n<p>Rautionkyl\u00e4n n\u00e4kyvin &#8211; ja monien mielest\u00e4 kyl\u00e4n kaunein &#8211; rakennus on 1930-luvulla rakennettu funkistyylinen Kaukop\u00e4\u00e4n koulu. Koulu on ollut opinahjo jo monille nykyisten koululaisten isovanhemmille. Opetus Kaukop\u00e4\u00e4n koululla p\u00e4\u00e4ttyi kev\u00e4\u00e4ll\u00e4 2019, ja Rautionkyl\u00e4n koululaiset k\u00e4yv\u00e4t nyt Vuoksenniskan koulua Vuoksenniskalla..<\/p>\n<p><strong>Pienten lasten koulu<br \/>\n<\/strong>Raution p\u00e4iv\u00e4kodissa on paikka 120 lapselle ja siel\u00e4 on toteutettu ns. Pienten lasten koulua. Se tarkoittaa l\u00e4heist\u00e4 yhtesity\u00f6t\u00e4 p\u00e4iv\u00e4kodin ja koulun kesken. Esimerkikisi yksi esikouluryhm\u00e4 toimii kokonaan koulun tiloissa.<\/p>\n","protected":false},"excerpt":{"rendered":"<p>Koulu ja p\u00e4iv\u00e4koti Rautionkyl\u00e4n n\u00e4kyvin &#8211; ja monien mielest\u00e4 kyl\u00e4n kaunein &#8211; rakennus on 1930-luvulla rakennettu funkistyylinen Kaukop\u00e4\u00e4n koulu. Koulu on ollut opinahjo jo monille nykyisten koululaisten isovanhemmille. Opetus Kaukop\u00e4\u00e4n koululla p\u00e4\u00e4ttyi kev\u00e4\u00e4ll\u00e4 2019, ja Rautionkyl\u00e4n koululaiset k\u00e4yv\u00e4t nyt Vuoksenniskan &hellip; <a href=\"https:\/\/kylat.meitadev.fi\/rautio\/palvelut\/koulu-ja-paivakoti\/\">Continue reading <span class=\"meta-nav\">&rarr;<\/span><\/a><\/p>\n","protected":false},"author":28,"featured_media":0,"parent":42,"menu_order":0,"comment_status":"open","ping_status":"open","template":"","meta":{"footnotes":""},"_links":{"self":[{"href":"https:\/\/kylat.meitadev.fi\/rautio\/wp-json\/wp\/v2\/pages\/69"}],"collection":[{"href":"https:\/\/kylat.meitadev.fi\/rautio\/wp-json\/wp\/v2\/pages"}],"about":[{"href":"https:\/\/kylat.meitadev.fi\/rautio\/wp-json\/wp\/v2\/types\/page"}],"author":[{"embeddable":true,"href":"https:\/\/kylat.meitadev.fi\/rautio\/wp-json\/wp\/v2\/users\/28"}],"replies":[{"embeddable":true,"href":"https:\/\/kylat.meitadev.fi\/rautio\/wp-json\/wp\/v2\/comments?post=69"}],"version-history":[{"count":3,"href":"https:\/\/kylat.meitadev.fi\/rautio\/wp-json\/wp\/v2\/pages\/69\/revisions"}],"predecessor-version":[{"id":1381,"href":"https:\/\/kylat.meitadev.fi\/rautio\/wp-json\/wp\/v2\/pages\/69\/revisions\/1381"}],"up":[{"embeddable":true,"href":"https:\/\/kylat.meitadev.fi\/rautio\/wp-json\/wp\/v2\/pages\/42"}],"wp:attachment":[{"href":"https:\/\/kylat.meitadev.fi\/rautio\/wp-json\/wp\/v2\/media?parent=69"}],"curies":[{"name":"wp","href":"https:\/\/api.w.org\/{rel}","templated":true}]}}