{"id":7,"date":"2011-08-23T10:14:26","date_gmt":"2011-08-23T10:14:26","guid":{"rendered":"https:\/\/kylat.meitadev.fi\/rautio\/?page_id=7"},"modified":"2022-01-12T17:56:27","modified_gmt":"2022-01-12T17:56:27","slug":"hallitus","status":"publish","type":"page","link":"https:\/\/kylat.meitadev.fi\/rautio\/yhdistys\/hallitus\/","title":{"rendered":"Hallitus 2022"},"content":{"rendered":"<pre><strong>Puheenjohtaja<\/strong>: Kimmo T\u00f6tt\u00f6l\u00e4 (2022-)          040 518 6483\t     \n\n<strong>Varapuheenjohtaja:   <\/strong>Veijo H\u00e4yh\u00e4 (2022-23)    050 302 3040<strong>\nSihteeri<\/strong>: Hanna Ollikainen (2022-23)          050 430 1270\n\n<strong>Muut j\u00e4senet <\/strong>(suluissa kausi, jolle valittu)\nLauri Aunola (2022-23)\nMaria H\u00f6ltt\u00e4 (2021-22)                       050 5343 121\nKirsi Keskitalo (2021-22)\nMarja-Terttu Rahkonen (2022-23)\t\t     040 832 5871\nSeija Sairanen (2021-22)                     040 582 4989\nJuha Tuononen (2021-22)\t\t\t     040 514 9562\nSeppo Skytt\u00e4 (2022)                          040 550 9179 \nSeppo Vainikka (2022-23)                     050 541 0118\n\n<\/pre>\n<pre>\n- Hallituksen j\u00e4senet valitaan kahden vuoden toimintakaudeksi. Syyskokouksessa valitaan uudet hallituksen j\u00e4senet erovuoroisten tilalle.<\/pre>\n<p>&#8211; Puheenjohtaja valitaan vuodeksi kerrallaan. Puheenjohtajakauden enimm\u00e4ispituus on 4 vuotta kerrallaan.<\/p>\n<p><span style=\"color: #444444;font-size: 14px\">\u00a0<\/span><\/p>\n","protected":false},"excerpt":{"rendered":"<p>Puheenjohtaja: Kimmo T\u00f6tt\u00f6l\u00e4 (2022-) 040 518 6483 Varapuheenjohtaja: Veijo H\u00e4yh\u00e4 (2022-23) 050 302 3040 Sihteeri: Hanna Ollikainen (2022-23) 050 430 1270 Muut j\u00e4senet (suluissa kausi, jolle valittu) Lauri Aunola (2022-23) Maria H\u00f6ltt\u00e4 (2021-22) 050 5343 121 Kirsi Keskitalo (2021-22) Marja-Terttu &hellip; <a href=\"https:\/\/kylat.meitadev.fi\/rautio\/yhdistys\/hallitus\/\">Continue reading <span class=\"meta-nav\">&rarr;<\/span><\/a><\/p>\n","protected":false},"author":28,"featured_media":0,"parent":5,"menu_order":0,"comment_status":"open","ping_status":"open","template":"","meta":{"footnotes":""},"_links":{"self":[{"href":"https:\/\/kylat.meitadev.fi\/rautio\/wp-json\/wp\/v2\/pages\/7"}],"collection":[{"href":"https:\/\/kylat.meitadev.fi\/rautio\/wp-json\/wp\/v2\/pages"}],"about":[{"href":"https:\/\/kylat.meitadev.fi\/rautio\/wp-json\/wp\/v2\/types\/page"}],"author":[{"embeddable":true,"href":"https:\/\/kylat.meitadev.fi\/rautio\/wp-json\/wp\/v2\/users\/28"}],"replies":[{"embeddable":true,"href":"https:\/\/kylat.meitadev.fi\/rautio\/wp-json\/wp\/v2\/comments?post=7"}],"version-history":[{"count":20,"href":"https:\/\/kylat.meitadev.fi\/rautio\/wp-json\/wp\/v2\/pages\/7\/revisions"}],"predecessor-version":[{"id":1390,"href":"https:\/\/kylat.meitadev.fi\/rautio\/wp-json\/wp\/v2\/pages\/7\/revisions\/1390"}],"up":[{"embeddable":true,"href":"https:\/\/kylat.meitadev.fi\/rautio\/wp-json\/wp\/v2\/pages\/5"}],"wp:attachment":[{"href":"https:\/\/kylat.meitadev.fi\/rautio\/wp-json\/wp\/v2\/media?parent=7"}],"curies":[{"name":"wp","href":"https:\/\/api.w.org\/{rel}","templated":true}]}}