{"id":71,"date":"2011-08-23T12:04:17","date_gmt":"2011-08-23T12:04:17","guid":{"rendered":"https:\/\/kylat.meitadev.fi\/rautio\/?page_id=71"},"modified":"2021-01-06T18:02:35","modified_gmt":"2021-01-06T18:02:35","slug":"yritykset","status":"publish","type":"page","link":"https:\/\/kylat.meitadev.fi\/rautio\/palvelut\/yritykset\/","title":{"rendered":"Yritykset"},"content":{"rendered":"<p><strong>Ravintola Raution Kulma<br \/>\n<\/strong>Niskapietil\u00e4ntie 19<br \/>\np. 040 181 788<br \/>\n<a href=\"http:\/\/rautionkulma.com\/\"><span style=\"text-decoration: underline\"><span style=\"color: #0000ff;font-size: medium\"><span style=\"color: #0000ff;font-size: medium\">http:\/\/rautionkulma.com\/<\/span><\/span><\/span><\/a><\/p>\n<p><strong>K-Market<\/strong><br \/>\nNiskapietil\u00e4ntie 7<br \/>\np.<a href=\"tel:020 700 2890\">020 700 2890<\/a><br \/>\n<a href=\"https:\/\/www.k-ruoka.fi\/kauppa\/k-market-rautionkyla\" target=\"_blank\" rel=\"noopener noreferrer\">https:\/\/www.k-ruoka.fi\/kauppa\/k-market-rautionkyla<\/a><\/p>\n<p><strong>Alina Imatra &#8211; kotipalvelut<\/strong><br \/>\nNiskapietil\u00e4ntie 17<br \/>\np. 044 455 6840<br \/>\n<a href=\"https:\/\/www.alinahoivatiimi.fi\/paikkakunta\/imatra\/\" target=\"_blank\" rel=\"noopener noreferrer\">www.alinahoivatiimi.fi\/paikkakunta\/imatra\/<\/a><\/p>\n<p><strong>Hotelli Immalanj\u00e4rvi<\/strong><br \/>\np. 045 888 88 48<br \/>\n<a href=\"http:\/\/imatrahostel.fi\/?fi\"><span style=\"text-decoration: underline\"><span style=\"color: #0000ff;font-size: medium\"><span style=\"color: #0000ff;font-size: medium\">http:\/\/imatrahostel.fi\/?fi<\/span><\/span><\/span><\/a><\/p>\n<p><strong>Kaitsun Puukko ja Puuty\u00f6<br \/>\n<\/strong>Rautionkatu 10<br \/>\nKai Perttula, p. 050 305 9213<br \/>\n<a href=\"https:\/\/www.puukkopuu.fi\/\"><span style=\"text-decoration: underline\"><span style=\"color: #0000ff;font-size: medium\">www.kareisenpyorakorjaamo.net<\/span><\/span><\/a><\/p>\n<p><strong>Auto- ja konekorjaamo Markku J\u00e4k\u00e4r\u00e4<br \/>\n<\/strong>J\u00e4k\u00e4r\u00e4nkuja 55<br \/>\np. 0400 764 875<\/p>\n<p><strong>Omenamehustamo Omenahanse<\/strong><br \/>\nJ\u00e4k\u00e4r\u00e4nkuja 36<br \/>\np. 050 430 1270<br \/>\n<a href=\"www.facebook.com\/Omenahanse\"><span style=\"text-decoration: underline\"><span style=\"color: #0000ff;font-size: medium\"><span style=\"color: #0000ff;font-size: medium\">www.facebook.com\/Omenahanse<\/span><\/span><\/span><\/a><\/p>\n<p><strong>Parturi-kampaamot<br \/>\n<\/strong>Johanna p. 433 7267<br \/>\nHius-Stop p. 433 7311<br \/>\nHelena Kuikka p. 433 7962<\/p>\n","protected":false},"excerpt":{"rendered":"<p>Ravintola Raution Kulma Niskapietil\u00e4ntie 19 p. 040 181 788 http:\/\/rautionkulma.com\/ K-Market Niskapietil\u00e4ntie 7 p.020 700 2890 https:\/\/www.k-ruoka.fi\/kauppa\/k-market-rautionkyla Alina Imatra &#8211; kotipalvelut Niskapietil\u00e4ntie 17 p. 044 455 6840 www.alinahoivatiimi.fi\/paikkakunta\/imatra\/ Hotelli Immalanj\u00e4rvi p. 045 888 88 48 http:\/\/imatrahostel.fi\/?fi Kaitsun Puukko ja Puuty\u00f6 &hellip; <a href=\"https:\/\/kylat.meitadev.fi\/rautio\/palvelut\/yritykset\/\">Continue reading <span class=\"meta-nav\">&rarr;<\/span><\/a><\/p>\n","protected":false},"author":28,"featured_media":0,"parent":42,"menu_order":2,"comment_status":"open","ping_status":"open","template":"","meta":{"footnotes":""},"_links":{"self":[{"href":"https:\/\/kylat.meitadev.fi\/rautio\/wp-json\/wp\/v2\/pages\/71"}],"collection":[{"href":"https:\/\/kylat.meitadev.fi\/rautio\/wp-json\/wp\/v2\/pages"}],"about":[{"href":"https:\/\/kylat.meitadev.fi\/rautio\/wp-json\/wp\/v2\/types\/page"}],"author":[{"embeddable":true,"href":"https:\/\/kylat.meitadev.fi\/rautio\/wp-json\/wp\/v2\/users\/28"}],"replies":[{"embeddable":true,"href":"https:\/\/kylat.meitadev.fi\/rautio\/wp-json\/wp\/v2\/comments?post=71"}],"version-history":[{"count":19,"href":"https:\/\/kylat.meitadev.fi\/rautio\/wp-json\/wp\/v2\/pages\/71\/revisions"}],"predecessor-version":[{"id":1367,"href":"https:\/\/kylat.meitadev.fi\/rautio\/wp-json\/wp\/v2\/pages\/71\/revisions\/1367"}],"up":[{"embeddable":true,"href":"https:\/\/kylat.meitadev.fi\/rautio\/wp-json\/wp\/v2\/pages\/42"}],"wp:attachment":[{"href":"https:\/\/kylat.meitadev.fi\/rautio\/wp-json\/wp\/v2\/media?parent=71"}],"curies":[{"name":"wp","href":"https:\/\/api.w.org\/{rel}","templated":true}]}}