{"id":74,"date":"2011-08-23T12:06:51","date_gmt":"2011-08-23T12:06:51","guid":{"rendered":"https:\/\/kylat.meitadev.fi\/rautio\/?page_id=74"},"modified":"2021-01-06T18:50:24","modified_gmt":"2021-01-06T18:50:24","slug":"matonpesupiste","status":"publish","type":"page","link":"https:\/\/kylat.meitadev.fi\/rautio\/palvelut\/matonpesupiste\/","title":{"rendered":"Matonpesupiste"},"content":{"rendered":"<p>Nykyaikainen matonpesupaikka altaineen ja hanavesineen sijaitsee Myllyksenkadun p\u00e4\u00e4ss\u00e4. Vesi tulee pumpulla Immalanj\u00e4rvest\u00e4 ja p\u00e4\u00e4tyy kaupungin viem\u00e4riverkkoon.<\/p>\n<p>Jotta matonpesu sujuisi kaikilta mukavasti ja joustavasti, kannattaa muistaa muutamia asioita:<\/p>\n<p>\u2022 Altaat ymp\u00e4rist\u00f6ineen tulee pit\u00e4\u00e4 siistin\u00e4 &#8211; vie roskat pois!<br \/>\n\u2022\u00a0Altaissa saa pest\u00e4 vain mattoja ja muita tekstiilej\u00e4, ei esimerkiksi auton osia<br \/>\n\u2022\u00a0Autot tulee paikoittaa niille varatuille paikolle.<br \/>\n\u2022 Mattomankelilla puristetaan vesi pois, loppukuivaus kuivaustangolla tai kotona.<br \/>\n\u2022\u00a0Rautionkyl\u00e4ss\u00e4 on kaunis luonto ja linnusto \u2013 nautitaan luonnon \u00e4\u00e4nist\u00e4 \u2013 radiota voi kuunnella kotona.<br \/>\n\u2022\u00a0Matonpesupaikka on yleist\u00e4 aluetta, vapaasti kaikkien k\u00e4ytett\u00e4viss\u00e4.\u00a0 Alue on vartioimaton.<\/p>\n<p>Matonpesupaikka k\u00e4ytett\u00e4viss\u00e4\u00a0arkisin klo 8-20 la-su 8-18<a href=\"https:\/\/kylat.meitadev.fi\/rautio\/wp-content\/uploads\/sites\/17\/2011\/08\/matonpesu.jpg\"><img loading=\"lazy\" decoding=\"async\" class=\"alignnone size-full wp-image-77\" src=\"https:\/\/kylat.meitadev.fi\/rautio\/wp-content\/uploads\/sites\/17\/2011\/08\/matonpesu.jpg\" alt=\"\" width=\"800\" height=\"600\" \/><\/a><\/p>\n","protected":false},"excerpt":{"rendered":"<p>Nykyaikainen matonpesupaikka altaineen ja hanavesineen sijaitsee Myllyksenkadun p\u00e4\u00e4ss\u00e4. Vesi tulee pumpulla Immalanj\u00e4rvest\u00e4 ja p\u00e4\u00e4tyy kaupungin viem\u00e4riverkkoon. Jotta matonpesu sujuisi kaikilta mukavasti ja joustavasti, kannattaa muistaa muutamia asioita: \u2022 Altaat ymp\u00e4rist\u00f6ineen tulee pit\u00e4\u00e4 siistin\u00e4 &#8211; vie roskat pois! \u2022\u00a0Altaissa saa pest\u00e4 &hellip; <a href=\"https:\/\/kylat.meitadev.fi\/rautio\/palvelut\/matonpesupiste\/\">Continue reading <span class=\"meta-nav\">&rarr;<\/span><\/a><\/p>\n","protected":false},"author":28,"featured_media":0,"parent":42,"menu_order":3,"comment_status":"open","ping_status":"open","template":"","meta":{"footnotes":""},"_links":{"self":[{"href":"https:\/\/kylat.meitadev.fi\/rautio\/wp-json\/wp\/v2\/pages\/74"}],"collection":[{"href":"https:\/\/kylat.meitadev.fi\/rautio\/wp-json\/wp\/v2\/pages"}],"about":[{"href":"https:\/\/kylat.meitadev.fi\/rautio\/wp-json\/wp\/v2\/types\/page"}],"author":[{"embeddable":true,"href":"https:\/\/kylat.meitadev.fi\/rautio\/wp-json\/wp\/v2\/users\/28"}],"replies":[{"embeddable":true,"href":"https:\/\/kylat.meitadev.fi\/rautio\/wp-json\/wp\/v2\/comments?post=74"}],"version-history":[{"count":6,"href":"https:\/\/kylat.meitadev.fi\/rautio\/wp-json\/wp\/v2\/pages\/74\/revisions"}],"predecessor-version":[{"id":1382,"href":"https:\/\/kylat.meitadev.fi\/rautio\/wp-json\/wp\/v2\/pages\/74\/revisions\/1382"}],"up":[{"embeddable":true,"href":"https:\/\/kylat.meitadev.fi\/rautio\/wp-json\/wp\/v2\/pages\/42"}],"wp:attachment":[{"href":"https:\/\/kylat.meitadev.fi\/rautio\/wp-json\/wp\/v2\/media?parent=74"}],"curies":[{"name":"wp","href":"https:\/\/api.w.org\/{rel}","templated":true}]}}