{"id":92,"date":"2011-08-23T17:29:26","date_gmt":"2011-08-23T17:29:26","guid":{"rendered":"https:\/\/kylat.meitadev.fi\/rautio\/?page_id=92"},"modified":"2019-08-13T14:57:34","modified_gmt":"2019-08-13T14:57:34","slug":"tenniskentta","status":"publish","type":"page","link":"https:\/\/kylat.meitadev.fi\/rautio\/harrastukset\/tenniskentta\/","title":{"rendered":"Tenniskentt\u00e4"},"content":{"rendered":"<p>Tenniskentt\u00e4 sijaitsee p\u00e4iv\u00e4kodin kent\u00e4n vieress\u00e4 Niskapietil\u00e4ntien varrella.<\/p>\n<p>HUOM! Tenniskentt\u00e4 ei ole k\u00e4yt\u00f6ss\u00e4 t\u00e4n\u00e4 kes\u00e4n\u00e4. Pyrit\u00e4\u00e4n kunnostamaan kes\u00e4lle 2020.<\/p>\n<div id=\"attachment_219\" style=\"width: 2282px\" class=\"wp-caption alignleft\"><a href=\"https:\/\/kylat.meitadev.fi\/rautio\/wp-content\/uploads\/sites\/17\/2011\/08\/P9010008.jpg\"><img loading=\"lazy\" decoding=\"async\" aria-describedby=\"caption-attachment-219\" class=\"size-full wp-image-219\" src=\"https:\/\/kylat.meitadev.fi\/rautio\/wp-content\/uploads\/sites\/17\/2011\/08\/P9010008.jpg\" alt=\"\" width=\"2272\" height=\"1704\" \/><\/a><p id=\"caption-attachment-219\" class=\"wp-caption-text\">Rautionkyl\u00e4n tenniskentt\u00e4 odottaa pelaajia<\/p><\/div>\n","protected":false},"excerpt":{"rendered":"<p>Tenniskentt\u00e4 sijaitsee p\u00e4iv\u00e4kodin kent\u00e4n vieress\u00e4 Niskapietil\u00e4ntien varrella. HUOM! Tenniskentt\u00e4 ei ole k\u00e4yt\u00f6ss\u00e4 t\u00e4n\u00e4 kes\u00e4n\u00e4. Pyrit\u00e4\u00e4n kunnostamaan kes\u00e4lle 2020.<\/p>\n","protected":false},"author":28,"featured_media":0,"parent":38,"menu_order":2,"comment_status":"open","ping_status":"open","template":"","meta":{"footnotes":""},"_links":{"self":[{"href":"https:\/\/kylat.meitadev.fi\/rautio\/wp-json\/wp\/v2\/pages\/92"}],"collection":[{"href":"https:\/\/kylat.meitadev.fi\/rautio\/wp-json\/wp\/v2\/pages"}],"about":[{"href":"https:\/\/kylat.meitadev.fi\/rautio\/wp-json\/wp\/v2\/types\/page"}],"author":[{"embeddable":true,"href":"https:\/\/kylat.meitadev.fi\/rautio\/wp-json\/wp\/v2\/users\/28"}],"replies":[{"embeddable":true,"href":"https:\/\/kylat.meitadev.fi\/rautio\/wp-json\/wp\/v2\/comments?post=92"}],"version-history":[{"count":8,"href":"https:\/\/kylat.meitadev.fi\/rautio\/wp-json\/wp\/v2\/pages\/92\/revisions"}],"predecessor-version":[{"id":1335,"href":"https:\/\/kylat.meitadev.fi\/rautio\/wp-json\/wp\/v2\/pages\/92\/revisions\/1335"}],"up":[{"embeddable":true,"href":"https:\/\/kylat.meitadev.fi\/rautio\/wp-json\/wp\/v2\/pages\/38"}],"wp:attachment":[{"href":"https:\/\/kylat.meitadev.fi\/rautio\/wp-json\/wp\/v2\/media?parent=92"}],"curies":[{"name":"wp","href":"https:\/\/api.w.org\/{rel}","templated":true}]}}