{"id":14,"date":"2014-12-05T09:43:20","date_gmt":"2014-12-05T07:43:20","guid":{"rendered":"https:\/\/kylat.meitadev.fi\/rautjarvenkylat\/?page_id=14"},"modified":"2014-12-05T09:43:20","modified_gmt":"2014-12-05T07:43:20","slug":"innasennurkka-kaljusenselka","status":"publish","type":"page","link":"https:\/\/kylat.meitadev.fi\/rautjarvenkylat\/innasennurkka-kaljusenselka\/","title":{"rendered":"Innasennurkka, Kaljusenselk\u00e4"},"content":{"rendered":"<p><a href=\"https:\/\/kylat.meitadev.fi\/rautjarvenkylat\/wp-content\/uploads\/sites\/77\/2014\/12\/inna2.jpg\"><img loading=\"lazy\" decoding=\"async\" class=\"alignnone wp-image-17 size-medium\" src=\"https:\/\/kylat.meitadev.fi\/rautjarvenkylat\/wp-content\/uploads\/sites\/77\/2014\/12\/inna2-300x225.jpg\" alt=\"inna2\" width=\"300\" height=\"225\" srcset=\"https:\/\/kylat.meitadev.fi\/rautjarvenkylat\/wp-content\/uploads\/sites\/77\/2014\/12\/inna2-300x225.jpg 300w, https:\/\/kylat.meitadev.fi\/rautjarvenkylat\/wp-content\/uploads\/sites\/77\/2014\/12\/inna2-400x300.jpg 400w, https:\/\/kylat.meitadev.fi\/rautjarvenkylat\/wp-content\/uploads\/sites\/77\/2014\/12\/inna2.jpg 640w\" sizes=\"(max-width: 300px) 100vw, 300px\" \/><\/a>Innasennurkka ja Kaljusenkyl\u00e4 ovat rauhallisia maaseutukyli\u00e4 l\u00e4hell\u00e4 Simpeleen taajaman palveluja. Pinnanmuodoiltaan vaihtelevassa maisemassa avautuvat vuoroin upeat j\u00e4rvi- ja maanviljelysmaisemat. Suomen kauneimmaksi maitotieksi valittiin 1995 Kivij\u00e4rven Salmesta Pitk\u00e4j\u00e4rvelle kulkeva tie.<\/p>\n<p><img loading=\"lazy\" decoding=\"async\" class=\"size-thumbnail wp-image-16 alignright\" src=\"https:\/\/kylat.meitadev.fi\/rautjarvenkylat\/wp-content\/uploads\/sites\/77\/2014\/12\/inna-150x150.jpg\" alt=\"OLYMPUS DIGITAL CAMERA\" width=\"150\" height=\"150\" \/>Kyl\u00e4n keskus entinen koulu<br \/>\nPitk\u00e4j\u00e4rven entinen koulu on kunnostettu toimintakeskukseksi. Kyl\u00e4yhdistyksen omistama koulu remontoitiin Leader-tuella, jotta se soveltuisi paremmin juhla-, harrastus- ja kokousk\u00e4ytt\u00f6\u00f6n. Kyl\u00e4yhdistys tarjoaa koulua majoitus- ja kokoustiloiksi suuremmillekin ryhmille. K\u00e4ytett\u00e4viss\u00e4 ovat keitti\u00f6, sauna ja peseytymistilat. Koulun yhteydess\u00e4 on my\u00f6s vuokra-asuntoja.<\/p>\n<p>300 asukkaan kyl\u00e4ss\u00e4 toimii ruokajakelupalvelu sek\u00e4 inja-auto-, s\u00e4hk\u00f6asennus-, maansiirto-, mets\u00e4kone-, IT- ja maatalousyrityksi\u00e4. L\u00e4himm\u00e4t koulut, kaupat ja muut julkiset palvelut saa Simpeleen taajamasta 6 km:n p\u00e4\u00e4st\u00e4. Alueelta voi vuokrata vapaa-ajan asuntoja.<\/p>\n<p>Luonnossa liikkuminen, mets\u00e4stys ja kalastus ovat suosittuja harrastuksia. Kansalaisopiston kurssilla voi verhoilla huonekaluja. Yhteist\u00e4 toimintaa j\u00e4rjest\u00e4v\u00e4t my\u00f6s Innasennurkan-Kaljusenkyl\u00e4n kyl\u00e4yhdistys, Simpeleen Seudun Er\u00e4nk\u00e4vij\u00e4t ja Pitk\u00e4j\u00e4rven Maa- ja kotitalousnaiset.<\/p>\n<p><strong>N\u00e4ht\u00e4vyydet: Haukkavuori ja Kalterij\u00e4\u00e4k\u00e4rin muistomerkki<\/strong><\/p>\n<p><img loading=\"lazy\" decoding=\"async\" class=\"size-thumbnail wp-image-15 alignright\" src=\"https:\/\/kylat.meitadev.fi\/rautjarvenkylat\/wp-content\/uploads\/sites\/77\/2014\/12\/inna3-150x150.jpg\" alt=\"inna3\" width=\"150\" height=\"150\" \/>Kuva E-K:n maa- ja kotitalousnaisten piirikeskus<br \/>\nKyl\u00e4ss\u00e4 sijaitsee yksi Etel\u00e4-Karjalan upeimmista n\u00e4k\u00f6alapaikoista. Saraj\u00e4rven Haukkavuori on l\u00e4hiymp\u00e4rist\u00f6\u00e4\u00e4n n. 80 metri\u00e4 korkeampi, joten vuorelta avautuvat upeat maisemat ymp\u00e4r\u00f6iville j\u00e4rville ja metsiin. Haukkavuori on suosittu retkeilykohde, jonka jylh\u00e4t rinteet soveltuvat my\u00f6s kiipeilij\u00f6iden harjoittelupaikoiksi. Haukkavuoren kautta ovat kulkeneet monet rauhojen rajat aina P\u00e4hkin\u00e4saaren rauhasta (1323) Uudenkaupungin rauhaan (1721).<\/p>\n<p>Koantausj\u00e4rven Iivanansaaressa sijaitseva Kalterij\u00e4\u00e4k\u00e4rin hautakammio on t\u00e4ydellinen kopio Pietarin Spalernajan vankisellist\u00e4, jossa simpelel\u00e4inen j\u00e4\u00e4k\u00e4ri Reinikainen odotti kuolemantuomionsa t\u00e4yt\u00e4nt\u00f6\u00f6npanoa 1916-17. P\u00e4\u00e4sty\u00e4\u00e4n vapaaksi h\u00e4n rakensi hautakammion muistomerkiksi j\u00e4\u00e4k\u00e4riaatteelle. Hautakammiossa on Reinikaisen tuhkauurna, miekka ja kunniamerkit sek\u00e4 j\u00e4\u00e4k\u00e4ripatsas. Saareen p\u00e4\u00e4see vain vesitse.<\/p>\n","protected":false},"excerpt":{"rendered":"<p>Innasennurkka ja Kaljusenkyl\u00e4 ovat rauhallisia maaseutukyli\u00e4 l\u00e4hell\u00e4 Simpeleen taajaman palveluja. Pinnanmuodoiltaan vaihtelevassa maisemassa avautuvat vuoroin upeat j\u00e4rvi- ja maanviljelysmaisemat. Suomen kauneimmaksi maitotieksi valittiin 1995 Kivij\u00e4rven Salmesta Pitk\u00e4j\u00e4rvelle kulkeva tie. Kyl\u00e4n keskus entinen koulu Pitk\u00e4j\u00e4rven entinen koulu on kunnostettu toimintakeskukseksi. Kyl\u00e4yhdistyksen &hellip; <a href=\"https:\/\/kylat.meitadev.fi\/rautjarvenkylat\/innasennurkka-kaljusenselka\/\">Lue loppuun <span class=\"meta-nav\">&rarr;<\/span><\/a><\/p>\n","protected":false},"author":1,"featured_media":0,"parent":0,"menu_order":0,"comment_status":"open","ping_status":"closed","template":"","meta":{"footnotes":""},"_links":{"self":[{"href":"https:\/\/kylat.meitadev.fi\/rautjarvenkylat\/wp-json\/wp\/v2\/pages\/14"}],"collection":[{"href":"https:\/\/kylat.meitadev.fi\/rautjarvenkylat\/wp-json\/wp\/v2\/pages"}],"about":[{"href":"https:\/\/kylat.meitadev.fi\/rautjarvenkylat\/wp-json\/wp\/v2\/types\/page"}],"author":[{"embeddable":true,"href":"https:\/\/kylat.meitadev.fi\/rautjarvenkylat\/wp-json\/wp\/v2\/users\/1"}],"replies":[{"embeddable":true,"href":"https:\/\/kylat.meitadev.fi\/rautjarvenkylat\/wp-json\/wp\/v2\/comments?post=14"}],"version-history":[{"count":1,"href":"https:\/\/kylat.meitadev.fi\/rautjarvenkylat\/wp-json\/wp\/v2\/pages\/14\/revisions"}],"predecessor-version":[{"id":18,"href":"https:\/\/kylat.meitadev.fi\/rautjarvenkylat\/wp-json\/wp\/v2\/pages\/14\/revisions\/18"}],"wp:attachment":[{"href":"https:\/\/kylat.meitadev.fi\/rautjarvenkylat\/wp-json\/wp\/v2\/media?parent=14"}],"curies":[{"name":"wp","href":"https:\/\/api.w.org\/{rel}","templated":true}]}}