{"id":19,"date":"2014-12-05T09:44:27","date_gmt":"2014-12-05T07:44:27","guid":{"rendered":"https:\/\/kylat.meitadev.fi\/rautjarvenkylat\/?page_id=19"},"modified":"2014-12-05T09:44:27","modified_gmt":"2014-12-05T07:44:27","slug":"laikko","status":"publish","type":"page","link":"https:\/\/kylat.meitadev.fi\/rautjarvenkylat\/laikko\/","title":{"rendered":"Laikko"},"content":{"rendered":"<p><a href=\"https:\/\/kylat.meitadev.fi\/rautjarvenkylat\/wp-content\/uploads\/sites\/77\/2014\/12\/laikko3.jpg\"><img loading=\"lazy\" decoding=\"async\" class=\"size-thumbnail wp-image-20 alignright\" src=\"https:\/\/kylat.meitadev.fi\/rautjarvenkylat\/wp-content\/uploads\/sites\/77\/2014\/12\/laikko3-150x150.jpg\" alt=\"laikko3\" width=\"150\" height=\"150\" \/><\/a> \u00a0Laikossa asuu iloisia, lupsakoita karjalaisia, joiden positiivinen asenne n\u00e4kyy kyl\u00e4n mainoslausessa: &#8221;Tarjolla ois Laikkoa, josta ei el\u00e4m\u00e4 kaikkoa. Hilpe\u00e4 on mieli, murteena lupsakka Karjalan kieli. Kuulet sanat; mie ja sie, onko t\u00e4\u00e4ll\u00e4 onnen tie?&#8221;<\/p>\n<p>Laikon 300 asukkaan talousalueeseen kuuluvat Kek\u00e4leniemi, Lahdenkyl\u00e4, Latvaj\u00e4rvi, Mets\u00e4kyl\u00e4, Nira, Pajarinkyl\u00e4, Punasvaara ja V\u00e4\u00e4r\u00e4m\u00e4ki. Laikko sijaitsee m\u00e4nnikk\u00f6kankaalla, kirkasvetisten lampien ja l\u00e4hteen l\u00e4heisyydess\u00e4. Pohjavesivarat ovat mittavat, sill\u00e4 kyl\u00e4ss\u00e4 sijaitsee yksi Suomen suurimmista l\u00e4hteist\u00e4.<\/p>\n<p><strong>Hyv\u00e4t palvelut<\/strong><\/p>\n<p><img loading=\"lazy\" decoding=\"async\" class=\"size-thumbnail wp-image-21 alignright\" src=\"https:\/\/kylat.meitadev.fi\/rautjarvenkylat\/wp-content\/uploads\/sites\/77\/2014\/12\/laikko2-150x150.jpg\" alt=\"laikko2\" width=\"150\" height=\"150\" \/>N\u00e4kym\u00e4 Pajarinkyl\u00e4st\u00e4 Mets\u00e4kyl\u00e4\u00e4n<br \/>\nPalvelutarjonnasta vastaavat kahvila-ravintola ja kynttil\u00e4-lahjatavarakauppa. N\u00e4ht\u00e4v\u00e4\u00e4 tarjoaa my\u00f6s yksityinen 2000 kahvikupin museo. Kyl\u00e4ss\u00e4 on lis\u00e4ksi muutama karjatila, hieroja, parturi, autokorjaamo, siivouspalvelu, taksi, nuohous, rakennuspalvelu sek\u00e4 atk-palvelu.<\/p>\n<p>P\u00e4\u00e4osa kyl\u00e4l\u00e4isist\u00e4 k\u00e4y t\u00f6iss\u00e4 alueen ulkopuolella. Kulkuyhteydet Simpeleelle (12 km) ja Imatralle (35km) ovat hyv\u00e4t, sill\u00e4 6-tie on l\u00e4hell\u00e4.<\/p>\n<p><strong>Luontoliikuntaa, biljardia, yhteistoimintaa<\/strong><\/p>\n<p><img loading=\"lazy\" decoding=\"async\" class=\"size-thumbnail wp-image-22 alignright\" src=\"https:\/\/kylat.meitadev.fi\/rautjarvenkylat\/wp-content\/uploads\/sites\/77\/2014\/12\/laikko-150x150.jpg\" alt=\"laikko\" width=\"150\" height=\"150\" \/>Laikon lentokent\u00e4n muistokivi<br \/>\nL\u00e4hialueen mets\u00e4t runsaine riistakantoineen ja kirkasvetiset lammet ja j\u00e4rvet tarjoavat hienot mets\u00e4stys- ja kalastusmahdollisuudet. Kes\u00e4isin on mahdollista k\u00e4yd\u00e4 uimassa, suunnistaa, py\u00f6r\u00e4ill\u00e4, lenkkeill\u00e4, pelata lentopalloa ja pit\u00e4\u00e4 ampumataitoa yll\u00e4 ampumaradalla. Talvella valaistu latu mahdollistaa hiiht\u00e4misen. J\u00e4\u00e4kent\u00e4ll\u00e4 voi luistella ja Manulassa onnistuu lentopallo, p\u00f6yt\u00e4tennis ja biljardi. Mets\u00e4stysseurat, martat ja kyl\u00e4toimikunta j\u00e4rjest\u00e4v\u00e4t erilaista toimintaa.<\/p>\n<p>Vuokra-asuntoja kyl\u00e4ss\u00e4 on yhden rivitalon verran, mutta hyvi\u00e4 omakotitontteja l\u00f6ytyy useammallekin. Laikon mainoslause jatkuukin: \u2026&#8221;T\u00e4nne siis kurvaa, avaa kontti ja osta tontti. Teko t\u00e4\u00e4 ois jalo, rakenna talo!&#8221;<\/p>\n","protected":false},"excerpt":{"rendered":"<p>\u00a0Laikossa asuu iloisia, lupsakoita karjalaisia, joiden positiivinen asenne n\u00e4kyy kyl\u00e4n mainoslausessa: &#8221;Tarjolla ois Laikkoa, josta ei el\u00e4m\u00e4 kaikkoa. Hilpe\u00e4 on mieli, murteena lupsakka Karjalan kieli. Kuulet sanat; mie ja sie, onko t\u00e4\u00e4ll\u00e4 onnen tie?&#8221; Laikon 300 asukkaan talousalueeseen kuuluvat Kek\u00e4leniemi, &hellip; <a href=\"https:\/\/kylat.meitadev.fi\/rautjarvenkylat\/laikko\/\">Lue loppuun <span class=\"meta-nav\">&rarr;<\/span><\/a><\/p>\n","protected":false},"author":1,"featured_media":0,"parent":0,"menu_order":0,"comment_status":"open","ping_status":"closed","template":"","meta":{"footnotes":""},"_links":{"self":[{"href":"https:\/\/kylat.meitadev.fi\/rautjarvenkylat\/wp-json\/wp\/v2\/pages\/19"}],"collection":[{"href":"https:\/\/kylat.meitadev.fi\/rautjarvenkylat\/wp-json\/wp\/v2\/pages"}],"about":[{"href":"https:\/\/kylat.meitadev.fi\/rautjarvenkylat\/wp-json\/wp\/v2\/types\/page"}],"author":[{"embeddable":true,"href":"https:\/\/kylat.meitadev.fi\/rautjarvenkylat\/wp-json\/wp\/v2\/users\/1"}],"replies":[{"embeddable":true,"href":"https:\/\/kylat.meitadev.fi\/rautjarvenkylat\/wp-json\/wp\/v2\/comments?post=19"}],"version-history":[{"count":1,"href":"https:\/\/kylat.meitadev.fi\/rautjarvenkylat\/wp-json\/wp\/v2\/pages\/19\/revisions"}],"predecessor-version":[{"id":23,"href":"https:\/\/kylat.meitadev.fi\/rautjarvenkylat\/wp-json\/wp\/v2\/pages\/19\/revisions\/23"}],"wp:attachment":[{"href":"https:\/\/kylat.meitadev.fi\/rautjarvenkylat\/wp-json\/wp\/v2\/media?parent=19"}],"curies":[{"name":"wp","href":"https:\/\/api.w.org\/{rel}","templated":true}]}}