{"id":2,"date":"2014-12-05T07:38:03","date_gmt":"2014-12-05T07:38:03","guid":{"rendered":"https:\/\/kylat.meitadev.fi\/rautjarvenkylat\/?page_id=2"},"modified":"2014-12-05T09:40:21","modified_gmt":"2014-12-05T07:40:21","slug":"esimerkkisivu","status":"publish","type":"page","link":"https:\/\/kylat.meitadev.fi\/rautjarvenkylat\/","title":{"rendered":"Tervetuloa Rautj\u00e4rven kylille"},"content":{"rendered":"<p><a href=\"https:\/\/kylat.meitadev.fi\/rautjarvenkylat\/wp-content\/uploads\/sites\/77\/2014\/12\/etusivu2.jpg\"><img loading=\"lazy\" decoding=\"async\" class=\"size-thumbnail wp-image-5 alignleft\" src=\"https:\/\/kylat.meitadev.fi\/rautjarvenkylat\/wp-content\/uploads\/sites\/77\/2014\/12\/etusivu2-150x150.jpg\" alt=\"etusivu2\" width=\"150\" height=\"150\" \/><\/a> Rautj\u00e4rven kunnan nykyiset alueet ovat vuosisatoja<br \/>\nolleet rajaseutua. Vanhoja rajamerkkej\u00e4 on n\u00e4ht\u00e4viss\u00e4 Torsansalon tien varressa, Torsavuorella ja Haukkavuorella.<\/p>\n<p>1.1.1973 toteutetussa Rautj\u00e4rven ja Simpeleen kuntaliitoksessa syntyi nykyinen Rautj\u00e4rven kunta.<\/p>\n<p>Rautj\u00e4rven kirkontorni<br \/>\n<img loading=\"lazy\" decoding=\"async\" class=\"size-thumbnail wp-image-6 alignright\" src=\"https:\/\/kylat.meitadev.fi\/rautjarvenkylat\/wp-content\/uploads\/sites\/77\/2014\/12\/etusivu-150x150.jpg\" alt=\"etusivu\" width=\"150\" height=\"150\" \/>Kunnassa on n. 4 000 asukasta, joista yli puolet asuu kuntakeskuksessa Simpeleell\u00e4. Toinen merkitt\u00e4v\u00e4 taajama-alue on Rautj\u00e4rven Asemanseutu, joka sijaitsee Simpeleen ja Imatran puoliv\u00e4liss\u00e4.<\/p>\n<p>Toimivia kyl\u00e4yhdistyksi\u00e4 on 3 ja kyl\u00e4toimikuntia 6. Kyl\u00e4suunnitelmia on laadittu useita ja isoja Leader-hankkeita on vireill\u00e4 3 kyl\u00e4ll\u00e4.<\/p>\n","protected":false},"excerpt":{"rendered":"<p>Rautj\u00e4rven kunnan nykyiset alueet ovat vuosisatoja olleet rajaseutua. Vanhoja rajamerkkej\u00e4 on n\u00e4ht\u00e4viss\u00e4 Torsansalon tien varressa, Torsavuorella ja Haukkavuorella. 1.1.1973 toteutetussa Rautj\u00e4rven ja Simpeleen kuntaliitoksessa syntyi nykyinen Rautj\u00e4rven kunta. Rautj\u00e4rven kirkontorni Kunnassa on n. 4 000 asukasta, joista yli puolet asuu &hellip; <a href=\"https:\/\/kylat.meitadev.fi\/rautjarvenkylat\/\">Lue loppuun <span class=\"meta-nav\">&rarr;<\/span><\/a><\/p>\n","protected":false},"author":144,"featured_media":0,"parent":0,"menu_order":0,"comment_status":"open","ping_status":"open","template":"","meta":{"footnotes":""},"_links":{"self":[{"href":"https:\/\/kylat.meitadev.fi\/rautjarvenkylat\/wp-json\/wp\/v2\/pages\/2"}],"collection":[{"href":"https:\/\/kylat.meitadev.fi\/rautjarvenkylat\/wp-json\/wp\/v2\/pages"}],"about":[{"href":"https:\/\/kylat.meitadev.fi\/rautjarvenkylat\/wp-json\/wp\/v2\/types\/page"}],"author":[{"embeddable":true,"href":"https:\/\/kylat.meitadev.fi\/rautjarvenkylat\/wp-json\/wp\/v2\/users\/144"}],"replies":[{"embeddable":true,"href":"https:\/\/kylat.meitadev.fi\/rautjarvenkylat\/wp-json\/wp\/v2\/comments?post=2"}],"version-history":[{"count":1,"href":"https:\/\/kylat.meitadev.fi\/rautjarvenkylat\/wp-json\/wp\/v2\/pages\/2\/revisions"}],"predecessor-version":[{"id":7,"href":"https:\/\/kylat.meitadev.fi\/rautjarvenkylat\/wp-json\/wp\/v2\/pages\/2\/revisions\/7"}],"wp:attachment":[{"href":"https:\/\/kylat.meitadev.fi\/rautjarvenkylat\/wp-json\/wp\/v2\/media?parent=2"}],"curies":[{"name":"wp","href":"https:\/\/api.w.org\/{rel}","templated":true}]}}