{"id":29,"date":"2014-12-05T09:46:46","date_gmt":"2014-12-05T07:46:46","guid":{"rendered":"https:\/\/kylat.meitadev.fi\/rautjarvenkylat\/?page_id=29"},"modified":"2014-12-05T09:46:46","modified_gmt":"2014-12-05T07:46:46","slug":"niska-pietilan-alue","status":"publish","type":"page","link":"https:\/\/kylat.meitadev.fi\/rautjarvenkylat\/niska-pietilan-alue\/","title":{"rendered":"Niska-Pietil\u00e4n alue"},"content":{"rendered":"<p><a href=\"https:\/\/kylat.meitadev.fi\/rautjarvenkylat\/wp-content\/uploads\/sites\/77\/2014\/12\/niska.jpg\"><img loading=\"lazy\" decoding=\"async\" class=\"size-thumbnail wp-image-30 alignright\" src=\"https:\/\/kylat.meitadev.fi\/rautjarvenkylat\/wp-content\/uploads\/sites\/77\/2014\/12\/niska-150x150.jpg\" alt=\"OLYMPUS DIGITAL CAMERA\" width=\"150\" height=\"150\" \/><\/a> Niska-Pietil\u00e4n, V\u00e4hikk\u00e4l\u00e4n, Hiivaniemen ja Haakanalan kyl\u00e4t sijaitsevat Rautj\u00e4rven kunnan etel\u00e4osassa valtakunnanrajan ja Purnuj\u00e4rven v\u00e4lisell\u00e4 alueella. Alue on Salpaussel\u00e4n harjualuetta, jonka maisemaan kuuluvat pienet pellot ja m\u00e4et sek\u00e4 rehev\u00e4t notkot ja pienet suot. Isommat peltoalueet aukeavat Helisev\u00e4njoen ymp\u00e4rist\u00f6ss\u00e4, kun menn\u00e4\u00e4n Niska-Pietil\u00e4st\u00e4 Lassilaan. Alueen vesist\u00f6j\u00e4 ovat Purnuj\u00e4rvi, Helisev\u00e4njoki, Oritlampi ja Pahalampi.<\/p>\n<p>Reilut 80 asukasta hakevat kaupalliset palvelut l\u00e4hinn\u00e4 Imatralta. Vuoksenniskalle matkaa on 15 km ja Imatrankoskelle 25 km. Peruskoulun ala-aste on Rautj\u00e4rven Asemanseudulla (13 km), yl\u00e4aste ja lukio Simpeleell\u00e4, jonne matkaa kertyy 35 km. My\u00f6s muut kunnalliset palvelut, mm. terveyskeskus, ovat Simpeleell\u00e4. Kyl\u00e4ss\u00e4 on hiihtolatu. L\u00e4himm\u00e4t sis\u00e4liikuntatilat ovat Asemanseudulla, jossa kyl\u00e4l\u00e4isille on omat vuorot.<\/p>\n<p><strong>P\u00e4iv\u00e4 museotiell\u00e4 &#8211; vaikka py\u00f6r\u00e4illen!<\/strong><\/p>\n<p><img loading=\"lazy\" decoding=\"async\" class=\"size-thumbnail wp-image-31 alignright\" src=\"https:\/\/kylat.meitadev.fi\/rautjarvenkylat\/wp-content\/uploads\/sites\/77\/2014\/12\/niska2-150x150.jpg\" alt=\"niska2\" width=\"150\" height=\"150\" \/>Asutus keskittyy Niskapietil\u00e4ntien varteen, joka on luokiteltu valtakunnallisesti merkitt\u00e4v\u00e4ksi rakennetuksi kulttuuriymp\u00e4rist\u00f6ksi. Tiet\u00e4 sanotaan my\u00f6s Museotieksi ja se on osa Suur-Saimaan py\u00f6r\u00e4ilykierrosta ja Via Karelia &#8211; matkailureitti\u00e4. Kes\u00e4isin tien varren yritt\u00e4j\u00e4t j\u00e4rjest\u00e4v\u00e4t suuren suosion saaneen P\u00e4iv\u00e4 museotiell\u00e4 -tapahtuman.<\/p>\n<p>Kyl\u00e4ss\u00e4 toimivia yrityksi\u00e4 ovat K\u00e4sity\u00f6paja Kikan Komotti, jossa on k\u00e4sit\u00f6iden myyntin\u00e4yttely ja kahvipiste, Tyynel\u00e4n tallit ja Tassuniityn koirahoitola. Suurin osa kyl\u00e4l\u00e4isist\u00e4 k\u00e4y t\u00f6iss\u00e4 Imatralla. Maatalouden merkitys on en\u00e4\u00e4 v\u00e4h\u00e4inen, ja kotiel\u00e4imi\u00e4 on en\u00e4\u00e4 yhdell\u00e4 hevostilalla ja yhdell\u00e4 lammastilalla. Paikallisesti merkitt\u00e4vin ty\u00f6nantaja on Rajavartiolaitoksen Niskapietil\u00e4n vartioasema.<\/p>\n<p>Purnuj\u00e4rvi ja Helisev\u00e4njoki ovat kyl\u00e4l\u00e4isille t\u00e4rkeit\u00e4 virkistysalueita, jotka tarjoavat mahdollisuuden kalastukseen ja melontaan. Helisev\u00e4njoen melontareitti p\u00e4\u00e4ttyy Purnuj\u00e4rveen ja rantautumisalue on L\u00e4\u00e4perinlahdessa. Kyl\u00e4ll\u00e4 toimivat mets\u00e4stysseura, kyl\u00e4yhdistys ja Purnuj\u00e4rven vesialueen osakaskunta.<\/p>\n<p>Merkitt\u00e4v\u00e4 osa kyl\u00e4n historiaa on Helisev\u00e4njoen Niskalan koski. Ensimm\u00e4inen mylly koskelle rakennettiin jo 1700-luvulla. 1900-luvulla paikalle rakennettiin saha, voimalaitos ja tiilitehdas. Niiden toiminta loppui 1980-luvulla ja nykyisin kymmenen rakennusta k\u00e4sitt\u00e4v\u00e4 tehdaskiinteist\u00f6 on varastok\u00e4yt\u00f6ss\u00e4.<\/p>\n","protected":false},"excerpt":{"rendered":"<p>Niska-Pietil\u00e4n, V\u00e4hikk\u00e4l\u00e4n, Hiivaniemen ja Haakanalan kyl\u00e4t sijaitsevat Rautj\u00e4rven kunnan etel\u00e4osassa valtakunnanrajan ja Purnuj\u00e4rven v\u00e4lisell\u00e4 alueella. Alue on Salpaussel\u00e4n harjualuetta, jonka maisemaan kuuluvat pienet pellot ja m\u00e4et sek\u00e4 rehev\u00e4t notkot ja pienet suot. Isommat peltoalueet aukeavat Helisev\u00e4njoen ymp\u00e4rist\u00f6ss\u00e4, kun menn\u00e4\u00e4n Niska-Pietil\u00e4st\u00e4 &hellip; <a href=\"https:\/\/kylat.meitadev.fi\/rautjarvenkylat\/niska-pietilan-alue\/\">Lue loppuun <span class=\"meta-nav\">&rarr;<\/span><\/a><\/p>\n","protected":false},"author":1,"featured_media":0,"parent":0,"menu_order":0,"comment_status":"open","ping_status":"closed","template":"","meta":{"footnotes":""},"_links":{"self":[{"href":"https:\/\/kylat.meitadev.fi\/rautjarvenkylat\/wp-json\/wp\/v2\/pages\/29"}],"collection":[{"href":"https:\/\/kylat.meitadev.fi\/rautjarvenkylat\/wp-json\/wp\/v2\/pages"}],"about":[{"href":"https:\/\/kylat.meitadev.fi\/rautjarvenkylat\/wp-json\/wp\/v2\/types\/page"}],"author":[{"embeddable":true,"href":"https:\/\/kylat.meitadev.fi\/rautjarvenkylat\/wp-json\/wp\/v2\/users\/1"}],"replies":[{"embeddable":true,"href":"https:\/\/kylat.meitadev.fi\/rautjarvenkylat\/wp-json\/wp\/v2\/comments?post=29"}],"version-history":[{"count":1,"href":"https:\/\/kylat.meitadev.fi\/rautjarvenkylat\/wp-json\/wp\/v2\/pages\/29\/revisions"}],"predecessor-version":[{"id":32,"href":"https:\/\/kylat.meitadev.fi\/rautjarvenkylat\/wp-json\/wp\/v2\/pages\/29\/revisions\/32"}],"wp:attachment":[{"href":"https:\/\/kylat.meitadev.fi\/rautjarvenkylat\/wp-json\/wp\/v2\/media?parent=29"}],"curies":[{"name":"wp","href":"https:\/\/api.w.org\/{rel}","templated":true}]}}