{"id":35,"date":"2014-12-05T09:47:57","date_gmt":"2014-12-05T07:47:57","guid":{"rendered":"https:\/\/kylat.meitadev.fi\/rautjarvenkylat\/?page_id=35"},"modified":"2014-12-05T09:47:57","modified_gmt":"2014-12-05T07:47:57","slug":"simpele","status":"publish","type":"page","link":"https:\/\/kylat.meitadev.fi\/rautjarvenkylat\/simpele\/","title":{"rendered":"Simpele"},"content":{"rendered":"<p><a href=\"https:\/\/kylat.meitadev.fi\/rautjarvenkylat\/wp-content\/uploads\/sites\/77\/2014\/12\/simpele2.jpg\"><img loading=\"lazy\" decoding=\"async\" class=\"size-thumbnail wp-image-36 alignright\" src=\"https:\/\/kylat.meitadev.fi\/rautjarvenkylat\/wp-content\/uploads\/sites\/77\/2014\/12\/simpele2-150x150.jpg\" alt=\"simpele2\" width=\"150\" height=\"150\" \/><\/a> Simpele on Rautj\u00e4rven luonnonl\u00e4heinen keskustaajama, jossa asuu 2200 asukasta. Taajamassa on hyv\u00e4t palvelut, mm. peruskoulu, lukio ja terveyskeskus hoivaosastoineen sek\u00e4 runsaasti yrityksi\u00e4 p\u00e4ivitt\u00e4istavarakaupoista majoituspalveluihin. Lapsiperheet arvostavat turvallista asuinymp\u00e4rist\u00f6\u00e4 ja hyvi\u00e4 harrastusmahdollisuuksia. Koulujen luokkakoot ovat sopivia ja Rautj\u00e4rven lukio on sijoittunut hyvin maanlaajuisessa lukiovertailussa.<\/p>\n<p>Simpeleen taajama rakentui tehtaan savupiipun ymp\u00e4rille 1800-luvun lopussa. Ensin Juvankosken rantaan rakennettiin saha ja tiilitehdas. 1900-luvun alussa toiminnan aloitti paperitehdas. Tehtaan vaikutus oli merkitt\u00e4v\u00e4 mm. Simpeleen kuntaa perustettaessa. Tehdasyhdyskunnalle laati asemakaavan 1917 Uno Ullberg, joka my\u00f6hemmin toimi Viipurin kaupunginarkkitehtina.<\/p>\n<p>Tehtaan merkitys on edelleen suuri. M-Realin paperi- ja kartonkitehdas on kunnan suurin ty\u00f6nantaja ja sen tekem\u00e4t investoinnit takaavat monien ty\u00f6paikat tulevinakin vuosina.<\/p>\n<p>Uusille asukkaille Simpeleelt\u00e4 l\u00f6ytyy edullisia, kaavoitettuja tontteja, joilla kunnallistekniikka on valmiina. Kerros- ja rivitaloissa on kohtuuhintaisia vuokra- ja omistusasuntoja. Kulkuyhteydet ovat hyv\u00e4t. Imatralle on matkaa 40 km, Lappeenrantaan ja Savonlinnaan 80 km.<\/p>\n<p><strong>Monipuoliset harrastusmahdollisuudet<\/strong><\/p>\n<p><img loading=\"lazy\" decoding=\"async\" class=\"size-thumbnail wp-image-37 alignright\" src=\"https:\/\/kylat.meitadev.fi\/rautjarvenkylat\/wp-content\/uploads\/sites\/77\/2014\/12\/simpele-150x150.jpg\" alt=\"simpele\" width=\"150\" height=\"150\" \/>Kansalaisopisto, seurakunta, urheiluseurat ja useat yhteis\u00f6t tarjoavat monipuolista harrastus- ja vapaa-ajantoimintaa ymp\u00e4ri vuoden kaikenik\u00e4isille asukkaille. Simpeleen keilahalli on uusinnan j\u00e4lkeen ehk\u00e4 maailman nykyaikaisin kaksiratainen keilahalli. Konkalammen hiihtokeskuksessa voi lasketella, laskea pulkkam\u00e4ke\u00e4, hyp\u00e4t\u00e4 hyppyrim\u00e4est\u00e4 ja hiiht\u00e4\u00e4 valaistuilla laduilla. Kyl\u00e4ll\u00e4 on kaksi uimarantaa ja venepaikkoja. Keskell\u00e4 kyl\u00e4\u00e4 sijaitsee urheilukeskus pinnoitetuin juoksuradoin, pallokentt\u00e4 sek\u00e4 j\u00e4\u00e4kiekko-kaukalo\/ tenniskentt\u00e4. Kirjasto on nykyaikainen kokous- ja n\u00e4yttelytiloineen. Nuorisolla on oma kohtaamispaikka Kotilo, jossa on tiloja kerhoille ja b\u00e4ndeille. Kyl\u00e4n ymp\u00e4rill\u00e4 on hyv\u00e4t ulkoilu-, marja- ja sienimaastot.<\/p>\n<p><strong>Tapahtumia ja n\u00e4ht\u00e4vyyksi\u00e4<\/strong><br \/>\nSimpele tunnetaan jokakes\u00e4isist\u00e4 Antiikki ja Ker\u00e4ily -kes\u00e4p\u00e4ivist\u00e4. Tutustumisen arvoisia kohteita ovat mm. Wanha Pappila, Simpeleen kirkko sek\u00e4 kirkon vierell\u00e4 oleva vuonna 1953 valmistunut sankarihautamonumentti, joka on taiteilija Eila Hiltusen k\u00e4sialaa.<\/p>\n<p>Simpele tunnetaan my\u00f6s simpelel\u00e4issyntyisen Aili Runteen s\u00e4velt\u00e4m\u00e4st\u00e4 ja sanoittamasta humpasta \u201dSimpeleen siiat ja Parikkalan piiat, niille ei ved\u00e4 vertoja mikk\u00e4\u00e4n muu\u2026\u201d sek\u00e4 Helena Anttosen paikalliselle murteelle k\u00e4\u00e4nnetyst\u00e4 Aku Ankasta Kaik lutviutuup.<\/p>\n<p><strong>Simpeleen kyl\u00e4yhdistys ry.<\/strong><br \/>\nSyksyll\u00e4 2005 perustettu Simpeleen kyl\u00e4yhdistys ry. (rekister\u00f6ity kes\u00e4ll\u00e4 2006) j\u00e4rjest\u00e4\u00e4 erilaisia tapahtumia ja toimii kyl\u00e4l\u00e4isten hyv\u00e4ksi. Simpeleen kyl\u00e4suunnitelma on Suomen ensimm\u00e4isi\u00e4 kuntakeskusten tekemi\u00e4 kyl\u00e4suunnitelmia. Sen yhten\u00e4 p\u00e4\u00e4kohteena on palauttaa John Hausen 1930-luvulla suunnittelema Tehtaanpuisto entiseen loistoonsa ihmisten vapaa-ajan viettopaikaksi.<\/p>\n<p>Simpeleen kyl\u00e4yhdistyksen puheenjohtaja:<br \/>\nKaisa J\u00e4rvinen<br \/>\nSimpeleentie 74, 56800 Simpele<br \/>\npuh. 040 849 7906, s-posti: simpele.pappila(at)gmail.com<\/p>\n","protected":false},"excerpt":{"rendered":"<p>Simpele on Rautj\u00e4rven luonnonl\u00e4heinen keskustaajama, jossa asuu 2200 asukasta. Taajamassa on hyv\u00e4t palvelut, mm. peruskoulu, lukio ja terveyskeskus hoivaosastoineen sek\u00e4 runsaasti yrityksi\u00e4 p\u00e4ivitt\u00e4istavarakaupoista majoituspalveluihin. Lapsiperheet arvostavat turvallista asuinymp\u00e4rist\u00f6\u00e4 ja hyvi\u00e4 harrastusmahdollisuuksia. Koulujen luokkakoot ovat sopivia ja Rautj\u00e4rven lukio on sijoittunut &hellip; <a href=\"https:\/\/kylat.meitadev.fi\/rautjarvenkylat\/simpele\/\">Lue loppuun <span class=\"meta-nav\">&rarr;<\/span><\/a><\/p>\n","protected":false},"author":1,"featured_media":0,"parent":0,"menu_order":0,"comment_status":"open","ping_status":"closed","template":"","meta":{"footnotes":""},"_links":{"self":[{"href":"https:\/\/kylat.meitadev.fi\/rautjarvenkylat\/wp-json\/wp\/v2\/pages\/35"}],"collection":[{"href":"https:\/\/kylat.meitadev.fi\/rautjarvenkylat\/wp-json\/wp\/v2\/pages"}],"about":[{"href":"https:\/\/kylat.meitadev.fi\/rautjarvenkylat\/wp-json\/wp\/v2\/types\/page"}],"author":[{"embeddable":true,"href":"https:\/\/kylat.meitadev.fi\/rautjarvenkylat\/wp-json\/wp\/v2\/users\/1"}],"replies":[{"embeddable":true,"href":"https:\/\/kylat.meitadev.fi\/rautjarvenkylat\/wp-json\/wp\/v2\/comments?post=35"}],"version-history":[{"count":1,"href":"https:\/\/kylat.meitadev.fi\/rautjarvenkylat\/wp-json\/wp\/v2\/pages\/35\/revisions"}],"predecessor-version":[{"id":38,"href":"https:\/\/kylat.meitadev.fi\/rautjarvenkylat\/wp-json\/wp\/v2\/pages\/35\/revisions\/38"}],"wp:attachment":[{"href":"https:\/\/kylat.meitadev.fi\/rautjarvenkylat\/wp-json\/wp\/v2\/media?parent=35"}],"curies":[{"name":"wp","href":"https:\/\/api.w.org\/{rel}","templated":true}]}}