{"id":39,"date":"2014-12-05T09:49:02","date_gmt":"2014-12-05T07:49:02","guid":{"rendered":"https:\/\/kylat.meitadev.fi\/rautjarvenkylat\/?page_id=39"},"modified":"2014-12-05T09:49:02","modified_gmt":"2014-12-05T07:49:02","slug":"ankila","status":"publish","type":"page","link":"https:\/\/kylat.meitadev.fi\/rautjarvenkylat\/ankila\/","title":{"rendered":"\u00c4nkil\u00e4"},"content":{"rendered":"<p><a href=\"https:\/\/kylat.meitadev.fi\/rautjarvenkylat\/wp-content\/uploads\/sites\/77\/2014\/12\/ankila2.jpg\"><img loading=\"lazy\" decoding=\"async\" class=\"size-thumbnail wp-image-41 alignright\" src=\"https:\/\/kylat.meitadev.fi\/rautjarvenkylat\/wp-content\/uploads\/sites\/77\/2014\/12\/ankila2-150x150.jpg\" alt=\"ankila2\" width=\"150\" height=\"150\" \/><\/a>\u00c4nkil\u00e4 on pitk\u00e4nomainen kyl\u00e4 Simpeleen etel\u00e4puolella, valtatie 6 molemmin puolin. Imatralle matkaa on noin 40 km. Kev\u00e4isin rehev\u00e4\u00e4, kumpuilevaa maisemaa t\u00e4plitt\u00e4v\u00e4t kukkivat valkovuokot, jopa sini- ja kangasvuokot.<\/p>\n<p>Runsaan 300 asukkaan kyl\u00e4ss\u00e4 on huoltoasema, jossa on my\u00f6s kauppa. Muut palvelut haetaan 3-5 km:n p\u00e4\u00e4st\u00e4 Simpeleen keskustasta. Asukkaat asuvat p\u00e4\u00e4osin omistusasunnoissa, jonkun verran on mahdollisuuksia my\u00f6s vuokraukseen. Tarvittaessa kyl\u00e4lt\u00e4 l\u00f6ytyy my\u00f6s vapaita tontteja.<\/p>\n<p><strong>Vire\u00e4\u00e4 toimintaa<\/strong><br \/>\nMaatalousyritt\u00e4jien lis\u00e4ksi kyl\u00e4ll\u00e4 on paljon pienyritt\u00e4ji\u00e4, mm. linja-autoyritt\u00e4j\u00e4, puusep\u00e4nliike, m\u00f6kkivalmistusta, ratsastustalli, puutavaraliike, sora- ja betonituotantoa sek\u00e4 kuljetuspalvelua.<\/p>\n<p>Vire\u00e4 kyl\u00e4toimikunta j\u00e4rjest\u00e4\u00e4 tapahtumia kuukausittain. Harrastusmahdollisuudet liittyv\u00e4t l\u00e4hinn\u00e4 omaehtoiseen liikkumiseen ja kalastukseen. Kalastusmahdollisuudet ovat hyv\u00e4t, sill\u00e4 j\u00e4rvien (mm. Silamus, Koantaus ja Pitk\u00e4j\u00e4rvi) ja lampien lis\u00e4ksi, kyl\u00e4n l\u00e4pi virtaavat Hiitolanjoki, Silamusjoki ja Torsanjoki.<\/p>\n<p><strong>Hiitolanjoen teollisuushistoriaa<br \/>\n<\/strong><img loading=\"lazy\" decoding=\"async\" class=\"size-thumbnail wp-image-40 alignright\" src=\"https:\/\/kylat.meitadev.fi\/rautjarvenkylat\/wp-content\/uploads\/sites\/77\/2014\/12\/ankila-150x150.jpg\" alt=\"ankila\" width=\"150\" height=\"150\" \/>N\u00e4ht\u00e4vyyksist\u00e4 merkitt\u00e4vin on Hiitolanjoki. Jokivarressa on kolme vesivoimalaitosta Ritakoskella, Lahnasenkoskella ja Kangaskoskella. Aluetta kunnostetaan teollisuushistorialliseksi museoalueeksi. Ritakosken ja Lahnasenkosken v\u00e4liin on rakennettu maisemapolku, joka seurailee uittomiesten vanhoja rantapolkuja. Sen varrella on my\u00f6s heittokalastuslaituri ja l\u00e4hist\u00f6ll\u00e4 nuotiopaikka ja lintujen tarkkailulava.<\/p>\n<p>Kunnostushankkeen yhteydess\u00e4 pyrit\u00e4\u00e4n mahdollistamaan Laatokan lohen nousu kutemaan aina Torsanj\u00e4rvelle saakka. Yhteisty\u00f6 Ven\u00e4j\u00e4n kanssa mahdollistaa sen, ett\u00e4 rajan toiselle puolelle p\u00e4\u00e4see kalastamaan ja retkeilem\u00e4\u00e4n.<\/p>\n","protected":false},"excerpt":{"rendered":"<p>\u00c4nkil\u00e4 on pitk\u00e4nomainen kyl\u00e4 Simpeleen etel\u00e4puolella, valtatie 6 molemmin puolin. Imatralle matkaa on noin 40 km. Kev\u00e4isin rehev\u00e4\u00e4, kumpuilevaa maisemaa t\u00e4plitt\u00e4v\u00e4t kukkivat valkovuokot, jopa sini- ja kangasvuokot. Runsaan 300 asukkaan kyl\u00e4ss\u00e4 on huoltoasema, jossa on my\u00f6s kauppa. Muut palvelut haetaan &hellip; <a href=\"https:\/\/kylat.meitadev.fi\/rautjarvenkylat\/ankila\/\">Lue loppuun <span class=\"meta-nav\">&rarr;<\/span><\/a><\/p>\n","protected":false},"author":1,"featured_media":0,"parent":0,"menu_order":0,"comment_status":"open","ping_status":"closed","template":"","meta":{"footnotes":""},"_links":{"self":[{"href":"https:\/\/kylat.meitadev.fi\/rautjarvenkylat\/wp-json\/wp\/v2\/pages\/39"}],"collection":[{"href":"https:\/\/kylat.meitadev.fi\/rautjarvenkylat\/wp-json\/wp\/v2\/pages"}],"about":[{"href":"https:\/\/kylat.meitadev.fi\/rautjarvenkylat\/wp-json\/wp\/v2\/types\/page"}],"author":[{"embeddable":true,"href":"https:\/\/kylat.meitadev.fi\/rautjarvenkylat\/wp-json\/wp\/v2\/users\/1"}],"replies":[{"embeddable":true,"href":"https:\/\/kylat.meitadev.fi\/rautjarvenkylat\/wp-json\/wp\/v2\/comments?post=39"}],"version-history":[{"count":1,"href":"https:\/\/kylat.meitadev.fi\/rautjarvenkylat\/wp-json\/wp\/v2\/pages\/39\/revisions"}],"predecessor-version":[{"id":42,"href":"https:\/\/kylat.meitadev.fi\/rautjarvenkylat\/wp-json\/wp\/v2\/pages\/39\/revisions\/42"}],"wp:attachment":[{"href":"https:\/\/kylat.meitadev.fi\/rautjarvenkylat\/wp-json\/wp\/v2\/media?parent=39"}],"curies":[{"name":"wp","href":"https:\/\/api.w.org\/{rel}","templated":true}]}}