{"id":43,"date":"2014-12-05T09:49:27","date_gmt":"2014-12-05T07:49:27","guid":{"rendered":"https:\/\/kylat.meitadev.fi\/rautjarvenkylat\/?page_id=43"},"modified":"2014-12-05T09:49:27","modified_gmt":"2014-12-05T07:49:27","slug":"yhteyshenkilot","status":"publish","type":"page","link":"https:\/\/kylat.meitadev.fi\/rautjarvenkylat\/yhteyshenkilot\/","title":{"rendered":"Yhteyshenkil\u00f6t"},"content":{"rendered":"<p><strong>Innasennurkan ja Kaljusenkyl\u00e4n kyl\u00e4yhdistys ry<\/strong><br \/>\nTeemu Europaeus, p. 050 591 9603<\/p>\n<p><strong>Laikon kyl\u00e4toimikunta<\/strong><br \/>\nTerho Kemppinen, p. 050 338 6743<\/p>\n<p><strong>Miettil\u00e4n kyl\u00e4toimikunta<br \/>\n<\/strong>Jouko L\u00e4\u00e4peri, p. 0500 155 759<\/p>\n<p><strong>Niska-Pietil\u00e4n ja V\u00e4hikk\u00e4l\u00e4n kyl\u00e4yhdistys ry<br \/>\n<\/strong>Harri Huhtanen, p. 050 355 1353<\/p>\n<p><strong>Purnuj\u00e4rven ja Korpj\u00e4rven kyl\u00e4toimikunta<br \/>\n<\/strong>Jouko H\u00e4m\u00e4l\u00e4inen, p. 050 593 9856<\/p>\n<p><strong>Rautj\u00e4rven Asemanseudun kyl\u00e4toimikunta<\/strong><br \/>\nJarmo Ovaska, p. 044 599 5596<\/p>\n<p><strong>Simpeleen kyl\u00e4yhdistys ry.<\/strong><br \/>\nHeta Pulkkinen, p. 0400 554 210, heta.pulkkinen@elisanet.fi<\/p>\n<p><strong>Torsansalon kyl\u00e4toimikunta<br \/>\n<\/strong>Arto Vento, p. 0500 750 987<\/p>\n<p><strong>\u00c4nkil\u00e4n kyl\u00e4toimikunta<\/strong><br \/>\nMarja Lankinen, p. 040 574 0433, marja.lankinen@pp1.inet.fi<\/p>\n","protected":false},"excerpt":{"rendered":"<p>Innasennurkan ja Kaljusenkyl\u00e4n kyl\u00e4yhdistys ry Teemu Europaeus, p. 050 591 9603 Laikon kyl\u00e4toimikunta Terho Kemppinen, p. 050 338 6743 Miettil\u00e4n kyl\u00e4toimikunta Jouko L\u00e4\u00e4peri, p. 0500 155 759 Niska-Pietil\u00e4n ja V\u00e4hikk\u00e4l\u00e4n kyl\u00e4yhdistys ry Harri Huhtanen, p. 050 355 1353 Purnuj\u00e4rven ja &hellip; <a href=\"https:\/\/kylat.meitadev.fi\/rautjarvenkylat\/yhteyshenkilot\/\">Lue loppuun <span class=\"meta-nav\">&rarr;<\/span><\/a><\/p>\n","protected":false},"author":1,"featured_media":0,"parent":0,"menu_order":0,"comment_status":"open","ping_status":"closed","template":"","meta":{"footnotes":""},"_links":{"self":[{"href":"https:\/\/kylat.meitadev.fi\/rautjarvenkylat\/wp-json\/wp\/v2\/pages\/43"}],"collection":[{"href":"https:\/\/kylat.meitadev.fi\/rautjarvenkylat\/wp-json\/wp\/v2\/pages"}],"about":[{"href":"https:\/\/kylat.meitadev.fi\/rautjarvenkylat\/wp-json\/wp\/v2\/types\/page"}],"author":[{"embeddable":true,"href":"https:\/\/kylat.meitadev.fi\/rautjarvenkylat\/wp-json\/wp\/v2\/users\/1"}],"replies":[{"embeddable":true,"href":"https:\/\/kylat.meitadev.fi\/rautjarvenkylat\/wp-json\/wp\/v2\/comments?post=43"}],"version-history":[{"count":1,"href":"https:\/\/kylat.meitadev.fi\/rautjarvenkylat\/wp-json\/wp\/v2\/pages\/43\/revisions"}],"predecessor-version":[{"id":44,"href":"https:\/\/kylat.meitadev.fi\/rautjarvenkylat\/wp-json\/wp\/v2\/pages\/43\/revisions\/44"}],"wp:attachment":[{"href":"https:\/\/kylat.meitadev.fi\/rautjarvenkylat\/wp-json\/wp\/v2\/media?parent=43"}],"curies":[{"name":"wp","href":"https:\/\/api.w.org\/{rel}","templated":true}]}}