{"id":136,"date":"2011-04-10T08:00:01","date_gmt":"2011-04-10T08:00:01","guid":{"rendered":"https:\/\/kylat.meitadev.fi\/sarkisalmi\/?page_id=136"},"modified":"2013-11-08T16:03:02","modified_gmt":"2013-11-08T14:33:02","slug":"saannot","status":"publish","type":"page","link":"https:\/\/kylat.meitadev.fi\/sarkisalmi\/yhdistystoimintaa\/sarkisalmen-kylayhdistys-ry\/saannot\/","title":{"rendered":"S\u00e4\u00e4nn\u00f6t"},"content":{"rendered":"<p><span style=\"color: #000000\">S\u00c4RKISALMEN KYL\u00c4YHDISTYS RY:N S\u00c4\u00c4NN\u00d6T<\/span><\/p>\n<p><span style=\"color: #000000\">\u00a01. <\/span><span style=\"text-decoration: underline\"><span style=\"color: #000000\">Nimi ja kotipaikka<\/span><\/span><\/p>\n<p><span style=\"color: #000000\">Yhdistyksen nimi on S\u00e4rkisalmen kyl\u00e4yhdistys ja kotipaikka Parikkalan kunta. Yhdistyksen toimialue on Parikkalan kunta.<\/span><\/p>\n<p><span style=\"color: #000000;font-family: Times New Roman\">\u00a02. <\/span><span style=\"text-decoration: underline\"><span style=\"color: #000000\">Tarkoitus ja toiminta<\/span><\/span><\/p>\n<p><span style=\"color: #000000\">\u00a0<\/span><span style=\"color: #000000\">Yhdistyksen tarkoituksena on <\/span><\/p>\n<ul>\n<li><span style=\"color: #000000\">ty\u00f6skennell\u00e4 kyl\u00e4n henkisten ja aineellisten olojen kehitt\u00e4miseksi sek\u00e4 viihtyisyyden lis\u00e4\u00e4miseksi paikallisen omaleimaisuuden pohjalta<\/span><\/li>\n<li><span style=\"color: #000000\">toimia kyl\u00e4n asukkaiden ja vapaa-ajan asukkaiden sek\u00e4 kyl\u00e4ss\u00e4 ty\u00f6skentelevien viihtyisyyden ja kiintymyksen lis\u00e4\u00e4miseksi<\/span><\/li>\n<li><span style=\"color: #000000\">edist\u00e4\u00e4 kyl\u00e4n toimintoja ja tunnetuksi tekemist\u00e4<\/span><\/li>\n<li><span style=\"color: #000000\">ty\u00f6skennell\u00e4 nuorison viihtyvyyden ja elinolojen parantamiseksi<\/span><\/li>\n<li><span style=\"color: #000000\">ty\u00f6skennell\u00e4 vanhusten elinolojen ja viihtyvyyden parantamiseksi<\/span><\/li>\n<li><span style=\"color: #000000\">osallistua toimialueensa raittiusty\u00f6h\u00f6n.<\/span><\/li>\n<\/ul>\n<p><span style=\"color: #000000\">\u00a0<\/span><span style=\"color: #000000\">Tarkoituksensa toteuttamiseksi yhdistys<\/span><\/p>\n<ul>\n<li><span style=\"color: #000000\">pyrkii lis\u00e4\u00e4m\u00e4\u00e4n toimialueensa asukkaiden harrastus- ja kulttuuritoimintaa, yhteisty\u00f6t\u00e4 ja omatoimisuutta<\/span><\/li>\n<li><span style=\"color: #000000\">pyrkii luomaan toimialueelle uusia ty\u00f6paikkoja<\/span><\/li>\n<li><span style=\"color: #000000\">voi toimialueensa asukkaiden etuj\u00e4rjest\u00f6n\u00e4 osallistua aluetta koskevaan suunnitteluun ja pyrki\u00e4 vaikuttamaan p\u00e4\u00e4t\u00f6ksentekoon sek\u00e4 osallistua kunnalliseen ja valtakunnalliseen kyl\u00e4toimintaan<\/span><\/li>\n<li><span style=\"color: #000000\">tekee aloitteita ja esityksi\u00e4 sek\u00e4 antaa lausuntoja viranomaisille<\/span><\/li>\n<li><span style=\"color: #000000\">voi harjoittaa k\u00e4ytt\u00f6esineiden vuokrausta.<\/span><\/li>\n<\/ul>\n<p><span style=\"color: #000000\">Toiminnan tukemiseksi yhdistys voi hakea ja ottaa vastaan avustuksia, lahjoituksia ja testamentteja, omistaa toimintaansa varten tarpeellista irtainta ja kiinte\u00e4\u00e4 omaisuutta, harjoittaa julkaisutoimintaa sek\u00e4 toimeenpanna asianmukaisen luvan saatuaan arpajaisia ja rahanker\u00e4yksi\u00e4.<\/span><\/p>\n<p><span style=\"color: #000000;font-family: Times New Roman\">\u00a03. <\/span><span style=\"text-decoration: underline\"><span style=\"color: #000000\">J\u00e4senet<\/span><\/span><\/p>\n<p><span style=\"color: #000000\">Yhdistyksen varsinaiseksi j\u00e4seneksi voi liitty\u00e4 jokainen, joka on kiinnostunut yhdistyksen tarkoituksesta, hyv\u00e4ksyy yhdistyksen s\u00e4\u00e4nn\u00f6t ja haluaa edist\u00e4\u00e4 yhdistyksen toimintaa ja jonka yhdistyksen hallitus j\u00e4seneksi hyv\u00e4ksyy. J\u00e4senyys katsotaan alkavaksi siit\u00e4 ajankohdasta, jolloin j\u00e4seneksi ilmoittautuminen on hyv\u00e4ksytty.<\/span><\/p>\n<p><span style=\"color: #000000\">Varsinainen j\u00e4sen on velvollinen suorittamaan yhdistyksen syyskokouksen m\u00e4\u00e4r\u00e4\u00e4m\u00e4n vuotuisen j\u00e4senmaksun.<\/span><\/p>\n<p><span style=\"color: #000000\">Yhdistyksen kannattajaj\u00e4seneksi voi liitty\u00e4 jokainen oikeuskelpoinen yhteis\u00f6 tai jokainen yksityinen henkil\u00f6. joka haluaa tukea yhdistyksen tarkoitusta ja sen toteuttamista ja jonka yhdistyksen hallitus kannattajaj\u00e4seneksi hyv\u00e4ksyy.<\/span><\/p>\n<p><span style=\"color: #000000\">Kannattajaj\u00e4senet ovat velvollisia suorittamaan yhdistyksen syyskokouksen m\u00e4\u00e4r\u00e4\u00e4m\u00e4n vuotuisen kannattajaj\u00e4senmaksun. J\u00e4senmaksu voi olla eri suuruinen eri j\u00e4senryhmille kuin my\u00f6s kannattajaj\u00e4senin\u00e4 oleville yksityisille henkil\u00f6ille ja yhteis\u00f6ille. Yhdistyksen syyskokous voi m\u00e4\u00e4r\u00e4t\u00e4 eri suuruisen kannattajaj\u00e4senmaksun yhdistyksen toimialueella ja sen ulkopuolella toimiville yhteis\u00f6ille.<\/span><\/p>\n<p><span style=\"color: #000000\">J\u00e4senell\u00e4 on oikeus erota yhdistyksest\u00e4 ilmoittamalla siit\u00e4 kirjallisesti yhdistyksen hallitukselle tai sen puheenjohtajalle tai suullisesti yhdistyksen kokouksen p\u00f6yt\u00e4kirjaan.<\/span><\/p>\n<p><span style=\"color: #000000;font-family: Times New Roman\">\u00a04. <\/span><span style=\"text-decoration: underline\"><span style=\"color: #000000\">Hallitus<\/span><\/span><\/p>\n<p><span style=\"color: #000000\">Yhdistyksen asioita hoitaa hallitus, johon kuuluu syyskokouksessa valitut puheenjohtaja ja v\u00e4hint\u00e4\u00e4n nelj\u00e4 ja enint\u00e4\u00e4n kahdeksan muuta j\u00e4sent\u00e4.<\/span><\/p>\n<p><span style=\"color: #000000\">Hallituksen j\u00e4senten toimikausi on yksi tilivuosi.<\/span><\/p>\n<p><span style=\"color: #000000\">Hallitus valitsee keskuudestaan varapuheenjohtajan sek\u00e4 ottaa sihteerin, rahastonhoitajan ja muut tarvittavat toimihenkil\u00f6t toimikautensa ajaksi.<\/span><\/p>\n<p><span style=\"color: #000000\">Hallitus kokoontuu puheenjohtajan, tai h\u00e4nen estyneen\u00e4 ollessaan varapuheenjohtajan, kutsusta, kun he katsovat siihen olevan aihetta tai kun v\u00e4hint\u00e4\u00e4n kaksi hallituksen j\u00e4sent\u00e4 sit\u00e4 heilt\u00e4 vaatii.<\/span><\/p>\n<p><span style=\"color: #000000\">Hallitus on p\u00e4\u00e4t\u00f6svaltainen, kun v\u00e4hint\u00e4\u00e4n puolet sen j\u00e4senist\u00e4 puheenjohtaja tai varapuheenjohtaja mukaan luettuna on l\u00e4sn\u00e4. Asiat ratkaistaan yksinkertaisella \u00e4\u00e4nienemmist\u00f6ll\u00e4. \u00c4\u00e4nten menness\u00e4 tasan ratkaisee puheenjohtajan mielipide, vaaleissa arpa.<\/span><\/p>\n<p><span style=\"color: #000000\">Hallitus voi keskuudestaan valita ty\u00f6valiokunnan hoitamaan sille osoitettuja teht\u00e4vi\u00e4.<\/span><\/p>\n<p><span style=\"color: #000000;font-family: Times New Roman\">\u00a05. <\/span><span style=\"text-decoration: underline\"><span style=\"color: #000000\">Yhdistyksen nimen kirjoittaminen<\/span><\/span><\/p>\n<p><span style=\"color: #000000\">Yhdistyksen nimen kirjoittavat puheenjohtaja yksin, sek\u00e4 varapuheenjohtaja, sihteeri tai rahastonhoitaja kaksi yhdess\u00e4.<\/span><\/p>\n<p><span style=\"color: #000000\">Hallitus voi antaa nimenkirjoitusoikeuden yhdistyksen toimihenkil\u00f6lle yksin.<\/span><\/p>\n<p><span style=\"color: #000000;font-family: Times New Roman\">\u00a06. <\/span><span style=\"text-decoration: underline\"><span style=\"color: #000000\">Tilikausi ja tilintarkastus<\/span><\/span><\/p>\n<p><span style=\"color: #000000\">\u00a0<\/span><span style=\"color: #000000\">Yhdistyksen tilikausi on kalenterivuosi.<\/span><\/p>\n<p><span style=\"color: #000000\">Tilinp\u00e4\u00e4t\u00f6s tarvittavine asiakirjoineen ja hallituksen vuosikertomus on annettava tilintarkastajille viimeist\u00e4\u00e4n kolme viikkoa ennen kev\u00e4tkokousta. Tilintarkastajien tulee antaa kirjallinen lausuntonsa hallitukselle viimeist\u00e4\u00e4n kaksi viikkoa ennen kev\u00e4tkokousta.<\/span><\/p>\n<p><span style=\"text-decoration: underline\"><span style=\"color: #000000;font-family: Times New Roman\">7. <\/span><\/span><span style=\"text-decoration: underline\"><span style=\"color: #000000\">Yhdistyksen kokoukset<\/span><\/span><\/p>\n<p><span style=\"color: #000000\">Yhdistys pit\u00e4\u00e4 vuosittain kaksi varsinaista kokousta.<\/span><\/p>\n<p><span style=\"color: #000000\">Yhdistyksen kev\u00e4tkokous pidet\u00e4\u00e4n helmi-huhtikuun aikana ja syyskokous syys-marraskuussa hallituksen m\u00e4\u00e4r\u00e4\u00e4m\u00e4n\u00e4 p\u00e4iv\u00e4n\u00e4.<\/span><\/p>\n<p><span style=\"color: #000000\">Ylim\u00e4\u00e4r\u00e4inen kokous pidet\u00e4\u00e4n, kun yhdistyksen kokous niin p\u00e4\u00e4tt\u00e4\u00e4 tai hallitus katsoo siihen olevan aihetta tai kun v\u00e4hint\u00e4\u00e4n yksi kymmenesosa (1\/10) yhdistyksen \u00e4\u00e4nioikeutetuista j\u00e4senist\u00e4 sit\u00e4 hallitukselta erityisesti ilmoitettua asiaa varten kirjallisesti vaatii.<\/span><\/p>\n<p><span style=\"color: #000000\">Yhdistyksen kokouksessa on jokaisella varsinaisella j\u00e4senell\u00e4 \u00e4\u00e4nioikeus ja jokaisella \u00e4\u00e4nioikeutetulla yksi (1) \u00e4\u00e4ni. Kannattajaj\u00e4senill\u00e4 ei ole \u00e4\u00e4nioikeutta.<\/span><\/p>\n<p><span style=\"color: #000000\">Yhdistyksen p\u00e4\u00e4t\u00f6kseksi tulee, ellei s\u00e4\u00e4nn\u00f6iss\u00e4 ole toisin m\u00e4\u00e4r\u00e4tty, se mielipide, jota on kannattanut yli puolet annetuista \u00e4\u00e4nist\u00e4. \u00c4\u00e4nten menness\u00e4 tasan, ratkaistaan vaalit arvalla, muissa asioissa p\u00e4\u00e4t\u00f6kseksi tulee puheenjohtajan kannattama mielipide.<\/span><\/p>\n<p><span style=\"text-decoration: underline\"><span style=\"color: #000000;font-family: Times New Roman\">8. <\/span><\/span><span style=\"text-decoration: underline\"><span style=\"color: #000000\">Yhdistyksen kokousten koollekutsuminen<\/span><\/span><\/p>\n<p><span style=\"color: #000000\">Hallituksen on kutsuttava yhdistyksen kokoukset koolle v\u00e4hint\u00e4\u00e4n nelj\u00e4toista (14) vuorokautta ennen kokousta syyskokouksen p\u00e4\u00e4tt\u00e4m\u00e4ll\u00e4 tavalla.<\/span><\/p>\n<p><span style=\"color: #000000;font-family: Times New Roman\">9. <\/span><span style=\"text-decoration: underline\"><span style=\"color: #000000\">Varsinaiset kokoukset<\/span><\/span><\/p>\n<p><span style=\"color: #000000\">\u00a0<\/span><span style=\"color: #000000\">Yhdistyksen kev\u00e4tkokouksessa k\u00e4sitell\u00e4\u00e4n seuraavat asiat:<\/span><\/p>\n<ol start=\"1\">\n<li><span style=\"color: #000000\">kokouksen avaus<\/span><\/li>\n<li><span style=\"color: #000000\">valitaan kokouksen puheenjohtaja, sihteeri, kaksi p\u00f6yt\u00e4kirjantarkastajaa ja tarvittaessa kaksi \u00e4\u00e4ntenlaskijaa<\/span><\/li>\n<li><span style=\"color: #000000\">todetaan kokouksen laillisuus ja p\u00e4\u00e4t\u00f6svaltaisuus<\/span><\/li>\n<li><span style=\"color: #000000\">hyv\u00e4ksyt\u00e4\u00e4n kokouksen ty\u00f6j\u00e4rjestys<\/span><\/li>\n<li><span style=\"color: #000000\">esitet\u00e4\u00e4n tilinp\u00e4\u00e4t\u00f6s, vuosikertomus ja tilintarkastajien lausunto<\/span><\/li>\n<li><span style=\"color: #000000\">p\u00e4\u00e4tet\u00e4\u00e4n tilinp\u00e4\u00e4t\u00f6ksen vahvistamisesta ja vastuuvapauden my\u00f6nt\u00e4misest\u00e4 hallitukselle ja muille vastuuvelvollisille<\/span><\/li>\n<li><span style=\"color: #000000\">k\u00e4sitell\u00e4\u00e4n muut kokouskutsussa mainitut asiat<\/span><\/li>\n<\/ol>\n<p><span style=\"color: #000000\">\u00a0<\/span><span style=\"color: #000000\">Yhdistyksen syyskokouksessa k\u00e4sitell\u00e4\u00e4n seuraavat asiat:<\/span><\/p>\n<ol start=\"1\">\n<li><span style=\"color: #000000\">kokouksen avaus<\/span><\/li>\n<li><span style=\"color: #000000\">valitaan kokouksen puheenjohtaja, sihteeri, kaksi p\u00f6yt\u00e4kirjantarkastajaa ja tarvittaessa kaksi \u00e4\u00e4ntenlaskijaa<\/span><\/li>\n<li><span style=\"color: #000000\">todetaan kokouksen laillisuus ja p\u00e4\u00e4t\u00f6svaltaisuus<\/span><\/li>\n<li><span style=\"color: #000000\">hyv\u00e4ksyt\u00e4\u00e4n kokouksen ty\u00f6j\u00e4rjestys<\/span><\/li>\n<li><span style=\"color: #000000\">vahvistetaan toimintasuunnitelma, tulo- ja menoarvio, liittymis- ja j\u00e4senmaksujen suuruudet seuraavalle tilivuodelle<\/span><\/li>\n<li><span style=\"color: #000000\">p\u00e4\u00e4tet\u00e4\u00e4n hallituksen j\u00e4senm\u00e4\u00e4r\u00e4<\/span><\/li>\n<li><span style=\"color: #000000\">valitaan hallituksen puheenjohtaja ja muut j\u00e4senet<\/span><\/li>\n<li><span style=\"color: #000000\">valitaan kaksi tilintarkastajaa ja heille kaksi varahenkil\u00f6\u00e4<\/span><\/li>\n<li><span style=\"color: #000000\">p\u00e4\u00e4tet\u00e4\u00e4n yhdistyksen koollekutsumistavasta seuraavana tilivuonna<\/span><\/li>\n<li><span style=\"color: #000000\">k\u00e4sitell\u00e4\u00e4n muut kokouskutsussa mainitut asiat<\/span><\/li>\n<\/ol>\n<p><span style=\"color: #000000\">Mik\u00e4li yhdistyksen j\u00e4sen haluaa saada jonkin asian yhdistyksen kev\u00e4t- tai syyskokouksen k\u00e4sitelt\u00e4v\u00e4ksi, on h\u00e4nen siit\u00e4 kirjallisesti ilmoitettava v\u00e4hint\u00e4\u00e4n kuukausi ennen kokousta, jotta asia voidaan sis\u00e4llytt\u00e4\u00e4 kokouskutsuun.<\/span><\/p>\n<p><span style=\"text-decoration: underline\"><span style=\"color: #000000;font-family: Times New Roman\">10. <\/span><\/span><span style=\"text-decoration: underline\"><span style=\"color: #000000\">S\u00e4\u00e4nt\u00f6jen muuttaminen ja yhdistyksen purkaminen<\/span><\/span><\/p>\n<p><span style=\"color: #000000\">Ehdotus s\u00e4\u00e4nt\u00f6jen muuttamisesta, yhdistyksen purkamisesta ja yhdistyksen kiinte\u00e4n omaisuuden ostamisesta, myymisest\u00e4 tai kiinnitt\u00e4misest\u00e4 on k\u00e4sitelt\u00e4v\u00e4 kahdessa per\u00e4kk\u00e4isess\u00e4 yhdistyksen kokouksessa, joiden v\u00e4li\u00e4 on v\u00e4hint\u00e4\u00e4n kolmekymment\u00e4 (30) p\u00e4iv\u00e4\u00e4 ja ehdotuksen on hyv\u00e4ksytyksi tullakseen saatava kummassakin kokouksessa v\u00e4hint\u00e4\u00e4n kolme nelj\u00e4sosaa (3\/4) annetuista \u00e4\u00e4nist\u00e4. Kokouskutsussa on mainittava s\u00e4\u00e4nt\u00f6jen muuttamisesta, yhdistyksen purkamisesta tai yhdistyksen kiinte\u00e4n omaisuuden ostamisesta, myymisest\u00e4 tai kiinnitt\u00e4misest\u00e4.<\/span><\/p>\n<p><span style=\"color: #000000\">Yhdistyksen purkautuessa k\u00e4ytet\u00e4\u00e4n yhdistyksen varat ja omaisuus yhdistyksen tarkoituksen edist\u00e4miseen purkautumisesta p\u00e4\u00e4tt\u00e4v\u00e4n j\u00e4lkimm\u00e4isen kokouksen m\u00e4\u00e4r\u00e4\u00e4m\u00e4ll\u00e4 tavalla. Yhdistyksen tullessa lakkautetuksi k\u00e4ytet\u00e4\u00e4n yhdistyksen varat ja omaisuus samaan tarkoitukseen.<\/span><\/p>\n<p><span style=\"color: #000000;font-family: Times New Roman\">\u00a0<\/span><\/p>\n","protected":false},"excerpt":{"rendered":"<p>S\u00c4RKISALMEN KYL\u00c4YHDISTYS RY:N S\u00c4\u00c4NN\u00d6T \u00a01. Nimi ja kotipaikka Yhdistyksen nimi on S\u00e4rkisalmen kyl\u00e4yhdistys ja kotipaikka Parikkalan kunta. Yhdistyksen toimialue on Parikkalan kunta. \u00a02. Tarkoitus ja toiminta \u00a0Yhdistyksen tarkoituksena on ty\u00f6skennell\u00e4 kyl\u00e4n henkisten ja aineellisten olojen kehitt\u00e4miseksi sek\u00e4 viihtyisyyden lis\u00e4\u00e4miseksi paikallisen &hellip; <a href=\"https:\/\/kylat.meitadev.fi\/sarkisalmi\/yhdistystoimintaa\/sarkisalmen-kylayhdistys-ry\/saannot\/\">Lue loppuun <span class=\"meta-nav\">&rarr;<\/span><\/a><\/p>\n","protected":false},"author":9,"featured_media":0,"parent":109,"menu_order":0,"comment_status":"closed","ping_status":"open","template":"","meta":{"footnotes":""},"_links":{"self":[{"href":"https:\/\/kylat.meitadev.fi\/sarkisalmi\/wp-json\/wp\/v2\/pages\/136"}],"collection":[{"href":"https:\/\/kylat.meitadev.fi\/sarkisalmi\/wp-json\/wp\/v2\/pages"}],"about":[{"href":"https:\/\/kylat.meitadev.fi\/sarkisalmi\/wp-json\/wp\/v2\/types\/page"}],"author":[{"embeddable":true,"href":"https:\/\/kylat.meitadev.fi\/sarkisalmi\/wp-json\/wp\/v2\/users\/9"}],"replies":[{"embeddable":true,"href":"https:\/\/kylat.meitadev.fi\/sarkisalmi\/wp-json\/wp\/v2\/comments?post=136"}],"version-history":[{"count":4,"href":"https:\/\/kylat.meitadev.fi\/sarkisalmi\/wp-json\/wp\/v2\/pages\/136\/revisions"}],"predecessor-version":[{"id":359,"href":"https:\/\/kylat.meitadev.fi\/sarkisalmi\/wp-json\/wp\/v2\/pages\/136\/revisions\/359"}],"up":[{"embeddable":true,"href":"https:\/\/kylat.meitadev.fi\/sarkisalmi\/wp-json\/wp\/v2\/pages\/109"}],"wp:attachment":[{"href":"https:\/\/kylat.meitadev.fi\/sarkisalmi\/wp-json\/wp\/v2\/media?parent=136"}],"curies":[{"name":"wp","href":"https:\/\/api.w.org\/{rel}","templated":true}]}}