{"id":140,"date":"2011-04-10T08:00:52","date_gmt":"2011-04-10T08:00:52","guid":{"rendered":"https:\/\/kylat.meitadev.fi\/sarkisalmi\/?page_id=140"},"modified":"2016-11-09T07:44:24","modified_gmt":"2016-11-09T06:14:24","slug":"hallitus","status":"publish","type":"page","link":"https:\/\/kylat.meitadev.fi\/sarkisalmi\/yhdistystoimintaa\/sarkisalmen-kylayhdistys-ry\/hallitus\/","title":{"rendered":"Hallitus"},"content":{"rendered":"<p>S\u00e4rkisalmen kyl\u00e4yhdistys ry:n hallitus v. 2017:<\/p>\n<p>pj. Eija Sutinen, varapj. Anne L\u00f6pp\u00f6nen, siht.\u00a0Hanna Kosonen,<br \/>\nTuula Kosonen, Kari Niemi, Sami Sinkkonen ja Riitta Bagge.<\/p>\n<p>&nbsp;<\/p>\n","protected":false},"excerpt":{"rendered":"<p>S\u00e4rkisalmen kyl\u00e4yhdistys ry:n hallitus v. 2017: pj. Eija Sutinen, varapj. Anne L\u00f6pp\u00f6nen, siht.\u00a0Hanna Kosonen, Tuula Kosonen, Kari Niemi, Sami Sinkkonen ja Riitta Bagge. &nbsp;<\/p>\n","protected":false},"author":9,"featured_media":0,"parent":109,"menu_order":0,"comment_status":"closed","ping_status":"open","template":"","meta":{"footnotes":""},"_links":{"self":[{"href":"https:\/\/kylat.meitadev.fi\/sarkisalmi\/wp-json\/wp\/v2\/pages\/140"}],"collection":[{"href":"https:\/\/kylat.meitadev.fi\/sarkisalmi\/wp-json\/wp\/v2\/pages"}],"about":[{"href":"https:\/\/kylat.meitadev.fi\/sarkisalmi\/wp-json\/wp\/v2\/types\/page"}],"author":[{"embeddable":true,"href":"https:\/\/kylat.meitadev.fi\/sarkisalmi\/wp-json\/wp\/v2\/users\/9"}],"replies":[{"embeddable":true,"href":"https:\/\/kylat.meitadev.fi\/sarkisalmi\/wp-json\/wp\/v2\/comments?post=140"}],"version-history":[{"count":8,"href":"https:\/\/kylat.meitadev.fi\/sarkisalmi\/wp-json\/wp\/v2\/pages\/140\/revisions"}],"predecessor-version":[{"id":394,"href":"https:\/\/kylat.meitadev.fi\/sarkisalmi\/wp-json\/wp\/v2\/pages\/140\/revisions\/394"}],"up":[{"embeddable":true,"href":"https:\/\/kylat.meitadev.fi\/sarkisalmi\/wp-json\/wp\/v2\/pages\/109"}],"wp:attachment":[{"href":"https:\/\/kylat.meitadev.fi\/sarkisalmi\/wp-json\/wp\/v2\/media?parent=140"}],"curies":[{"name":"wp","href":"https:\/\/api.w.org\/{rel}","templated":true}]}}