{"id":1037,"date":"2016-02-06T14:42:35","date_gmt":"2016-02-06T14:12:35","guid":{"rendered":"https:\/\/kylat.meitadev.fi\/simola\/?page_id=1037"},"modified":"2016-02-06T14:42:35","modified_gmt":"2016-02-06T14:12:35","slug":"asuminen-kylalla","status":"publish","type":"page","link":"https:\/\/kylat.meitadev.fi\/simola\/asuminen-kylalla\/","title":{"rendered":"Asuminen kyl\u00e4ll\u00e4"},"content":{"rendered":"<p>T\u00e4m\u00e4n sivun alta l\u00f6ytyv\u00e4t palvelut, harrastusmahdollisuudet yms t\u00e4rke\u00e4\u00e4.<\/p>\n","protected":false},"excerpt":{"rendered":"<p>T\u00e4m\u00e4n sivun alta l\u00f6ytyv\u00e4t palvelut, harrastusmahdollisuudet yms t\u00e4rke\u00e4\u00e4.<\/p>\n","protected":false},"author":120,"featured_media":0,"parent":0,"menu_order":0,"comment_status":"closed","ping_status":"closed","template":"","meta":{"footnotes":""},"_links":{"self":[{"href":"https:\/\/kylat.meitadev.fi\/simola\/wp-json\/wp\/v2\/pages\/1037"}],"collection":[{"href":"https:\/\/kylat.meitadev.fi\/simola\/wp-json\/wp\/v2\/pages"}],"about":[{"href":"https:\/\/kylat.meitadev.fi\/simola\/wp-json\/wp\/v2\/types\/page"}],"author":[{"embeddable":true,"href":"https:\/\/kylat.meitadev.fi\/simola\/wp-json\/wp\/v2\/users\/120"}],"replies":[{"embeddable":true,"href":"https:\/\/kylat.meitadev.fi\/simola\/wp-json\/wp\/v2\/comments?post=1037"}],"version-history":[{"count":1,"href":"https:\/\/kylat.meitadev.fi\/simola\/wp-json\/wp\/v2\/pages\/1037\/revisions"}],"predecessor-version":[{"id":1038,"href":"https:\/\/kylat.meitadev.fi\/simola\/wp-json\/wp\/v2\/pages\/1037\/revisions\/1038"}],"wp:attachment":[{"href":"https:\/\/kylat.meitadev.fi\/simola\/wp-json\/wp\/v2\/media?parent=1037"}],"curies":[{"name":"wp","href":"https:\/\/api.w.org\/{rel}","templated":true}]}}